{"id":7947,"date":"2026-03-03T08:00:20","date_gmt":"2026-03-03T14:00:20","guid":{"rendered":"https:\/\/lenceria69.com\/sv\/?post_type=product&#038;p=7947"},"modified":"2026-03-05T09:38:52","modified_gmt":"2026-03-05T15:38:52","slug":"pd3921-23","status":"publish","type":"product","link":"https:\/\/lenceria69.com\/sv\/producto\/pd3921-23\/","title":{"rendered":"Fetish Fantasy Douche \u2013 Enema Limpiador"},"content":{"rendered":"<p>\u00a1Limpiarse nunca ha sido tan sucio y divertido con el sistema Curved Douche\/Enema!<\/p>\n<p>Dise\u00f1ado para ser placentero y pr\u00e1ctico, este bulbo limpiador a base de silicona es c\u00f3modo, f\u00e1cil de usar y perfecto para principiantes. El bulbo de compresi\u00f3n es suave y flexible, lo que facilita enroscar el aplicador en su parte superior.<\/p>\n<p>Como usar el Enema:<br \/>\nEl aplicador curvo est\u00e1 dise\u00f1ado para estimular esos puntos dif\u00edciles de alcanzar, lo que permite una estimulaci\u00f3n incre\u00edble y una diversi\u00f3n limpia para el juego vaginal o anal. Simplemente llene la bombilla con l\u00edquido, luego apriete la bombilla para liberarla.<\/p>\n<p>Perfecto para \u00e9l y para ella.<\/p>\n<p>Caracteristicas:<br \/>\n\u2013 Ducha anal<br \/>\n\u2013 Capacidad 300ml<br \/>\n\u2013 Aplicador 12cm en direcci\u00f3n 360\u00b0<br \/>\n\u2013 Material de silic\u00f3n<\/p>\n","protected":false},"excerpt":{"rendered":"<p>\u00a1Limpiarse nunca ha sido tan sucio y divertido con el sistema Curved Douche\/Enema! Dise\u00f1ado para ser placentero y pr\u00e1ctico, este bulbo limpiador a base de silicona es c\u00f3modo, f\u00e1cil de usar y perfecto para principiantes. El bulbo de compresi\u00f3n es suave y flexible, lo que facilita enroscar el aplicador en su parte superior. Como usar&#8230;<\/p>\n","protected":false},"featured_media":7948,"comment_status":"open","ping_status":"closed","template":"","meta":{"_kad_post_transparent":"default","_kad_post_title":"","_kad_post_layout":"default","_kad_post_sidebar_id":"","_kad_post_content_style":"default","_kad_post_vertical_padding":"default","_kad_post_feature":"","_kad_post_feature_position":"","_kad_post_header":false,"_kad_post_footer":false,"_joinchat":[]},"product_brand":[],"product_cat":[177,24],"product_tag":[],"class_list":{"0":"post-7947","1":"product","2":"type-product","3":"status-publish","4":"has-post-thumbnail","6":"product_cat-juguetes_bondage","7":"product_cat-juguetes-sexuales","9":"first","10":"instock","11":"shipping-taxable","12":"purchasable","13":"product-type-simple","14":"entry","15":"content-bg","16":"loop-entry"},"_links":{"self":[{"href":"https:\/\/lenceria69.com\/sv\/wp-json\/wp\/v2\/product\/7947","targetHints":{"allow":["GET"]}}],"collection":[{"href":"https:\/\/lenceria69.com\/sv\/wp-json\/wp\/v2\/product"}],"about":[{"href":"https:\/\/lenceria69.com\/sv\/wp-json\/wp\/v2\/types\/product"}],"replies":[{"embeddable":true,"href":"https:\/\/lenceria69.com\/sv\/wp-json\/wp\/v2\/comments?post=7947"}],"version-history":[{"count":1,"href":"https:\/\/lenceria69.com\/sv\/wp-json\/wp\/v2\/product\/7947\/revisions"}],"predecessor-version":[{"id":7951,"href":"https:\/\/lenceria69.com\/sv\/wp-json\/wp\/v2\/product\/7947\/revisions\/7951"}],"wp:featuredmedia":[{"embeddable":true,"href":"https:\/\/lenceria69.com\/sv\/wp-json\/wp\/v2\/media\/7948"}],"wp:attachment":[{"href":"https:\/\/lenceria69.com\/sv\/wp-json\/wp\/v2\/media?parent=7947"}],"wp:term":[{"taxonomy":"product_brand","embeddable":true,"href":"https:\/\/lenceria69.com\/sv\/wp-json\/wp\/v2\/product_brand?post=7947"},{"taxonomy":"product_cat","embeddable":true,"href":"https:\/\/lenceria69.com\/sv\/wp-json\/wp\/v2\/product_cat?post=7947"},{"taxonomy":"product_tag","embeddable":true,"href":"https:\/\/lenceria69.com\/sv\/wp-json\/wp\/v2\/product_tag?post=7947"}],"curies":[{"name":"wp","href":"https:\/\/api.w.org\/{rel}","templated":true}]}}