{"id":7875,"date":"2026-03-18T08:00:21","date_gmt":"2026-03-18T14:00:21","guid":{"rendered":"https:\/\/lenceria69.com\/sv\/?post_type=product&#038;p=7875"},"modified":"2026-04-29T09:45:10","modified_gmt":"2026-04-29T15:45:10","slug":"hol1400-21","status":"publish","type":"product","link":"https:\/\/lenceria69.com\/sv\/producto\/hol1400-21\/","title":{"rendered":"Suplemento Sexual para Hombres: MaxSize Cream (5ml)"},"content":{"rendered":"<p>Max Size Cream es un producto de mejora masculina natural que dilatar\u00e1 significativamente los vasos sangu\u00edneos y capilares. En los ensayos cl\u00ednicos, los usuarios informan un aumento de la resistencia sexual y la mejora masculina sin efectos secundarios. Los usuarios transmiten una sensaci\u00f3n distinta de placer y mejora en los momentos de aplicaci\u00f3n.<\/p>\n<p>Max Size Cream est\u00e1 formulada en un gel transd\u00e9rmico lubricante Vazogen, no es aceitoso ni graso y puede ser disfrutado durante las relaciones sexuales por ambos socios, hombre y mujer. Max Size Cream puede ser utilizada por personas que tienen condiciones m\u00e9dicas que les impiden usar ingeribles. Max Size Cream proporciona una mejora masculina \u00f3ptima cuando se usa regularmente con el tiempo y especialmente cuando se usa junto con la f\u00f3rmula oral digestible de Max Size.<\/p>\n","protected":false},"excerpt":{"rendered":"<p>Max Size Cream es un producto de mejora masculina natural que dilatar\u00e1 significativamente los vasos sangu\u00edneos y capilares. En los ensayos cl\u00ednicos, los usuarios informan un aumento de la resistencia sexual y la mejora masculina sin efectos secundarios. Los usuarios transmiten una sensaci\u00f3n distinta de placer y mejora en los momentos de aplicaci\u00f3n. Max Size&#8230;<\/p>\n","protected":false},"featured_media":7876,"comment_status":"open","ping_status":"closed","template":"","meta":{"_kad_post_transparent":"default","_kad_post_title":"","_kad_post_layout":"default","_kad_post_sidebar_id":"","_kad_post_content_style":"default","_kad_post_vertical_padding":"default","_kad_post_feature":"","_kad_post_feature_position":"","_kad_post_header":false,"_kad_post_footer":false,"_joinchat":[]},"product_brand":[],"product_cat":[22],"product_tag":[],"class_list":{"0":"post-7875","1":"product","2":"type-product","3":"status-publish","4":"has-post-thumbnail","6":"product_cat-suplementos","8":"first","9":"instock","10":"shipping-taxable","11":"purchasable","12":"product-type-simple","13":"entry","14":"content-bg","15":"loop-entry"},"_links":{"self":[{"href":"https:\/\/lenceria69.com\/sv\/wp-json\/wp\/v2\/product\/7875","targetHints":{"allow":["GET"]}}],"collection":[{"href":"https:\/\/lenceria69.com\/sv\/wp-json\/wp\/v2\/product"}],"about":[{"href":"https:\/\/lenceria69.com\/sv\/wp-json\/wp\/v2\/types\/product"}],"replies":[{"embeddable":true,"href":"https:\/\/lenceria69.com\/sv\/wp-json\/wp\/v2\/comments?post=7875"}],"version-history":[{"count":2,"href":"https:\/\/lenceria69.com\/sv\/wp-json\/wp\/v2\/product\/7875\/revisions"}],"predecessor-version":[{"id":11246,"href":"https:\/\/lenceria69.com\/sv\/wp-json\/wp\/v2\/product\/7875\/revisions\/11246"}],"wp:featuredmedia":[{"embeddable":true,"href":"https:\/\/lenceria69.com\/sv\/wp-json\/wp\/v2\/media\/7876"}],"wp:attachment":[{"href":"https:\/\/lenceria69.com\/sv\/wp-json\/wp\/v2\/media?parent=7875"}],"wp:term":[{"taxonomy":"product_brand","embeddable":true,"href":"https:\/\/lenceria69.com\/sv\/wp-json\/wp\/v2\/product_brand?post=7875"},{"taxonomy":"product_cat","embeddable":true,"href":"https:\/\/lenceria69.com\/sv\/wp-json\/wp\/v2\/product_cat?post=7875"},{"taxonomy":"product_tag","embeddable":true,"href":"https:\/\/lenceria69.com\/sv\/wp-json\/wp\/v2\/product_tag?post=7875"}],"curies":[{"name":"wp","href":"https:\/\/api.w.org\/{rel}","templated":true}]}}