{"id":7646,"date":"2026-03-18T08:00:16","date_gmt":"2026-03-18T14:00:16","guid":{"rendered":"https:\/\/lenceria69.com\/sv\/?post_type=product&#038;p=7646"},"modified":"2026-05-08T09:04:43","modified_gmt":"2026-05-08T15:04:43","slug":"lh5260","status":"publish","type":"product","link":"https:\/\/lenceria69.com\/sv\/producto\/lh5260\/","title":{"rendered":"S-Hande Boom \u2013 Dildo Vibrador de Silicona"},"content":{"rendered":"<p>Consi\u00e9ntete y disfruta de nuevas experiencias de placer con este vibrador de doble estimulaci\u00f3n, gracias a sus 9 modos de vibraci\u00f3n podr\u00e1s graduar su ritmo como desees, este juguete est\u00e1 dise\u00f1ado para satisfacer todos tus deseos.<\/p>\n<p>Caracter\u00edsticas:<\/p>\n<p>\u2013 Largo tota: 21,2 cm<br \/>\n\u2013 i\u00e1metro: 3,7 cm<br \/>\n\u2013 Peso: 143 gr<br \/>\n\u2013 9 Modos de vibraci\u00f3n<br \/>\n\u2013 Color: Rosa<br \/>\n\u2013 Modo de carga: USB<br \/>\n\u2013 100% sumergible al agua<\/p>\n","protected":false},"excerpt":{"rendered":"<p>Consi\u00e9ntete y disfruta de nuevas experiencias de placer con este vibrador de doble estimulaci\u00f3n, gracias a sus 9 modos de vibraci\u00f3n podr\u00e1s graduar su ritmo como desees, este juguete est\u00e1 dise\u00f1ado para satisfacer todos tus deseos. Caracter\u00edsticas: \u2013 Largo tota: 21,2 cm \u2013 i\u00e1metro: 3,7 cm \u2013 Peso: 143 gr \u2013 9 Modos de vibraci\u00f3n&#8230;<\/p>\n","protected":false},"featured_media":7647,"comment_status":"open","ping_status":"closed","template":"","meta":{"_kad_post_transparent":"default","_kad_post_title":"","_kad_post_layout":"default","_kad_post_sidebar_id":"","_kad_post_content_style":"default","_kad_post_vertical_padding":"default","_kad_post_feature":"","_kad_post_feature_position":"","_kad_post_header":false,"_kad_post_footer":false,"_joinchat":[]},"product_brand":[],"product_cat":[182,24,180],"product_tag":[],"class_list":{"0":"post-7646","1":"product","2":"type-product","3":"status-publish","4":"has-post-thumbnail","6":"product_cat-dildos","7":"product_cat-juguetes-sexuales","8":"product_cat-recargable","10":"first","11":"instock","12":"shipping-taxable","13":"purchasable","14":"product-type-variable","15":"entry","16":"content-bg","17":"loop-entry"},"_links":{"self":[{"href":"https:\/\/lenceria69.com\/sv\/wp-json\/wp\/v2\/product\/7646","targetHints":{"allow":["GET"]}}],"collection":[{"href":"https:\/\/lenceria69.com\/sv\/wp-json\/wp\/v2\/product"}],"about":[{"href":"https:\/\/lenceria69.com\/sv\/wp-json\/wp\/v2\/types\/product"}],"replies":[{"embeddable":true,"href":"https:\/\/lenceria69.com\/sv\/wp-json\/wp\/v2\/comments?post=7646"}],"version-history":[{"count":1,"href":"https:\/\/lenceria69.com\/sv\/wp-json\/wp\/v2\/product\/7646\/revisions"}],"predecessor-version":[{"id":7660,"href":"https:\/\/lenceria69.com\/sv\/wp-json\/wp\/v2\/product\/7646\/revisions\/7660"}],"wp:featuredmedia":[{"embeddable":true,"href":"https:\/\/lenceria69.com\/sv\/wp-json\/wp\/v2\/media\/7647"}],"wp:attachment":[{"href":"https:\/\/lenceria69.com\/sv\/wp-json\/wp\/v2\/media?parent=7646"}],"wp:term":[{"taxonomy":"product_brand","embeddable":true,"href":"https:\/\/lenceria69.com\/sv\/wp-json\/wp\/v2\/product_brand?post=7646"},{"taxonomy":"product_cat","embeddable":true,"href":"https:\/\/lenceria69.com\/sv\/wp-json\/wp\/v2\/product_cat?post=7646"},{"taxonomy":"product_tag","embeddable":true,"href":"https:\/\/lenceria69.com\/sv\/wp-json\/wp\/v2\/product_tag?post=7646"}],"curies":[{"name":"wp","href":"https:\/\/api.w.org\/{rel}","templated":true}]}}