{"id":7118,"date":"2026-03-18T08:00:27","date_gmt":"2026-03-18T14:00:27","guid":{"rendered":"https:\/\/lenceria69.com\/sv\/?post_type=product&#038;p=7118"},"modified":"2026-04-06T18:28:07","modified_gmt":"2026-04-07T00:28:07","slug":"pd5511-21","status":"publish","type":"product","link":"https:\/\/lenceria69.com\/sv\/producto\/pd5511-21\/","title":{"rendered":"King Cock 12\u2033 \u2013 Dildo con Bolas"},"content":{"rendered":"<p>\u00bfQuieres que tu primer consolador se vea y se sienta como el semental duro como una roca con el que siempre has fantaseado? \u00a1Deja de so\u00f1ar y b\u00e1jate con el Rey! Cada vena, cada eje y cada cabeza est\u00e1n cuidadosamente hechos a mano con exquisitos detalles para brindarle la experiencia m\u00e1s realista jam\u00e1s imaginada. La potente base de ventosa se adhiere a casi cualquier superficie plana y hace que todos los arneses de consolador sean compatibles.<\/p>\n<p>Dimensiones:<br \/>\n\u2013 Largo: 12 \u00ab(30,48 cm)<br \/>\n\u2013 Ancho: 3\u00bb (7,6 cm)<\/p>\n","protected":false},"excerpt":{"rendered":"<p>\u00bfQuieres que tu primer consolador se vea y se sienta como el semental duro como una roca con el que siempre has fantaseado? \u00a1Deja de so\u00f1ar y b\u00e1jate con el Rey! Cada vena, cada eje y cada cabeza est\u00e1n cuidadosamente hechos a mano con exquisitos detalles para brindarle la experiencia m\u00e1s realista jam\u00e1s imaginada. La&#8230;<\/p>\n","protected":false},"featured_media":7326,"comment_status":"open","ping_status":"closed","template":"","meta":{"_kad_post_transparent":"default","_kad_post_title":"","_kad_post_layout":"narrow","_kad_post_sidebar_id":"","_kad_post_content_style":"default","_kad_post_vertical_padding":"default","_kad_post_feature":"","_kad_post_feature_position":"","_kad_post_header":false,"_kad_post_footer":false,"_joinchat":[]},"product_brand":[],"product_cat":[182,24],"product_tag":[],"class_list":{"0":"post-7118","1":"product","2":"type-product","3":"status-publish","4":"has-post-thumbnail","6":"product_cat-dildos","7":"product_cat-juguetes-sexuales","9":"first","10":"instock","11":"shipping-taxable","12":"purchasable","13":"product-type-variable","14":"has-default-attributes","15":"entry","16":"content-bg","17":"loop-entry"},"_links":{"self":[{"href":"https:\/\/lenceria69.com\/sv\/wp-json\/wp\/v2\/product\/7118","targetHints":{"allow":["GET"]}}],"collection":[{"href":"https:\/\/lenceria69.com\/sv\/wp-json\/wp\/v2\/product"}],"about":[{"href":"https:\/\/lenceria69.com\/sv\/wp-json\/wp\/v2\/types\/product"}],"replies":[{"embeddable":true,"href":"https:\/\/lenceria69.com\/sv\/wp-json\/wp\/v2\/comments?post=7118"}],"version-history":[{"count":3,"href":"https:\/\/lenceria69.com\/sv\/wp-json\/wp\/v2\/product\/7118\/revisions"}],"predecessor-version":[{"id":12904,"href":"https:\/\/lenceria69.com\/sv\/wp-json\/wp\/v2\/product\/7118\/revisions\/12904"}],"wp:featuredmedia":[{"embeddable":true,"href":"https:\/\/lenceria69.com\/sv\/wp-json\/wp\/v2\/media\/7326"}],"wp:attachment":[{"href":"https:\/\/lenceria69.com\/sv\/wp-json\/wp\/v2\/media?parent=7118"}],"wp:term":[{"taxonomy":"product_brand","embeddable":true,"href":"https:\/\/lenceria69.com\/sv\/wp-json\/wp\/v2\/product_brand?post=7118"},{"taxonomy":"product_cat","embeddable":true,"href":"https:\/\/lenceria69.com\/sv\/wp-json\/wp\/v2\/product_cat?post=7118"},{"taxonomy":"product_tag","embeddable":true,"href":"https:\/\/lenceria69.com\/sv\/wp-json\/wp\/v2\/product_tag?post=7118"}],"curies":[{"name":"wp","href":"https:\/\/api.w.org\/{rel}","templated":true}]}}