{"id":7110,"date":"2026-03-18T08:00:11","date_gmt":"2026-03-18T14:00:11","guid":{"rendered":"https:\/\/lenceria69.com\/sv\/?post_type=product&#038;p=7110"},"modified":"2026-03-23T16:40:25","modified_gmt":"2026-03-23T22:40:25","slug":"pd5509","status":"publish","type":"product","link":"https:\/\/lenceria69.com\/sv\/producto\/pd5509\/","title":{"rendered":"King Cock 10\u2033 \u2013 Dildo con Bolas"},"content":{"rendered":"<p>\u00bfQuieres que tu primer consolador se vea y se sienta como el semental duro como una roca con el que siempre has fantaseado? \u00a1Deja de so\u00f1ar y baja con el Rey!<br \/>\nCada vena, cada eje y cada cabeza est\u00e1 cuidadosamente elaborado a mano con exquisito detalle para brindarle la experiencia m\u00e1s realista jam\u00e1s imaginada. La potente base con ventosa se adhiere a casi cualquier superficie plana y hace que todos los arneses de consoladores sean compatibles.<\/p>\n<p>Caracter\u00edsticas:<br \/>\n\u2013 Materiales: PVC<br \/>\n\u2013 Caracter\u00edsticas especiales: sin ftalatos.<br \/>\n\u2013 Base de succi\u00f3n<br \/>\n\u2013 Superficie texturizada<\/p>\n<p>Dimensiones:<br \/>\n\u2013 Longitud: 10.5 in (26,67 cms)<br \/>\n\u2013 Longitud insertable: 7.75 in (19,68 cms)<br \/>\n\u2013 Circunferencia: 6.75\u2033 en el punto m\u00e1s grande (17,14 cms)<br \/>\n\u2013 Ancho: 2\u2033 en el punto m\u00e1s grande (5,08 cms)<\/p>\n","protected":false},"excerpt":{"rendered":"<p>PD5509-21<\/p>\n","protected":false},"featured_media":7111,"comment_status":"open","ping_status":"closed","template":"","meta":{"_kad_post_transparent":"default","_kad_post_title":"","_kad_post_layout":"narrow","_kad_post_sidebar_id":"","_kad_post_content_style":"default","_kad_post_vertical_padding":"default","_kad_post_feature":"","_kad_post_feature_position":"","_kad_post_header":false,"_kad_post_footer":false,"_joinchat":[]},"product_brand":[],"product_cat":[182,24],"product_tag":[],"class_list":{"0":"post-7110","1":"product","2":"type-product","3":"status-publish","4":"has-post-thumbnail","6":"product_cat-dildos","7":"product_cat-juguetes-sexuales","9":"first","10":"instock","11":"shipping-taxable","12":"purchasable","13":"product-type-variable","14":"entry","15":"content-bg","16":"loop-entry"},"_links":{"self":[{"href":"https:\/\/lenceria69.com\/sv\/wp-json\/wp\/v2\/product\/7110","targetHints":{"allow":["GET"]}}],"collection":[{"href":"https:\/\/lenceria69.com\/sv\/wp-json\/wp\/v2\/product"}],"about":[{"href":"https:\/\/lenceria69.com\/sv\/wp-json\/wp\/v2\/types\/product"}],"replies":[{"embeddable":true,"href":"https:\/\/lenceria69.com\/sv\/wp-json\/wp\/v2\/comments?post=7110"}],"version-history":[{"count":2,"href":"https:\/\/lenceria69.com\/sv\/wp-json\/wp\/v2\/product\/7110\/revisions"}],"predecessor-version":[{"id":8241,"href":"https:\/\/lenceria69.com\/sv\/wp-json\/wp\/v2\/product\/7110\/revisions\/8241"}],"wp:featuredmedia":[{"embeddable":true,"href":"https:\/\/lenceria69.com\/sv\/wp-json\/wp\/v2\/media\/7111"}],"wp:attachment":[{"href":"https:\/\/lenceria69.com\/sv\/wp-json\/wp\/v2\/media?parent=7110"}],"wp:term":[{"taxonomy":"product_brand","embeddable":true,"href":"https:\/\/lenceria69.com\/sv\/wp-json\/wp\/v2\/product_brand?post=7110"},{"taxonomy":"product_cat","embeddable":true,"href":"https:\/\/lenceria69.com\/sv\/wp-json\/wp\/v2\/product_cat?post=7110"},{"taxonomy":"product_tag","embeddable":true,"href":"https:\/\/lenceria69.com\/sv\/wp-json\/wp\/v2\/product_tag?post=7110"}],"curies":[{"name":"wp","href":"https:\/\/api.w.org\/{rel}","templated":true}]}}