{"id":7065,"date":"2026-03-03T08:00:30","date_gmt":"2026-03-03T14:00:30","guid":{"rendered":"https:\/\/lenceria69.com\/sv\/?post_type=product&#038;p=7065"},"modified":"2026-04-20T16:12:04","modified_gmt":"2026-04-20T22:12:04","slug":"pd5402-21","status":"publish","type":"product","link":"https:\/\/lenceria69.com\/sv\/producto\/pd5402-21\/","title":{"rendered":"King Cock 7\u2033 \u2013 Dildo Vibrador con Ventosa"},"content":{"rendered":"<p>\u00bfQuieres que tu primer vibrador se vea y se sienta como el semental duro como una roca con el que siempre has fantaseado? \u00a1Deja de so\u00f1ar y ve abajo con el Rey! Cada vena, cada eje y cada cabeza est\u00e1n hechos a mano con exquisitos detalles para brindarte la experiencia m\u00e1s realista jam\u00e1s imaginada.<\/p>\n<p>Con una columna vertebral posable, simplemente doble la polla a su forma favorita para golpear el lugar correcto cada vez. Ampl\u00ede el placer con un simple giro del dial de varias velocidades para obtener vibraciones ultra potentes que lo dejar\u00e1n boquiabierto.<\/p>\n<p>\u00a1Incluso puede llevar este ambiente impermeable a la ducha, ba\u00f1era de hidromasaje o spa y convertir la hora del ba\u00f1o en tiempo de juego! La base de ventosa s\u00faper fuerte se adhiere a casi cualquier superficie lisa y plana y ofrece compatibilidad con el arn\u00e9s para divertirse con el cintur\u00f3n. P\u00e9galo al piso, a la pared, a los azulejos o al poste de la cama y se mantendr\u00e1 seguro en su lugar.<\/p>\n<p>Utilice siempre la pesta\u00f1a de liberaci\u00f3n para quitar la ventosa despu\u00e9s de su uso. La ventosa se puede quitar del ambiente simplemente desenrosc\u00e1ndola de la base para facilitar el manejo durante el juego manual. Use abundante loci\u00f3n para el cuerpo h\u00famedo para una experiencia extra h\u00fameda y salvaje. La limpieza es muy f\u00e1cil despu\u00e9s de la diversi\u00f3n con agua tibia.<\/p>\n<p>Caracteristicas:<br \/>\n\u2013 Material PVD super suave, flexible y venoso<br \/>\n\u2013 Requiere 3 Baterias AAA<br \/>\n\u2013 Cuenta con multiples velocidades de vibracion<br \/>\n\u2013 Incluye ventosa para pegar en cualquier superficie plana<br \/>\n\u2013 Impermeable para utilizar en la ducha o tina<\/p>\n<p>Dimensiones:<br \/>\n\u2013 Longitud: 18 cms (7 in)<br \/>\n\u2013 Largo Insertable: 17 cms (6,6 in)<br \/>\n\u2013 Diametro: 4,6 cms (1,8 in)<\/p>\n","protected":false},"excerpt":{"rendered":"<p>PD5402-21<\/p>\n","protected":false},"featured_media":7347,"comment_status":"open","ping_status":"closed","template":"","meta":{"_kad_post_transparent":"default","_kad_post_title":"","_kad_post_layout":"narrow","_kad_post_sidebar_id":"","_kad_post_content_style":"default","_kad_post_vertical_padding":"default","_kad_post_feature":"","_kad_post_feature_position":"","_kad_post_header":false,"_kad_post_footer":false,"_joinchat":[]},"product_brand":[],"product_cat":[179,182,24],"product_tag":[],"class_list":{"0":"post-7065","1":"product","2":"type-product","3":"status-publish","4":"has-post-thumbnail","6":"product_cat-con_bateria","7":"product_cat-dildos","8":"product_cat-juguetes-sexuales","10":"first","11":"instock","12":"shipping-taxable","13":"purchasable","14":"product-type-simple","15":"entry","16":"content-bg","17":"loop-entry"},"_links":{"self":[{"href":"https:\/\/lenceria69.com\/sv\/wp-json\/wp\/v2\/product\/7065","targetHints":{"allow":["GET"]}}],"collection":[{"href":"https:\/\/lenceria69.com\/sv\/wp-json\/wp\/v2\/product"}],"about":[{"href":"https:\/\/lenceria69.com\/sv\/wp-json\/wp\/v2\/types\/product"}],"replies":[{"embeddable":true,"href":"https:\/\/lenceria69.com\/sv\/wp-json\/wp\/v2\/comments?post=7065"}],"version-history":[{"count":2,"href":"https:\/\/lenceria69.com\/sv\/wp-json\/wp\/v2\/product\/7065\/revisions"}],"predecessor-version":[{"id":8236,"href":"https:\/\/lenceria69.com\/sv\/wp-json\/wp\/v2\/product\/7065\/revisions\/8236"}],"wp:featuredmedia":[{"embeddable":true,"href":"https:\/\/lenceria69.com\/sv\/wp-json\/wp\/v2\/media\/7347"}],"wp:attachment":[{"href":"https:\/\/lenceria69.com\/sv\/wp-json\/wp\/v2\/media?parent=7065"}],"wp:term":[{"taxonomy":"product_brand","embeddable":true,"href":"https:\/\/lenceria69.com\/sv\/wp-json\/wp\/v2\/product_brand?post=7065"},{"taxonomy":"product_cat","embeddable":true,"href":"https:\/\/lenceria69.com\/sv\/wp-json\/wp\/v2\/product_cat?post=7065"},{"taxonomy":"product_tag","embeddable":true,"href":"https:\/\/lenceria69.com\/sv\/wp-json\/wp\/v2\/product_tag?post=7065"}],"curies":[{"name":"wp","href":"https:\/\/api.w.org\/{rel}","templated":true}]}}