{"id":7005,"date":"2026-03-03T08:00:56","date_gmt":"2026-03-03T14:00:56","guid":{"rendered":"https:\/\/lenceria69.com\/sv\/?post_type=product&#038;p=7005"},"modified":"2026-04-16T08:46:50","modified_gmt":"2026-04-16T14:46:50","slug":"pd4134-20","status":"publish","type":"product","link":"https:\/\/lenceria69.com\/sv\/producto\/pd4134-20\/","title":{"rendered":"Fantasy X-Tension Super Sleeve \u2013 Extensor Hueca de Silicona"},"content":{"rendered":"<p>Convierte tu pene en una m\u00e1quina de placer instant\u00e1neo con las incre\u00edbles tensiones Fantasy X. Ahora puede ser todo el hombre que puede ser y satisfacer a su pareja con este potenciador de erecci\u00f3n f\u00e1cil de usar. Desarrollado como una alternativa segura, asequible y no quir\u00fargica a los costosos procedimientos m\u00e9dicos y las p\u00edldoras, su Fantasy X-tension le brindar\u00e1 la barra de placer m\u00e1s grande, gruesa y satisfactoria que jam\u00e1s haya imaginado. Perfecto para hombres con disfunci\u00f3n er\u00e9ctil y problemas de rendimiento intermedios, \u00a1su nuevo potenciador brindar\u00e1 resultados que a ambos socios les encantar\u00e1! Vibrating Super Sleeve es una extensi\u00f3n con textura realista que le brinda la circunferencia, la longitud y la confianza para satisfacer a su amante. Es s\u00faper el\u00e1stico para adaptarse a la mayor\u00eda de los tama\u00f1os y lo suficientemente ce\u00f1ido para ayudarlo a durar m\u00e1s. La correa de bola mantiene la extensi\u00f3n en su lugar, prolonga la eyaculaci\u00f3n y cuenta con una potente micro vibraci\u00f3n para cl\u00edmax explosivos. \u00a1Tu pareja disfrutar\u00e1 de una penetraci\u00f3n m\u00e1s profunda con la extensi\u00f3n de 1 \u00aben la punta, mientras t\u00fa ves c\u00f3mo tu polla crece m\u00e1s grande y m\u00e1s gruesa que nunca a trav\u00e9s de la manga transparente! \u00a1Pru\u00e9balo en la ducha o en el spa y convierte la hora del ba\u00f1o en un momento de placer!<\/p>\n<p>Una talla le queda a la mayor\u00eda. Esto no es un cond\u00f3n.<\/p>\n<p>\u2013 1 \u00ab(25 mm) de extensi\u00f3n<br \/>\n\u2013 Forma y sensaci\u00f3n realistas<br \/>\n\u2013 Potente Micro Bala Impermeable<br \/>\n\u2013 La correa de bola prolonga la eyaculaci\u00f3n y mantiene la extensi\u00f3n en su lugar<br \/>\n\u2013 Incluye Bater\u00edas GRATIS<\/p>\n<p>Medidas del art\u00edculo:<br \/>\n\u2013 Longitud: 6.1 \u2018(15.4 cm)<br \/>\n\u2013 Ancho: 1.3 \u00ab(3.3 cm)<br \/>\n\u2013 Di\u00e1metro interior: 1.25\u00bb (3.1 cm)<\/p>\n","protected":false},"excerpt":{"rendered":"<p>Convierte tu pene en una m\u00e1quina de placer instant\u00e1neo con las incre\u00edbles tensiones Fantasy X. Ahora puede ser todo el hombre que puede ser y satisfacer a su pareja con este potenciador de erecci\u00f3n f\u00e1cil de usar. Desarrollado como una alternativa segura, asequible y no quir\u00fargica a los costosos procedimientos m\u00e9dicos y las p\u00edldoras, su&#8230;<\/p>\n","protected":false},"featured_media":7373,"comment_status":"open","ping_status":"closed","template":"","meta":{"_kad_post_transparent":"default","_kad_post_title":"","_kad_post_layout":"narrow","_kad_post_sidebar_id":"","_kad_post_content_style":"default","_kad_post_vertical_padding":"default","_kad_post_feature":"","_kad_post_feature_position":"","_kad_post_header":false,"_kad_post_footer":false,"_joinchat":[]},"product_brand":[],"product_cat":[24,181],"product_tag":[],"class_list":{"0":"post-7005","1":"product","2":"type-product","3":"status-publish","4":"has-post-thumbnail","6":"product_cat-juguetes-sexuales","7":"product_cat-masturbadores","9":"first","10":"instock","11":"shipping-taxable","12":"purchasable","13":"product-type-simple","14":"entry","15":"content-bg","16":"loop-entry"},"_links":{"self":[{"href":"https:\/\/lenceria69.com\/sv\/wp-json\/wp\/v2\/product\/7005","targetHints":{"allow":["GET"]}}],"collection":[{"href":"https:\/\/lenceria69.com\/sv\/wp-json\/wp\/v2\/product"}],"about":[{"href":"https:\/\/lenceria69.com\/sv\/wp-json\/wp\/v2\/types\/product"}],"replies":[{"embeddable":true,"href":"https:\/\/lenceria69.com\/sv\/wp-json\/wp\/v2\/comments?post=7005"}],"version-history":[{"count":1,"href":"https:\/\/lenceria69.com\/sv\/wp-json\/wp\/v2\/product\/7005\/revisions"}],"predecessor-version":[{"id":7010,"href":"https:\/\/lenceria69.com\/sv\/wp-json\/wp\/v2\/product\/7005\/revisions\/7010"}],"wp:featuredmedia":[{"embeddable":true,"href":"https:\/\/lenceria69.com\/sv\/wp-json\/wp\/v2\/media\/7373"}],"wp:attachment":[{"href":"https:\/\/lenceria69.com\/sv\/wp-json\/wp\/v2\/media?parent=7005"}],"wp:term":[{"taxonomy":"product_brand","embeddable":true,"href":"https:\/\/lenceria69.com\/sv\/wp-json\/wp\/v2\/product_brand?post=7005"},{"taxonomy":"product_cat","embeddable":true,"href":"https:\/\/lenceria69.com\/sv\/wp-json\/wp\/v2\/product_cat?post=7005"},{"taxonomy":"product_tag","embeddable":true,"href":"https:\/\/lenceria69.com\/sv\/wp-json\/wp\/v2\/product_tag?post=7005"}],"curies":[{"name":"wp","href":"https:\/\/api.w.org\/{rel}","templated":true}]}}