{"id":7002,"date":"2024-10-12T16:51:03","date_gmt":"2024-10-12T22:51:03","guid":{"rendered":"https:\/\/lenceria69.com\/sv\/?post_type=product&#038;p=7002"},"modified":"2026-02-11T15:57:25","modified_gmt":"2026-02-11T21:57:25","slug":"wt21574","status":"publish","type":"product","link":"https:\/\/lenceria69.com\/sv\/producto\/wt21574\/","title":{"rendered":"Wet Dessert FrostedCupcake \u2013 Lubricante Saborizado"},"content":{"rendered":"<p>Con un sabor similar al real, los lubricantes con sabor son una forma divertida de introducir el sexo oral a una pareja que podr\u00eda dudar un poco. Aplica unas gotas de lubricante en las zonas er\u00f3genas e invita a tu pareja a descubrirlas una a una. Los lubricantes con sabor a postres h\u00famedos son a base de agua pura, estas f\u00f3rmulas son lo suficientemente suaves para la piel sensible y brindan una sedosidad duradera. Estos lubricantes son amigables con el l\u00e1tex, se lavan f\u00e1cilmente con agua tibia y son seguros para usar con todo tipo de juguetes.<\/p>\n<p>Caracter\u00edsticas:<br \/>\n\u2013 Basado en agua<br \/>\n\u2013 Amigable con el cond\u00f3n<br \/>\n\u2013 Con sabor<br \/>\n\u2013 Comestible<br \/>\n\u2013 Hipoalerg\u00e9nico<br \/>\n\u2013 Sin az\u00facar<\/p>\n","protected":false},"excerpt":{"rendered":"<p>Con un sabor similar al real, los lubricantes con sabor son una forma divertida de introducir el sexo oral a una pareja que podr\u00eda dudar un poco. Aplica unas gotas de lubricante en las zonas er\u00f3genas e invita a tu pareja a descubrirlas una a una. Los lubricantes con sabor a postres h\u00famedos son a&#8230;<\/p>\n","protected":false},"featured_media":7003,"comment_status":"open","ping_status":"closed","template":"","meta":{"_kad_post_transparent":"default","_kad_post_title":"","_kad_post_layout":"narrow","_kad_post_sidebar_id":"","_kad_post_content_style":"default","_kad_post_vertical_padding":"default","_kad_post_feature":"","_kad_post_feature_position":"","_kad_post_header":false,"_kad_post_footer":false,"_joinchat":[]},"product_brand":[],"product_cat":[38],"product_tag":[],"class_list":{"0":"post-7002","1":"product","2":"type-product","3":"status-publish","4":"has-post-thumbnail","6":"product_cat-lubricantes","8":"first","9":"outofstock","10":"shipping-taxable","11":"purchasable","12":"product-type-simple","13":"entry","14":"content-bg","15":"loop-entry"},"_links":{"self":[{"href":"https:\/\/lenceria69.com\/sv\/wp-json\/wp\/v2\/product\/7002","targetHints":{"allow":["GET"]}}],"collection":[{"href":"https:\/\/lenceria69.com\/sv\/wp-json\/wp\/v2\/product"}],"about":[{"href":"https:\/\/lenceria69.com\/sv\/wp-json\/wp\/v2\/types\/product"}],"replies":[{"embeddable":true,"href":"https:\/\/lenceria69.com\/sv\/wp-json\/wp\/v2\/comments?post=7002"}],"version-history":[{"count":1,"href":"https:\/\/lenceria69.com\/sv\/wp-json\/wp\/v2\/product\/7002\/revisions"}],"predecessor-version":[{"id":7004,"href":"https:\/\/lenceria69.com\/sv\/wp-json\/wp\/v2\/product\/7002\/revisions\/7004"}],"wp:featuredmedia":[{"embeddable":true,"href":"https:\/\/lenceria69.com\/sv\/wp-json\/wp\/v2\/media\/7003"}],"wp:attachment":[{"href":"https:\/\/lenceria69.com\/sv\/wp-json\/wp\/v2\/media?parent=7002"}],"wp:term":[{"taxonomy":"product_brand","embeddable":true,"href":"https:\/\/lenceria69.com\/sv\/wp-json\/wp\/v2\/product_brand?post=7002"},{"taxonomy":"product_cat","embeddable":true,"href":"https:\/\/lenceria69.com\/sv\/wp-json\/wp\/v2\/product_cat?post=7002"},{"taxonomy":"product_tag","embeddable":true,"href":"https:\/\/lenceria69.com\/sv\/wp-json\/wp\/v2\/product_tag?post=7002"}],"curies":[{"name":"wp","href":"https:\/\/api.w.org\/{rel}","templated":true}]}}