{"id":6981,"date":"2026-01-07T10:00:07","date_gmt":"2026-01-07T16:00:07","guid":{"rendered":"https:\/\/lenceria69.com\/sv\/?post_type=product&#038;p=6981"},"modified":"2026-05-02T11:53:39","modified_gmt":"2026-05-02T17:53:39","slug":"d1308","status":"publish","type":"product","link":"https:\/\/lenceria69.com\/sv\/producto\/d1308\/","title":{"rendered":"Spanish Fly SexDrops \u2013 Estimulador Sexual en Gotas"},"content":{"rendered":"<p>Durante d\u00e9cadas, la gente ha cre\u00eddo que el l\u00edquido Spanish Fly aumenta la energ\u00eda sexual de cualquiera que lo beba. Esta f\u00f3rmula de gran sabor fue dise\u00f1ada para aumentar la excitaci\u00f3n e intensificar los orgasmos tanto para el como para ella.<\/p>\n<p>Forma de Uso:<br \/>\nSimplemente coloque tantas gotas como desee en su lengua o en su pareja para aumentar la energ\u00eda sexual.<\/p>\n<p>Caracter\u00edsticas<br \/>\n\u2013 Mejora la energ\u00eda sexual<br \/>\n\u2013 Delicioso sabor lamible<br \/>\n\u2013 Formulado para aumentar la excitaci\u00f3n<\/p>\n<p>Los ingredientes incluyen: guaran\u00e1, fo-ti, yohimbe, ginkgo biloba, hierba de cabra en celo y algunos amino\u00e1cidos maravillosos.<\/p>\n","protected":false},"excerpt":{"rendered":"<p>Durante d\u00e9cadas, la gente ha cre\u00eddo que el l\u00edquido Spanish Fly aumenta la energ\u00eda sexual de cualquiera que lo beba. Esta f\u00f3rmula de gran sabor fue dise\u00f1ada para aumentar la excitaci\u00f3n e intensificar los orgasmos tanto para el como para ella. Forma de Uso: Simplemente coloque tantas gotas como desee en su lengua o en&#8230;<\/p>\n","protected":false},"featured_media":7375,"comment_status":"open","ping_status":"closed","template":"","meta":{"_kad_post_transparent":"default","_kad_post_title":"","_kad_post_layout":"default","_kad_post_sidebar_id":"","_kad_post_content_style":"default","_kad_post_vertical_padding":"default","_kad_post_feature":"","_kad_post_feature_position":"","_kad_post_header":false,"_kad_post_footer":false,"_joinchat":[]},"product_brand":[],"product_cat":[22],"product_tag":[],"class_list":{"0":"post-6981","1":"product","2":"type-product","3":"status-publish","4":"has-post-thumbnail","6":"product_cat-suplementos","8":"first","9":"instock","10":"shipping-taxable","11":"purchasable","12":"product-type-variable","13":"entry","14":"content-bg","15":"loop-entry"},"_links":{"self":[{"href":"https:\/\/lenceria69.com\/sv\/wp-json\/wp\/v2\/product\/6981","targetHints":{"allow":["GET"]}}],"collection":[{"href":"https:\/\/lenceria69.com\/sv\/wp-json\/wp\/v2\/product"}],"about":[{"href":"https:\/\/lenceria69.com\/sv\/wp-json\/wp\/v2\/types\/product"}],"replies":[{"embeddable":true,"href":"https:\/\/lenceria69.com\/sv\/wp-json\/wp\/v2\/comments?post=6981"}],"version-history":[{"count":1,"href":"https:\/\/lenceria69.com\/sv\/wp-json\/wp\/v2\/product\/6981\/revisions"}],"predecessor-version":[{"id":6988,"href":"https:\/\/lenceria69.com\/sv\/wp-json\/wp\/v2\/product\/6981\/revisions\/6988"}],"wp:featuredmedia":[{"embeddable":true,"href":"https:\/\/lenceria69.com\/sv\/wp-json\/wp\/v2\/media\/7375"}],"wp:attachment":[{"href":"https:\/\/lenceria69.com\/sv\/wp-json\/wp\/v2\/media?parent=6981"}],"wp:term":[{"taxonomy":"product_brand","embeddable":true,"href":"https:\/\/lenceria69.com\/sv\/wp-json\/wp\/v2\/product_brand?post=6981"},{"taxonomy":"product_cat","embeddable":true,"href":"https:\/\/lenceria69.com\/sv\/wp-json\/wp\/v2\/product_cat?post=6981"},{"taxonomy":"product_tag","embeddable":true,"href":"https:\/\/lenceria69.com\/sv\/wp-json\/wp\/v2\/product_tag?post=6981"}],"curies":[{"name":"wp","href":"https:\/\/api.w.org\/{rel}","templated":true}]}}