{"id":6687,"date":"2026-03-03T08:00:27","date_gmt":"2026-03-03T14:00:27","guid":{"rendered":"https:\/\/lenceria69.com\/sv\/?post_type=product&#038;p=6687"},"modified":"2026-04-16T16:33:40","modified_gmt":"2026-04-16T22:33:40","slug":"rd421","status":"publish","type":"product","link":"https:\/\/lenceria69.com\/sv\/producto\/rd421\/","title":{"rendered":"Masturbador para hombre: PDX All 3 Holes"},"content":{"rendered":"<p>\u00a1Por qu\u00e9 elegir un agujero de mierda favorito cuando puedes tener los tres! \u00a1Este tentador tr\u00edo de strokers es el kit perfecto para las mejores sesiones de jackoff! Los masturbadores s\u00faper suaves est\u00e1n hechos de Fanta Flesh aterciopelada y envuelven cada cent\u00edmetro de su barra de placer.<\/p>\n<p>\u00a1Elige entre una boca abierta, un co\u00f1o de \u00e1guila extendida o un culo apretado virgen, o disfruta de los tres! Desl\u00edzate dentro de cada una de las caricias y jurar\u00e1s que se sienten como si fueran reales \u2026 \u00a1pero mejor!<\/p>\n<p>Use mucha loci\u00f3n h\u00fameda para una experiencia extra h\u00fameda y extra salvaje. La limpieza es muy f\u00e1cil despu\u00e9s de la diversi\u00f3n con limpiador de juguetes y agua tibia.<\/p>\n<p>Dimensiones:<br \/>\nBoca<br \/>\n\u2013 Longitud del art\u00edculo: 12,4 cm<br \/>\n\u2013 Ancho del art\u00edculo: 3,8 cm<br \/>\n\u2013 Altura del art\u00edculo: 4,8 cm<br \/>\n\u2013 Peso del art\u00edculo: 96,39 gramos<\/p>\n<p>Vagina<br \/>\n\u2013 Longitud del art\u00edculo: 12,7 cm<br \/>\n\u2013 Ancho del art\u00edculo: 4,3 cm<br \/>\n\u2013 Altura del art\u00edculo: 5,1 cm<br \/>\n\u2013 Peso del art\u00edculo: 133,24 gramos<\/p>\n<p>Culo<br \/>\n\u2013 Longitud del art\u00edculo: 13,2 cm<br \/>\n\u2013 Ancho del art\u00edculo: 4,1 cm<br \/>\n\u2013 Altura del art\u00edculo: 6,4 cm<br \/>\n\u2013 Peso del art\u00edculo: 172,93 gramos<\/p>\n","protected":false},"excerpt":{"rendered":"<p>\u00a1Por qu\u00e9 elegir un agujero de mierda favorito cuando puedes tener los tres! \u00a1Este tentador tr\u00edo de strokers es el kit perfecto para las mejores sesiones de jackoff! Los masturbadores s\u00faper suaves est\u00e1n hechos de Fanta Flesh aterciopelada y envuelven cada cent\u00edmetro de su barra de placer. \u00a1Elige entre una boca abierta, un co\u00f1o de&#8230;<\/p>\n","protected":false},"featured_media":6693,"comment_status":"open","ping_status":"closed","template":"","meta":{"_kad_post_transparent":"default","_kad_post_title":"","_kad_post_layout":"narrow","_kad_post_sidebar_id":"","_kad_post_content_style":"default","_kad_post_vertical_padding":"default","_kad_post_feature":"","_kad_post_feature_position":"","_kad_post_header":false,"_kad_post_footer":false,"_joinchat":[]},"product_brand":[],"product_cat":[24,181],"product_tag":[],"class_list":{"0":"post-6687","1":"product","2":"type-product","3":"status-publish","4":"has-post-thumbnail","6":"product_cat-juguetes-sexuales","7":"product_cat-masturbadores","9":"first","10":"instock","11":"shipping-taxable","12":"purchasable","13":"product-type-simple","14":"entry","15":"content-bg","16":"loop-entry"},"_links":{"self":[{"href":"https:\/\/lenceria69.com\/sv\/wp-json\/wp\/v2\/product\/6687","targetHints":{"allow":["GET"]}}],"collection":[{"href":"https:\/\/lenceria69.com\/sv\/wp-json\/wp\/v2\/product"}],"about":[{"href":"https:\/\/lenceria69.com\/sv\/wp-json\/wp\/v2\/types\/product"}],"replies":[{"embeddable":true,"href":"https:\/\/lenceria69.com\/sv\/wp-json\/wp\/v2\/comments?post=6687"}],"version-history":[{"count":5,"href":"https:\/\/lenceria69.com\/sv\/wp-json\/wp\/v2\/product\/6687\/revisions"}],"predecessor-version":[{"id":7976,"href":"https:\/\/lenceria69.com\/sv\/wp-json\/wp\/v2\/product\/6687\/revisions\/7976"}],"wp:featuredmedia":[{"embeddable":true,"href":"https:\/\/lenceria69.com\/sv\/wp-json\/wp\/v2\/media\/6693"}],"wp:attachment":[{"href":"https:\/\/lenceria69.com\/sv\/wp-json\/wp\/v2\/media?parent=6687"}],"wp:term":[{"taxonomy":"product_brand","embeddable":true,"href":"https:\/\/lenceria69.com\/sv\/wp-json\/wp\/v2\/product_brand?post=6687"},{"taxonomy":"product_cat","embeddable":true,"href":"https:\/\/lenceria69.com\/sv\/wp-json\/wp\/v2\/product_cat?post=6687"},{"taxonomy":"product_tag","embeddable":true,"href":"https:\/\/lenceria69.com\/sv\/wp-json\/wp\/v2\/product_tag?post=6687"}],"curies":[{"name":"wp","href":"https:\/\/api.w.org\/{rel}","templated":true}]}}