{"id":6602,"date":"2026-03-18T08:00:54","date_gmt":"2026-03-18T14:00:54","guid":{"rendered":"https:\/\/lenceria69.com\/sv\/?post_type=product&#038;p=6602"},"modified":"2026-04-06T08:42:13","modified_gmt":"2026-04-06T14:42:13","slug":"sh5180","status":"publish","type":"product","link":"https:\/\/lenceria69.com\/sv\/producto\/sh5180\/","title":{"rendered":"S-Hande Candy Dildo Recargable"},"content":{"rendered":"<p>Te presentamos el nuevo Candy Vib, No te quedes con las ganas de sentir nuevas experiencias al momento de estar a solas, ahora no solamente puedes disfrutar las vibraciones que te ofrece un consolador convencional ya sea que lo pases por tus genitales o bien puedes sentir esa misma sensacion en tus pezones, con este nuevo juguete no podras decidir en que parte de tu cuerpo lo deseas dejar.<\/p>\n<p>M\u00e9todo de uso:<br \/>\n\u2013 Mant\u00e9n pulsado el bot\u00f3n de encendido durante 3seg, el vibrador est\u00e1 encendido, cada clic en el bot\u00f3n de encendido, el vibrador cambiar\u00e1 el modo de vibraci\u00f3n<\/p>\n<p>Caracteristicas:<br \/>\n\u2013 9 modos de vibraci\u00f3n<br \/>\n\u2013 Estimulador de clitoris y Punto G<br \/>\n\u2013 Carga: Cargador r\u00e1pido magn\u00e9tico USB ecol\u00f3gico, \u00a1M\u00e1s f\u00e1cil que cargar tu tel\u00e9fono inteligente!<br \/>\n\u2013 Tiempo de carga: alrededor de 2 horas<br \/>\n\u2013 Tiempo de uso: alrededor de 2.5 horas<br \/>\n\u2013 Resistente al agua para utilizarlo en la ducha o ba\u00f1era (puede estar bajo el agua durante 30 minutos, puede usarse en la ducha o ba\u00f1era)<\/p>\n<p>Dimensiones:<br \/>\n\u2013 Longitud: 23,1 cms (9,09 in)<br \/>\n\u2013 Diametro: 3,4 cms (1,33 in)<br \/>\n\u2013 Longitud Penetrable: siendo 13,6 cm (5,35 in)<\/p>\n","protected":false},"excerpt":{"rendered":"<p>Te presentamos el nuevo Candy Vib, No te quedes con las ganas de sentir nuevas experiencias al momento de estar a solas, ahora no solamente puedes disfrutar las vibraciones que te ofrece un consolador convencional ya sea que lo pases por tus genitales o bien puedes sentir esa misma sensacion en tus pezones, con este&#8230;<\/p>\n","protected":false},"featured_media":7607,"comment_status":"open","ping_status":"closed","template":"","meta":{"_kad_post_transparent":"default","_kad_post_title":"","_kad_post_layout":"narrow","_kad_post_sidebar_id":"","_kad_post_content_style":"default","_kad_post_vertical_padding":"default","_kad_post_feature":"","_kad_post_feature_position":"","_kad_post_header":false,"_kad_post_footer":false,"_joinchat":[]},"product_brand":[],"product_cat":[182,24,180],"product_tag":[],"class_list":{"0":"post-6602","1":"product","2":"type-product","3":"status-publish","4":"has-post-thumbnail","6":"product_cat-dildos","7":"product_cat-juguetes-sexuales","8":"product_cat-recargable","10":"first","11":"instock","12":"shipping-taxable","13":"purchasable","14":"product-type-variable","15":"has-default-attributes","16":"entry","17":"content-bg","18":"loop-entry"},"_links":{"self":[{"href":"https:\/\/lenceria69.com\/sv\/wp-json\/wp\/v2\/product\/6602","targetHints":{"allow":["GET"]}}],"collection":[{"href":"https:\/\/lenceria69.com\/sv\/wp-json\/wp\/v2\/product"}],"about":[{"href":"https:\/\/lenceria69.com\/sv\/wp-json\/wp\/v2\/types\/product"}],"replies":[{"embeddable":true,"href":"https:\/\/lenceria69.com\/sv\/wp-json\/wp\/v2\/comments?post=6602"}],"version-history":[{"count":1,"href":"https:\/\/lenceria69.com\/sv\/wp-json\/wp\/v2\/product\/6602\/revisions"}],"predecessor-version":[{"id":6618,"href":"https:\/\/lenceria69.com\/sv\/wp-json\/wp\/v2\/product\/6602\/revisions\/6618"}],"wp:featuredmedia":[{"embeddable":true,"href":"https:\/\/lenceria69.com\/sv\/wp-json\/wp\/v2\/media\/7607"}],"wp:attachment":[{"href":"https:\/\/lenceria69.com\/sv\/wp-json\/wp\/v2\/media?parent=6602"}],"wp:term":[{"taxonomy":"product_brand","embeddable":true,"href":"https:\/\/lenceria69.com\/sv\/wp-json\/wp\/v2\/product_brand?post=6602"},{"taxonomy":"product_cat","embeddable":true,"href":"https:\/\/lenceria69.com\/sv\/wp-json\/wp\/v2\/product_cat?post=6602"},{"taxonomy":"product_tag","embeddable":true,"href":"https:\/\/lenceria69.com\/sv\/wp-json\/wp\/v2\/product_tag?post=6602"}],"curies":[{"name":"wp","href":"https:\/\/api.w.org\/{rel}","templated":true}]}}