{"id":6537,"date":"2026-03-18T08:00:59","date_gmt":"2026-03-18T14:00:59","guid":{"rendered":"https:\/\/lenceria69.com\/sv\/?post_type=product&#038;p=6537"},"modified":"2026-04-25T10:06:26","modified_gmt":"2026-04-25T16:06:26","slug":"lh5010","status":"publish","type":"product","link":"https:\/\/lenceria69.com\/sv\/producto\/lh5010\/","title":{"rendered":"Vibrador Dildo Liso"},"content":{"rendered":"<p>\u00a1Bonito vibrador realista y de buena calidad! Este es un maravilloso vibrador de m\u00faltiples velocidades con un rendimiento s\u00f3lido y satisfactorio, presenta una agradable curva de punto G firme y un dial de varias velocidades en la base.<\/p>\n<p>F\u00e1cil de agarrar y ajustar para Flexible Flexible Realista.<\/p>\n<p>Pene realista con velocidad regulable seg\u00fan lo deseado. Ideal para principiantes, intermedios y usuarios avanzados.<\/p>\n<p>Caracteristicas:<br \/>\n\u2013 Hecho con silicona medica, seguro no toxico y sin olor<br \/>\n\u2013 Funciona con dos Pilas AA<br \/>\n\u2013 El consolador es suave, liso y elastico<br \/>\n\u2013 Puedes utilizarlo para estimular el Punto G<\/p>\n<p>Dimensiones:<br \/>\n\u2013 Tama\u00f1o: 7,4 In [18,7 cms]<br \/>\n&#8211; (Longitud), 1,4 In [3.55 cms]<\/p>\n","protected":false},"excerpt":{"rendered":"<p>\u00a1Bonito vibrador realista y de buena calidad! Este es un maravilloso vibrador de m\u00faltiples velocidades con un rendimiento s\u00f3lido y satisfactorio, presenta una agradable curva de punto G firme y un dial de varias velocidades en la base. F\u00e1cil de agarrar y ajustar para Flexible Flexible Realista. Pene realista con velocidad regulable seg\u00fan lo deseado&#8230;.<\/p>\n","protected":false},"featured_media":6539,"comment_status":"open","ping_status":"closed","template":"","meta":{"_kad_post_transparent":"default","_kad_post_title":"","_kad_post_layout":"narrow","_kad_post_sidebar_id":"","_kad_post_content_style":"default","_kad_post_vertical_padding":"default","_kad_post_feature":"","_kad_post_feature_position":"","_kad_post_header":false,"_kad_post_footer":false,"_joinchat":[]},"product_brand":[],"product_cat":[179,182,24],"product_tag":[],"class_list":{"0":"post-6537","1":"product","2":"type-product","3":"status-publish","4":"has-post-thumbnail","6":"product_cat-con_bateria","7":"product_cat-dildos","8":"product_cat-juguetes-sexuales","10":"first","11":"instock","12":"shipping-taxable","13":"purchasable","14":"product-type-variable","15":"entry","16":"content-bg","17":"loop-entry"},"_links":{"self":[{"href":"https:\/\/lenceria69.com\/sv\/wp-json\/wp\/v2\/product\/6537","targetHints":{"allow":["GET"]}}],"collection":[{"href":"https:\/\/lenceria69.com\/sv\/wp-json\/wp\/v2\/product"}],"about":[{"href":"https:\/\/lenceria69.com\/sv\/wp-json\/wp\/v2\/types\/product"}],"replies":[{"embeddable":true,"href":"https:\/\/lenceria69.com\/sv\/wp-json\/wp\/v2\/comments?post=6537"}],"version-history":[{"count":4,"href":"https:\/\/lenceria69.com\/sv\/wp-json\/wp\/v2\/product\/6537\/revisions"}],"predecessor-version":[{"id":12905,"href":"https:\/\/lenceria69.com\/sv\/wp-json\/wp\/v2\/product\/6537\/revisions\/12905"}],"wp:featuredmedia":[{"embeddable":true,"href":"https:\/\/lenceria69.com\/sv\/wp-json\/wp\/v2\/media\/6539"}],"wp:attachment":[{"href":"https:\/\/lenceria69.com\/sv\/wp-json\/wp\/v2\/media?parent=6537"}],"wp:term":[{"taxonomy":"product_brand","embeddable":true,"href":"https:\/\/lenceria69.com\/sv\/wp-json\/wp\/v2\/product_brand?post=6537"},{"taxonomy":"product_cat","embeddable":true,"href":"https:\/\/lenceria69.com\/sv\/wp-json\/wp\/v2\/product_cat?post=6537"},{"taxonomy":"product_tag","embeddable":true,"href":"https:\/\/lenceria69.com\/sv\/wp-json\/wp\/v2\/product_tag?post=6537"}],"curies":[{"name":"wp","href":"https:\/\/api.w.org\/{rel}","templated":true}]}}