{"id":12814,"date":"2026-03-03T08:00:51","date_gmt":"2026-03-03T14:00:51","guid":{"rendered":"https:\/\/lenceria69.com\/sv\/?post_type=product&#038;p=12814"},"modified":"2026-03-16T09:34:20","modified_gmt":"2026-03-16T15:34:20","slug":"fws2-2","status":"publish","type":"product","link":"https:\/\/lenceria69.com\/sv\/producto\/fws2-2\/","title":{"rendered":"Lubricante Anal de Silicona: Fuck Water 2oz"},"content":{"rendered":"<p>Apto para l\u00e1tex, de larga duraci\u00f3n, nunca pegajoso y se mantiene resbaladizo. Primero lo comprar\u00e1s por el nombre, luego lo volver\u00e1s a comprar porque te gust\u00f3.<\/p>\n<p>Ingredientes: Dimeticona, Ciclopentasiloxano, Ciclotetrasiloxano, Dimeticonol.<\/p>\n<p>Caracter\u00edsticas<br \/>\n\u2013 Lubricante a base de silicona<\/p>\n","protected":false},"excerpt":{"rendered":"<p>Apto para l\u00e1tex, de larga duraci\u00f3n, nunca pegajoso y se mantiene resbaladizo. Primero lo comprar\u00e1s por el nombre, luego lo volver\u00e1s a comprar porque te gust\u00f3. Ingredientes: Dimeticona, Ciclopentasiloxano, Ciclotetrasiloxano, Dimeticonol. Caracter\u00edsticas \u2013 Lubricante a base de silicona<\/p>\n","protected":false},"featured_media":12815,"comment_status":"open","ping_status":"closed","template":"","meta":{"_kad_post_transparent":"default","_kad_post_title":"","_kad_post_layout":"default","_kad_post_sidebar_id":"","_kad_post_content_style":"default","_kad_post_vertical_padding":"default","_kad_post_feature":"","_kad_post_feature_position":"","_kad_post_header":false,"_kad_post_footer":false,"_joinchat":[]},"product_brand":[],"product_cat":[38],"product_tag":[],"class_list":{"0":"post-12814","1":"product","2":"type-product","3":"status-publish","4":"has-post-thumbnail","6":"product_cat-lubricantes","8":"first","9":"instock","10":"shipping-taxable","11":"purchasable","12":"product-type-simple","13":"entry","14":"content-bg","15":"loop-entry"},"_links":{"self":[{"href":"https:\/\/lenceria69.com\/sv\/wp-json\/wp\/v2\/product\/12814","targetHints":{"allow":["GET"]}}],"collection":[{"href":"https:\/\/lenceria69.com\/sv\/wp-json\/wp\/v2\/product"}],"about":[{"href":"https:\/\/lenceria69.com\/sv\/wp-json\/wp\/v2\/types\/product"}],"replies":[{"embeddable":true,"href":"https:\/\/lenceria69.com\/sv\/wp-json\/wp\/v2\/comments?post=12814"}],"version-history":[{"count":2,"href":"https:\/\/lenceria69.com\/sv\/wp-json\/wp\/v2\/product\/12814\/revisions"}],"predecessor-version":[{"id":12817,"href":"https:\/\/lenceria69.com\/sv\/wp-json\/wp\/v2\/product\/12814\/revisions\/12817"}],"wp:featuredmedia":[{"embeddable":true,"href":"https:\/\/lenceria69.com\/sv\/wp-json\/wp\/v2\/media\/12815"}],"wp:attachment":[{"href":"https:\/\/lenceria69.com\/sv\/wp-json\/wp\/v2\/media?parent=12814"}],"wp:term":[{"taxonomy":"product_brand","embeddable":true,"href":"https:\/\/lenceria69.com\/sv\/wp-json\/wp\/v2\/product_brand?post=12814"},{"taxonomy":"product_cat","embeddable":true,"href":"https:\/\/lenceria69.com\/sv\/wp-json\/wp\/v2\/product_cat?post=12814"},{"taxonomy":"product_tag","embeddable":true,"href":"https:\/\/lenceria69.com\/sv\/wp-json\/wp\/v2\/product_tag?post=12814"}],"curies":[{"name":"wp","href":"https:\/\/api.w.org\/{rel}","templated":true}]}}