{"id":12755,"date":"2026-02-13T15:00:14","date_gmt":"2026-02-13T21:00:14","guid":{"rendered":"https:\/\/lenceria69.com\/sv\/?post_type=product&#038;p=12755"},"modified":"2026-03-25T16:06:13","modified_gmt":"2026-03-25T22:06:13","slug":"sa4044416","status":"publish","type":"product","link":"https:\/\/lenceria69.com\/sv\/producto\/sa4044416\/","title":{"rendered":"Satisfyer Spot-On: Estimulador de Clitoris"},"content":{"rendered":"<p>Vibraciones potentes combinadas con un dise\u00f1o elegante: conoce el Satisfyer Spot On 2.<br \/>\nGracias a su funcionalidad sencilla y eficaz, este vibrador de contacto siempre es perfecto, en el sentido m\u00e1s estricto de la palabra.<\/p>\n<p>Caracter\u00edsticas principales:<br \/>\n\u2022 Estimulaci\u00f3n intensiva del cl\u00edtoris<br \/>\n\u2022 Silicona supersuave y agradable para la piel<br \/>\n\u2022 Resistente al agua (IPX7)<br \/>\n\u2022 12 programas de vibraci\u00f3n<br \/>\n\u2022 Modo susurro<br \/>\n\u2022 Bater\u00eda de iones de litio<\/p>\n<p>Con cable de carga USB magn\u00e9tico. El Satisfyer Spot On 2 combina funcionalidad y dise\u00f1o con un exterior de ABS brillante y vibraciones dirigidas desde su suave punta de silicona. Con 12 programas de vibraci\u00f3n variados controlados por sencillos botones +\/-, es perfecto para principiantes.<br \/>\nCompacto y f\u00e1cil de usar, garantiza experiencias satisfactorias tanto dentro como fuera del agua.<\/p>\n","protected":false},"excerpt":{"rendered":"<p>Vibraciones potentes combinadas con un dise\u00f1o elegante: conoce el Satisfyer Spot On 2. Gracias a su funcionalidad sencilla y eficaz, este vibrador de contacto siempre es perfecto, en el sentido m\u00e1s estricto de la palabra. Caracter\u00edsticas principales: \u2022 Estimulaci\u00f3n intensiva del cl\u00edtoris \u2022 Silicona supersuave y agradable para la piel \u2022 Resistente al agua (IPX7)&#8230;<\/p>\n","protected":false},"featured_media":12756,"comment_status":"open","ping_status":"closed","template":"","meta":{"_kad_post_transparent":"default","_kad_post_title":"","_kad_post_layout":"default","_kad_post_sidebar_id":"","_kad_post_content_style":"default","_kad_post_vertical_padding":"default","_kad_post_feature":"","_kad_post_feature_position":"","_kad_post_header":false,"_kad_post_footer":false,"_joinchat":[]},"product_brand":[],"product_cat":[24,180],"product_tag":[],"class_list":{"0":"post-12755","1":"product","2":"type-product","3":"status-publish","4":"has-post-thumbnail","6":"product_cat-juguetes-sexuales","7":"product_cat-recargable","9":"first","10":"instock","11":"shipping-taxable","12":"purchasable","13":"product-type-simple","14":"entry","15":"content-bg","16":"loop-entry"},"_links":{"self":[{"href":"https:\/\/lenceria69.com\/sv\/wp-json\/wp\/v2\/product\/12755","targetHints":{"allow":["GET"]}}],"collection":[{"href":"https:\/\/lenceria69.com\/sv\/wp-json\/wp\/v2\/product"}],"about":[{"href":"https:\/\/lenceria69.com\/sv\/wp-json\/wp\/v2\/types\/product"}],"replies":[{"embeddable":true,"href":"https:\/\/lenceria69.com\/sv\/wp-json\/wp\/v2\/comments?post=12755"}],"version-history":[{"count":1,"href":"https:\/\/lenceria69.com\/sv\/wp-json\/wp\/v2\/product\/12755\/revisions"}],"predecessor-version":[{"id":12757,"href":"https:\/\/lenceria69.com\/sv\/wp-json\/wp\/v2\/product\/12755\/revisions\/12757"}],"wp:featuredmedia":[{"embeddable":true,"href":"https:\/\/lenceria69.com\/sv\/wp-json\/wp\/v2\/media\/12756"}],"wp:attachment":[{"href":"https:\/\/lenceria69.com\/sv\/wp-json\/wp\/v2\/media?parent=12755"}],"wp:term":[{"taxonomy":"product_brand","embeddable":true,"href":"https:\/\/lenceria69.com\/sv\/wp-json\/wp\/v2\/product_brand?post=12755"},{"taxonomy":"product_cat","embeddable":true,"href":"https:\/\/lenceria69.com\/sv\/wp-json\/wp\/v2\/product_cat?post=12755"},{"taxonomy":"product_tag","embeddable":true,"href":"https:\/\/lenceria69.com\/sv\/wp-json\/wp\/v2\/product_tag?post=12755"}],"curies":[{"name":"wp","href":"https:\/\/api.w.org\/{rel}","templated":true}]}}