{"id":12736,"date":"2026-02-13T15:00:37","date_gmt":"2026-02-13T21:00:37","guid":{"rendered":"https:\/\/lenceria69.com\/sv\/?post_type=product&#038;p=12736"},"modified":"2026-02-24T10:40:34","modified_gmt":"2026-02-24T16:40:34","slug":"bn16503","status":"publish","type":"product","link":"https:\/\/lenceria69.com\/sv\/producto\/bn16503\/","title":{"rendered":"Coverboy Tony The Waiter: Dildo Realista con Bolas"},"content":{"rendered":"<p>Tony el Camarero est\u00e1 atento a todas tus necesidades. Te traer\u00e1 lo que pidas: comida, bebida, la cuenta\u2026 y luego te llevar\u00e1 de vuelta a su casa.<\/p>\n<p>Con una textura de piel realista, incluyendo un prepucio sin cortar, Tony est\u00e1 deseando darte la satisfacci\u00f3n que tanto anhelas.<\/p>\n<p>Caracter\u00edsticas<br \/>\n\u2013 Esculpido y hecho a mano para lucir y sentirse igual que uno real<br \/>\n\u2013 Compatible con arn\u00e9s<br \/>\n\u2013 Base con ventosa<\/p>\n<p>Dimensiones:<br \/>\n\u2013 Largo: 18 cm<br \/>\n\u2013 Largo insertable: 14 cm<br \/>\n\u2013 Ancho: 3,8 cm<\/p>\n","protected":false},"excerpt":{"rendered":"<p>Tony el Camarero est\u00e1 atento a todas tus necesidades. Te traer\u00e1 lo que pidas: comida, bebida, la cuenta\u2026 y luego te llevar\u00e1 de vuelta a su casa. Con una textura de piel realista, incluyendo un prepucio sin cortar, Tony est\u00e1 deseando darte la satisfacci\u00f3n que tanto anhelas. Caracter\u00edsticas \u2013 Esculpido y hecho a mano para&#8230;<\/p>\n","protected":false},"featured_media":12737,"comment_status":"open","ping_status":"closed","template":"","meta":{"_kad_post_transparent":"default","_kad_post_title":"","_kad_post_layout":"default","_kad_post_sidebar_id":"","_kad_post_content_style":"default","_kad_post_vertical_padding":"default","_kad_post_feature":"","_kad_post_feature_position":"","_kad_post_header":false,"_kad_post_footer":false,"_joinchat":[]},"product_brand":[],"product_cat":[24,182],"product_tag":[],"class_list":{"0":"post-12736","1":"product","2":"type-product","3":"status-publish","4":"has-post-thumbnail","6":"product_cat-juguetes-sexuales","7":"product_cat-dildos","9":"first","10":"instock","11":"shipping-taxable","12":"purchasable","13":"product-type-simple","14":"entry","15":"content-bg","16":"loop-entry"},"_links":{"self":[{"href":"https:\/\/lenceria69.com\/sv\/wp-json\/wp\/v2\/product\/12736","targetHints":{"allow":["GET"]}}],"collection":[{"href":"https:\/\/lenceria69.com\/sv\/wp-json\/wp\/v2\/product"}],"about":[{"href":"https:\/\/lenceria69.com\/sv\/wp-json\/wp\/v2\/types\/product"}],"replies":[{"embeddable":true,"href":"https:\/\/lenceria69.com\/sv\/wp-json\/wp\/v2\/comments?post=12736"}],"version-history":[{"count":1,"href":"https:\/\/lenceria69.com\/sv\/wp-json\/wp\/v2\/product\/12736\/revisions"}],"predecessor-version":[{"id":12738,"href":"https:\/\/lenceria69.com\/sv\/wp-json\/wp\/v2\/product\/12736\/revisions\/12738"}],"wp:featuredmedia":[{"embeddable":true,"href":"https:\/\/lenceria69.com\/sv\/wp-json\/wp\/v2\/media\/12737"}],"wp:attachment":[{"href":"https:\/\/lenceria69.com\/sv\/wp-json\/wp\/v2\/media?parent=12736"}],"wp:term":[{"taxonomy":"product_brand","embeddable":true,"href":"https:\/\/lenceria69.com\/sv\/wp-json\/wp\/v2\/product_brand?post=12736"},{"taxonomy":"product_cat","embeddable":true,"href":"https:\/\/lenceria69.com\/sv\/wp-json\/wp\/v2\/product_cat?post=12736"},{"taxonomy":"product_tag","embeddable":true,"href":"https:\/\/lenceria69.com\/sv\/wp-json\/wp\/v2\/product_tag?post=12736"}],"curies":[{"name":"wp","href":"https:\/\/api.w.org\/{rel}","templated":true}]}}