{"id":12656,"date":"2026-01-26T15:30:31","date_gmt":"2026-01-26T21:30:31","guid":{"rendered":"https:\/\/lenceria69.com\/sv\/?post_type=product&#038;p=12656"},"modified":"2026-02-16T15:09:34","modified_gmt":"2026-02-16T21:09:34","slug":"lel0193","status":"publish","type":"product","link":"https:\/\/lenceria69.com\/sv\/producto\/lel0193\/","title":{"rendered":"The Lelo Mahana: Vibrador controlado por APP"},"content":{"rendered":"<p>MAHANA\u2122 Originals es un masajeador para parejas conectado a una app, ideal para usar durante las relaciones sexuales. Parte de la exclusiva serie LELO Originals, proporciona estimulaci\u00f3n externa e interna y transmite emocionantes vibraciones a la pareja, haciendo que cada conexi\u00f3n sea inolvidable.<\/p>\n<p>LELO Originals es una colecci\u00f3n de juguetes sexuales LELO atemporales, cada uno elaborado con precisi\u00f3n y listo para despertar tus sentidos con un simple toque. Ya sea para jugar sola o en pareja, estos dispositivos te invitan a tocarte y sentirte como solo LELO puede.<\/p>\n","protected":false},"excerpt":{"rendered":"<p>MAHANA\u2122 Originals es un masajeador para parejas conectado a una app, ideal para usar durante las relaciones sexuales. Parte de la exclusiva serie LELO Originals, proporciona estimulaci\u00f3n externa e interna y transmite emocionantes vibraciones a la pareja, haciendo que cada conexi\u00f3n sea inolvidable. LELO Originals es una colecci\u00f3n de juguetes sexuales LELO atemporales, cada uno&#8230;<\/p>\n","protected":false},"featured_media":12657,"comment_status":"open","ping_status":"closed","template":"","meta":{"_kad_post_transparent":"default","_kad_post_title":"","_kad_post_layout":"default","_kad_post_sidebar_id":"","_kad_post_content_style":"default","_kad_post_vertical_padding":"default","_kad_post_feature":"","_kad_post_feature_position":"","_kad_post_header":false,"_kad_post_footer":false,"_joinchat":[]},"product_brand":[],"product_cat":[24,180],"product_tag":[],"class_list":{"0":"post-12656","1":"product","2":"type-product","3":"status-publish","4":"has-post-thumbnail","6":"product_cat-juguetes-sexuales","7":"product_cat-recargable","9":"first","10":"instock","11":"shipping-taxable","12":"purchasable","13":"product-type-simple","14":"entry","15":"content-bg","16":"loop-entry"},"_links":{"self":[{"href":"https:\/\/lenceria69.com\/sv\/wp-json\/wp\/v2\/product\/12656","targetHints":{"allow":["GET"]}}],"collection":[{"href":"https:\/\/lenceria69.com\/sv\/wp-json\/wp\/v2\/product"}],"about":[{"href":"https:\/\/lenceria69.com\/sv\/wp-json\/wp\/v2\/types\/product"}],"replies":[{"embeddable":true,"href":"https:\/\/lenceria69.com\/sv\/wp-json\/wp\/v2\/comments?post=12656"}],"version-history":[{"count":1,"href":"https:\/\/lenceria69.com\/sv\/wp-json\/wp\/v2\/product\/12656\/revisions"}],"predecessor-version":[{"id":12658,"href":"https:\/\/lenceria69.com\/sv\/wp-json\/wp\/v2\/product\/12656\/revisions\/12658"}],"wp:featuredmedia":[{"embeddable":true,"href":"https:\/\/lenceria69.com\/sv\/wp-json\/wp\/v2\/media\/12657"}],"wp:attachment":[{"href":"https:\/\/lenceria69.com\/sv\/wp-json\/wp\/v2\/media?parent=12656"}],"wp:term":[{"taxonomy":"product_brand","embeddable":true,"href":"https:\/\/lenceria69.com\/sv\/wp-json\/wp\/v2\/product_brand?post=12656"},{"taxonomy":"product_cat","embeddable":true,"href":"https:\/\/lenceria69.com\/sv\/wp-json\/wp\/v2\/product_cat?post=12656"},{"taxonomy":"product_tag","embeddable":true,"href":"https:\/\/lenceria69.com\/sv\/wp-json\/wp\/v2\/product_tag?post=12656"}],"curies":[{"name":"wp","href":"https:\/\/api.w.org\/{rel}","templated":true}]}}