{"id":12653,"date":"2026-01-26T15:30:32","date_gmt":"2026-01-26T21:30:32","guid":{"rendered":"https:\/\/lenceria69.com\/sv\/?post_type=product&#038;p=12653"},"modified":"2026-03-18T16:23:54","modified_gmt":"2026-03-18T22:23:54","slug":"kg5136-00","status":"publish","type":"product","link":"https:\/\/lenceria69.com\/sv\/producto\/kg5136-00\/","title":{"rendered":"SEXO! Card Game \u2013 Juego de Cartas con Posiciones Sexuales"},"content":{"rendered":"<p>Cada carta de SEXO! ilustra expl\u00edcitamente una actividad de juego previo o una posici\u00f3n sexual, y el color representa la intensidad de la posici\u00f3n<\/p>\n<p>Dentro de la caja<br \/>\n\u2013 50 cartas de posiciones sexuales<br \/>\n\u2013 3 cartas de reglas<br \/>\n\u2013 1 carta de \u00abDa rienda suelta a tu fantas\u00eda\u00bb<\/p>\n","protected":false},"excerpt":{"rendered":"<p>Cada carta de SEXO! ilustra expl\u00edcitamente una actividad de juego previo o una posici\u00f3n sexual, y el color representa la intensidad de la posici\u00f3n Dentro de la caja \u2013 50 cartas de posiciones sexuales \u2013 3 cartas de reglas \u2013 1 carta de \u00abDa rienda suelta a tu fantas\u00eda\u00bb<\/p>\n","protected":false},"featured_media":12654,"comment_status":"open","ping_status":"closed","template":"","meta":{"_kad_post_transparent":"default","_kad_post_title":"","_kad_post_layout":"default","_kad_post_sidebar_id":"","_kad_post_content_style":"default","_kad_post_vertical_padding":"default","_kad_post_feature":"","_kad_post_feature_position":"","_kad_post_header":false,"_kad_post_footer":false,"_joinchat":[]},"product_brand":[],"product_cat":[24],"product_tag":[],"class_list":{"0":"post-12653","1":"product","2":"type-product","3":"status-publish","4":"has-post-thumbnail","6":"product_cat-juguetes-sexuales","8":"first","9":"instock","10":"shipping-taxable","11":"purchasable","12":"product-type-simple","13":"entry","14":"content-bg","15":"loop-entry"},"_links":{"self":[{"href":"https:\/\/lenceria69.com\/sv\/wp-json\/wp\/v2\/product\/12653","targetHints":{"allow":["GET"]}}],"collection":[{"href":"https:\/\/lenceria69.com\/sv\/wp-json\/wp\/v2\/product"}],"about":[{"href":"https:\/\/lenceria69.com\/sv\/wp-json\/wp\/v2\/types\/product"}],"replies":[{"embeddable":true,"href":"https:\/\/lenceria69.com\/sv\/wp-json\/wp\/v2\/comments?post=12653"}],"version-history":[{"count":1,"href":"https:\/\/lenceria69.com\/sv\/wp-json\/wp\/v2\/product\/12653\/revisions"}],"predecessor-version":[{"id":12655,"href":"https:\/\/lenceria69.com\/sv\/wp-json\/wp\/v2\/product\/12653\/revisions\/12655"}],"wp:featuredmedia":[{"embeddable":true,"href":"https:\/\/lenceria69.com\/sv\/wp-json\/wp\/v2\/media\/12654"}],"wp:attachment":[{"href":"https:\/\/lenceria69.com\/sv\/wp-json\/wp\/v2\/media?parent=12653"}],"wp:term":[{"taxonomy":"product_brand","embeddable":true,"href":"https:\/\/lenceria69.com\/sv\/wp-json\/wp\/v2\/product_brand?post=12653"},{"taxonomy":"product_cat","embeddable":true,"href":"https:\/\/lenceria69.com\/sv\/wp-json\/wp\/v2\/product_cat?post=12653"},{"taxonomy":"product_tag","embeddable":true,"href":"https:\/\/lenceria69.com\/sv\/wp-json\/wp\/v2\/product_tag?post=12653"}],"curies":[{"name":"wp","href":"https:\/\/api.w.org\/{rel}","templated":true}]}}