{"id":12141,"date":"2026-03-03T08:00:36","date_gmt":"2026-03-03T14:00:36","guid":{"rendered":"https:\/\/lenceria69.com\/sv\/?post_type=product&#038;p=12141"},"modified":"2026-04-27T17:27:53","modified_gmt":"2026-04-27T23:27:53","slug":"se0883-65-3","status":"publish","type":"product","link":"https:\/\/lenceria69.com\/sv\/producto\/se0883-65-3\/","title":{"rendered":"Masturbador para Hombre: The Teacher"},"content":{"rendered":"<p>Disfruta de sue\u00f1os h\u00famedos de primera categor\u00eda con el potente masturbador Cheap Thrills Teacher.<\/p>\n<p>Su dise\u00f1o cerrado proporciona una succi\u00f3n superior, mientras que la c\u00e1mara con textura \u00fanica y el material PureSkin ultrasuave y el\u00e1stico ofrecen una sensaci\u00f3n realista.<\/p>\n<p>Caracter\u00edsticas: Fabricado en TPE<br \/>\nMultitexturizado<br \/>\nCerrado<br \/>\nSucci\u00f3n superior<\/p>\n","protected":false},"excerpt":{"rendered":"<p>Disfruta de sue\u00f1os h\u00famedos de primera categor\u00eda con el potente masturbador Cheap Thrills Teacher. Su dise\u00f1o cerrado proporciona una succi\u00f3n superior, mientras que la c\u00e1mara con textura \u00fanica y el material PureSkin ultrasuave y el\u00e1stico ofrecen una sensaci\u00f3n realista. Caracter\u00edsticas: Fabricado en TPE Multitexturizado Cerrado Succi\u00f3n superior<\/p>\n","protected":false},"featured_media":12142,"comment_status":"open","ping_status":"closed","template":"","meta":{"_kad_post_transparent":"default","_kad_post_title":"","_kad_post_layout":"default","_kad_post_sidebar_id":"","_kad_post_content_style":"default","_kad_post_vertical_padding":"default","_kad_post_feature":"","_kad_post_feature_position":"","_kad_post_header":false,"_kad_post_footer":false,"_joinchat":[]},"product_brand":[],"product_cat":[24,181],"product_tag":[],"class_list":{"0":"post-12141","1":"product","2":"type-product","3":"status-publish","4":"has-post-thumbnail","6":"product_cat-juguetes-sexuales","7":"product_cat-masturbadores","9":"first","10":"instock","11":"shipping-taxable","12":"purchasable","13":"product-type-simple","14":"entry","15":"content-bg","16":"loop-entry"},"_links":{"self":[{"href":"https:\/\/lenceria69.com\/sv\/wp-json\/wp\/v2\/product\/12141","targetHints":{"allow":["GET"]}}],"collection":[{"href":"https:\/\/lenceria69.com\/sv\/wp-json\/wp\/v2\/product"}],"about":[{"href":"https:\/\/lenceria69.com\/sv\/wp-json\/wp\/v2\/types\/product"}],"replies":[{"embeddable":true,"href":"https:\/\/lenceria69.com\/sv\/wp-json\/wp\/v2\/comments?post=12141"}],"version-history":[{"count":1,"href":"https:\/\/lenceria69.com\/sv\/wp-json\/wp\/v2\/product\/12141\/revisions"}],"predecessor-version":[{"id":12147,"href":"https:\/\/lenceria69.com\/sv\/wp-json\/wp\/v2\/product\/12141\/revisions\/12147"}],"wp:featuredmedia":[{"embeddable":true,"href":"https:\/\/lenceria69.com\/sv\/wp-json\/wp\/v2\/media\/12142"}],"wp:attachment":[{"href":"https:\/\/lenceria69.com\/sv\/wp-json\/wp\/v2\/media?parent=12141"}],"wp:term":[{"taxonomy":"product_brand","embeddable":true,"href":"https:\/\/lenceria69.com\/sv\/wp-json\/wp\/v2\/product_brand?post=12141"},{"taxonomy":"product_cat","embeddable":true,"href":"https:\/\/lenceria69.com\/sv\/wp-json\/wp\/v2\/product_cat?post=12141"},{"taxonomy":"product_tag","embeddable":true,"href":"https:\/\/lenceria69.com\/sv\/wp-json\/wp\/v2\/product_tag?post=12141"}],"curies":[{"name":"wp","href":"https:\/\/api.w.org\/{rel}","templated":true}]}}