{"id":11947,"date":"2025-10-25T08:00:18","date_gmt":"2025-10-25T14:00:18","guid":{"rendered":"https:\/\/lenceria69.com\/sv\/?post_type=product&#038;p=11947"},"modified":"2026-02-28T09:29:21","modified_gmt":"2026-02-28T15:29:21","slug":"xrab904","status":"publish","type":"product","link":"https:\/\/lenceria69.com\/sv\/producto\/xrab904\/","title":{"rendered":"Clean Stream Enema \u2013 Enema Limpiador"},"content":{"rendered":"<p>La pera para enema CleanStream es una excelente opci\u00f3n para quienes buscan una soluci\u00f3n r\u00e1pida y sencilla. Simplemente agregue l\u00edquido a la pera, enrosque bien la boquilla y asegure el sello. Esta pera para enema es perfecta para viajar y su limpieza es muy sencilla. Est\u00e1 dise\u00f1ada para una limpieza r\u00e1pida sin necesidad de una configuraci\u00f3n que requiera mucho tiempo.<\/p>\n<p>Caracter\u00edsticas<br \/>\n\u2013 Fabricada en caucho y pl\u00e1stico ABS<br \/>\n\u2013 La pera mide aproximadamente 4,25 pulgadas de largo<br \/>\n\u2013 9,5 pulgadas de circunferencia<br \/>\n\u2013 La boquilla tiene una longitud insertable de 2,5 pulgadas<\/p>\n","protected":false},"excerpt":{"rendered":"<p>La pera para enema CleanStream es una excelente opci\u00f3n para quienes buscan una soluci\u00f3n r\u00e1pida y sencilla. Simplemente agregue l\u00edquido a la pera, enrosque bien la boquilla y asegure el sello. Esta pera para enema es perfecta para viajar y su limpieza es muy sencilla. Est\u00e1 dise\u00f1ada para una limpieza r\u00e1pida sin necesidad de una&#8230;<\/p>\n","protected":false},"featured_media":11953,"comment_status":"open","ping_status":"closed","template":"","meta":{"_kad_post_transparent":"default","_kad_post_title":"","_kad_post_layout":"default","_kad_post_sidebar_id":"","_kad_post_content_style":"default","_kad_post_vertical_padding":"default","_kad_post_feature":"","_kad_post_feature_position":"","_kad_post_header":false,"_kad_post_footer":false,"_joinchat":[]},"product_brand":[],"product_cat":[24,177],"product_tag":[],"class_list":{"0":"post-11947","1":"product","2":"type-product","3":"status-publish","4":"has-post-thumbnail","6":"product_cat-juguetes-sexuales","7":"product_cat-juguetes_bondage","9":"first","10":"instock","11":"shipping-taxable","12":"purchasable","13":"product-type-simple","14":"entry","15":"content-bg","16":"loop-entry"},"_links":{"self":[{"href":"https:\/\/lenceria69.com\/sv\/wp-json\/wp\/v2\/product\/11947","targetHints":{"allow":["GET"]}}],"collection":[{"href":"https:\/\/lenceria69.com\/sv\/wp-json\/wp\/v2\/product"}],"about":[{"href":"https:\/\/lenceria69.com\/sv\/wp-json\/wp\/v2\/types\/product"}],"replies":[{"embeddable":true,"href":"https:\/\/lenceria69.com\/sv\/wp-json\/wp\/v2\/comments?post=11947"}],"version-history":[{"count":4,"href":"https:\/\/lenceria69.com\/sv\/wp-json\/wp\/v2\/product\/11947\/revisions"}],"predecessor-version":[{"id":11955,"href":"https:\/\/lenceria69.com\/sv\/wp-json\/wp\/v2\/product\/11947\/revisions\/11955"}],"wp:featuredmedia":[{"embeddable":true,"href":"https:\/\/lenceria69.com\/sv\/wp-json\/wp\/v2\/media\/11953"}],"wp:attachment":[{"href":"https:\/\/lenceria69.com\/sv\/wp-json\/wp\/v2\/media?parent=11947"}],"wp:term":[{"taxonomy":"product_brand","embeddable":true,"href":"https:\/\/lenceria69.com\/sv\/wp-json\/wp\/v2\/product_brand?post=11947"},{"taxonomy":"product_cat","embeddable":true,"href":"https:\/\/lenceria69.com\/sv\/wp-json\/wp\/v2\/product_cat?post=11947"},{"taxonomy":"product_tag","embeddable":true,"href":"https:\/\/lenceria69.com\/sv\/wp-json\/wp\/v2\/product_tag?post=11947"}],"curies":[{"name":"wp","href":"https:\/\/api.w.org\/{rel}","templated":true}]}}