{"id":11175,"date":"2025-12-03T10:00:57","date_gmt":"2025-12-03T16:00:57","guid":{"rendered":"https:\/\/lenceria69.com\/sv\/?post_type=product&#038;p=11175"},"modified":"2026-03-18T16:23:53","modified_gmt":"2026-03-18T22:23:53","slug":"lh5130","status":"publish","type":"product","link":"https:\/\/lenceria69.com\/sv\/producto\/lh5130\/","title":{"rendered":"Esposas Sint\u00e9ticas de Cuero: Bondage HandCuff"},"content":{"rendered":"<p>Esposas ajustables, la elasticidad se puede ajustar seg\u00fan el tama\u00f1o de la mano.<br \/>\nTambi\u00e9n se puede utilizar como tobilleras.<br \/>\nSe puede utilizar tanto como esposas como herramienta para estimular la vida sexual de las parejas.<br \/>\nMejorar la relaci\u00f3n entre marido y mujer.<br \/>\nPuedes colocar la cama para crear una experiencia de juego emocionante.<\/p>\n<p>Caracteristicas:<br \/>\n\u2013 Material: cuero + felpa<br \/>\n\u2013 Longitud: aprox. 32 cm<br \/>\n\u2013 Ancho: aprox. 5 cm<br \/>\n\u2013 Longitud de la cadena: aprox. 15 cm<\/p>\n","protected":false},"excerpt":{"rendered":"<p>LH5130<\/p>\n","protected":false},"featured_media":11179,"comment_status":"open","ping_status":"closed","template":"","meta":{"_kad_post_transparent":"default","_kad_post_title":"","_kad_post_layout":"default","_kad_post_sidebar_id":"","_kad_post_content_style":"default","_kad_post_vertical_padding":"default","_kad_post_feature":"","_kad_post_feature_position":"","_kad_post_header":false,"_kad_post_footer":false,"_joinchat":[]},"product_brand":[],"product_cat":[24,177],"product_tag":[],"class_list":{"0":"post-11175","1":"product","2":"type-product","3":"status-publish","4":"has-post-thumbnail","6":"product_cat-juguetes-sexuales","7":"product_cat-juguetes_bondage","9":"first","10":"instock","11":"shipping-taxable","12":"purchasable","13":"product-type-variable","14":"entry","15":"content-bg","16":"loop-entry"},"_links":{"self":[{"href":"https:\/\/lenceria69.com\/sv\/wp-json\/wp\/v2\/product\/11175","targetHints":{"allow":["GET"]}}],"collection":[{"href":"https:\/\/lenceria69.com\/sv\/wp-json\/wp\/v2\/product"}],"about":[{"href":"https:\/\/lenceria69.com\/sv\/wp-json\/wp\/v2\/types\/product"}],"replies":[{"embeddable":true,"href":"https:\/\/lenceria69.com\/sv\/wp-json\/wp\/v2\/comments?post=11175"}],"version-history":[{"count":2,"href":"https:\/\/lenceria69.com\/sv\/wp-json\/wp\/v2\/product\/11175\/revisions"}],"predecessor-version":[{"id":11186,"href":"https:\/\/lenceria69.com\/sv\/wp-json\/wp\/v2\/product\/11175\/revisions\/11186"}],"wp:featuredmedia":[{"embeddable":true,"href":"https:\/\/lenceria69.com\/sv\/wp-json\/wp\/v2\/media\/11179"}],"wp:attachment":[{"href":"https:\/\/lenceria69.com\/sv\/wp-json\/wp\/v2\/media?parent=11175"}],"wp:term":[{"taxonomy":"product_brand","embeddable":true,"href":"https:\/\/lenceria69.com\/sv\/wp-json\/wp\/v2\/product_brand?post=11175"},{"taxonomy":"product_cat","embeddable":true,"href":"https:\/\/lenceria69.com\/sv\/wp-json\/wp\/v2\/product_cat?post=11175"},{"taxonomy":"product_tag","embeddable":true,"href":"https:\/\/lenceria69.com\/sv\/wp-json\/wp\/v2\/product_tag?post=11175"}],"curies":[{"name":"wp","href":"https:\/\/api.w.org\/{rel}","templated":true}]}}