{"id":9967,"date":"2025-05-04T21:16:48","date_gmt":"2025-05-05T03:16:48","guid":{"rendered":"https:\/\/lenceria69.com\/hn\/?post_type=product&#038;p=9967"},"modified":"2026-04-27T18:41:56","modified_gmt":"2026-04-28T00:41:56","slug":"lgbg601","status":"publish","type":"product","link":"https:\/\/lenceria69.com\/hn\/producto\/lgbg601\/","title":{"rendered":"Jenga Sensual y Shot: Drinking Game"},"content":{"rendered":"<p>D\u00e9jate llevar por este sexy juego de torre basculante&#8230; Con cada bloque eliminado con \u00e9xito, el jugador tiene la opci\u00f3n de tomar una bebida o realizar la actividad en el bloque.<\/p>\n","protected":false},"excerpt":{"rendered":"<p>D\u00e9jate llevar por este sexy juego de torre basculante&#8230; Con cada bloque eliminado con \u00e9xito, el jugador tiene la opci\u00f3n de tomar una bebida o realizar la actividad en el bloque.<\/p>\n","protected":false},"featured_media":9972,"comment_status":"open","ping_status":"closed","template":"","meta":{"_kad_post_transparent":"default","_kad_post_title":"","_kad_post_layout":"default","_kad_post_sidebar_id":"","_kad_post_content_style":"default","_kad_post_vertical_padding":"default","_kad_post_feature":"","_kad_post_feature_position":"","_kad_post_header":false,"_kad_post_footer":false,"_joinchat":[]},"product_brand":[],"product_cat":[24],"product_tag":[],"class_list":{"0":"post-9967","1":"product","2":"type-product","3":"status-publish","4":"has-post-thumbnail","6":"product_cat-juguetes-sexuales","8":"first","9":"outofstock","10":"shipping-taxable","11":"product-type-variable","12":"entry","13":"content-bg","14":"loop-entry"},"_links":{"self":[{"href":"https:\/\/lenceria69.com\/hn\/wp-json\/wp\/v2\/product\/9967","targetHints":{"allow":["GET"]}}],"collection":[{"href":"https:\/\/lenceria69.com\/hn\/wp-json\/wp\/v2\/product"}],"about":[{"href":"https:\/\/lenceria69.com\/hn\/wp-json\/wp\/v2\/types\/product"}],"replies":[{"embeddable":true,"href":"https:\/\/lenceria69.com\/hn\/wp-json\/wp\/v2\/comments?post=9967"}],"version-history":[{"count":1,"href":"https:\/\/lenceria69.com\/hn\/wp-json\/wp\/v2\/product\/9967\/revisions"}],"predecessor-version":[{"id":9977,"href":"https:\/\/lenceria69.com\/hn\/wp-json\/wp\/v2\/product\/9967\/revisions\/9977"}],"wp:featuredmedia":[{"embeddable":true,"href":"https:\/\/lenceria69.com\/hn\/wp-json\/wp\/v2\/media\/9972"}],"wp:attachment":[{"href":"https:\/\/lenceria69.com\/hn\/wp-json\/wp\/v2\/media?parent=9967"}],"wp:term":[{"taxonomy":"product_brand","embeddable":true,"href":"https:\/\/lenceria69.com\/hn\/wp-json\/wp\/v2\/product_brand?post=9967"},{"taxonomy":"product_cat","embeddable":true,"href":"https:\/\/lenceria69.com\/hn\/wp-json\/wp\/v2\/product_cat?post=9967"},{"taxonomy":"product_tag","embeddable":true,"href":"https:\/\/lenceria69.com\/hn\/wp-json\/wp\/v2\/product_tag?post=9967"}],"curies":[{"name":"wp","href":"https:\/\/api.w.org\/{rel}","templated":true}]}}