{"id":990,"date":"2023-05-29T11:26:05","date_gmt":"2023-05-29T17:26:05","guid":{"rendered":"http:\/\/lenceria69.com\/hn\/?post_type=product&#038;p=990"},"modified":"2025-11-24T10:19:57","modified_gmt":"2025-11-24T16:19:57","slug":"lh5190","status":"publish","type":"product","link":"https:\/\/lenceria69.com\/hn\/producto\/lh5190\/","title":{"rendered":"Vibrador con Control Remoto: S-Hande WeJoy"},"content":{"rendered":"<p>Ahora tienes el control de tener placer a donde quiera que vayas y sin que nadie se de cuenta con nuestro nuevo juguete con control remoto, el WeJoy RC hara que se te olvide en donde estas cuando estes disfrutanto de sus poderosas y silenciosas vibraciones, o bien haz que tu pareja controle las diferentes vibraciones con las que cuenta este genial juguete y disfruta de un orgasmo espontaneo en cualquier lugar.<\/p>\n<p>Descripcion:<br \/>\n&#8211; 2 poderosos motores proporcionan 9 modos de vibraci\u00f3n: 9 tipos de frecuencia de vibraci\u00f3n le dar\u00e1 m\u00e1s opciones que encuentro tu amor ritmo-cada uno con potencia ajustable los niveles de Si\u00e9ntase libre de modos de tu amor velocidad disfrutar m\u00e1s emocionantes juegos opciones<\/p>\n<p>&#8211; Control remoto inal\u00e1mbrico dise\u00f1o liberar las manos m\u00e1s conveniencia: Control remoto-la distancia hace que usted y su compa\u00f1ero m\u00e1s \u00edntimo-operable de hasta 5-10 metros \u00a1Por emocionante jugar! Pero nadie puede o\u00edr porque de su dise\u00f1o silencioso placer y emoci\u00f3n vienen en silencio adecuado para parejas coqueteando<\/p>\n<p>-Material m\u00e1s c\u00f3modo y coquetear:100% impermeable de silicona dise\u00f1o as\u00ed que puede usar libremente en las ba\u00f1eras duchas o en cualquier lugar que quieres, Al mismo tiempo el material de silicona es de alta calidad y incre\u00edblemente suave a entregar un incre\u00edble cl\u00edmax Vale la pena se\u00f1alar que es hecho de silicona m\u00e9dica de material suave y la piel-amistoso f\u00e1cil de limpiar, seguro y confiable<\/p>\n<p>&#8211; R\u00e1pido tiempo de carga magn\u00e9tica de carga: Es m\u00e1s conveniente para cargar que otros productos similares el vibrador y el control remoto puede ser magn\u00e9ticamente se carga a trav\u00e9s de usb no hay necesidad de reemplazar la bater\u00eda est\u00e1 completamente cargado en 120 minutos y te da 90 minutos de juego antes de tener que cargar \u00a1Otra vez!<\/p>\n<p>Caracteristicas<br \/>\n&#8211; Elaborado con material de silicona medica<br \/>\n&#8211; Estimulador de clitoris y Punto G<br \/>\n&#8211; Cuenta con control remoto para manipular sus modos de vibracion<br \/>\n&#8211; Cuenta con 9 modos de vibracion<br \/>\n&#8211; Modo de carga: USB (Carga completa dura hasta 1,5 horas de uso)<br \/>\n&#8211; Resistente al agua para utilizarlo en la ducha o ba\u00f1era<\/p>\n<p>Dimensiones:<br \/>\n&#8211; Longitud: 9,6 cms (3,77 in)<br \/>\n&#8211; Anchura: 2,9 cms (1,14 in)<br \/>\n&#8211; Altura: 6,2 cms (2,44 in)<\/p>\n","protected":false},"excerpt":{"rendered":"<p>LH5190<\/p>\n","protected":false},"featured_media":1000001531,"comment_status":"open","ping_status":"closed","template":"","meta":{"_kad_post_transparent":"default","_kad_post_title":"","_kad_post_layout":"default","_kad_post_sidebar_id":"","_kad_post_content_style":"default","_kad_post_vertical_padding":"default","_kad_post_feature":"","_kad_post_feature_position":"","_kad_post_header":false,"_kad_post_footer":false,"_joinchat":[]},"product_brand":[],"product_cat":[31,24],"product_tag":[171,175],"class_list":{"0":"post-990","1":"product","2":"type-product","3":"status-publish","4":"has-post-thumbnail","6":"product_cat-jugueterecargable","7":"product_cat-juguetes-sexuales","8":"product_tag-shande","9":"product_tag-shandeplus","11":"first","12":"outofstock","13":"shipping-taxable","14":"product-type-variable","15":"has-default-attributes","16":"entry","17":"content-bg","18":"loop-entry"},"_links":{"self":[{"href":"https:\/\/lenceria69.com\/hn\/wp-json\/wp\/v2\/product\/990","targetHints":{"allow":["GET"]}}],"collection":[{"href":"https:\/\/lenceria69.com\/hn\/wp-json\/wp\/v2\/product"}],"about":[{"href":"https:\/\/lenceria69.com\/hn\/wp-json\/wp\/v2\/types\/product"}],"replies":[{"embeddable":true,"href":"https:\/\/lenceria69.com\/hn\/wp-json\/wp\/v2\/comments?post=990"}],"version-history":[{"count":5,"href":"https:\/\/lenceria69.com\/hn\/wp-json\/wp\/v2\/product\/990\/revisions"}],"predecessor-version":[{"id":10613,"href":"https:\/\/lenceria69.com\/hn\/wp-json\/wp\/v2\/product\/990\/revisions\/10613"}],"wp:featuredmedia":[{"embeddable":true,"href":"https:\/\/lenceria69.com\/hn\/wp-json\/"}],"wp:attachment":[{"href":"https:\/\/lenceria69.com\/hn\/wp-json\/wp\/v2\/media?parent=990"}],"wp:term":[{"taxonomy":"product_brand","embeddable":true,"href":"https:\/\/lenceria69.com\/hn\/wp-json\/wp\/v2\/product_brand?post=990"},{"taxonomy":"product_cat","embeddable":true,"href":"https:\/\/lenceria69.com\/hn\/wp-json\/wp\/v2\/product_cat?post=990"},{"taxonomy":"product_tag","embeddable":true,"href":"https:\/\/lenceria69.com\/hn\/wp-json\/wp\/v2\/product_tag?post=990"}],"curies":[{"name":"wp","href":"https:\/\/api.w.org\/{rel}","templated":true}]}}