{"id":989,"date":"2024-12-02T12:00:57","date_gmt":"2024-12-02T18:00:57","guid":{"rendered":"http:\/\/lenceria69.com\/hn\/?post_type=product&#038;p=989"},"modified":"2026-02-18T13:18:45","modified_gmt":"2026-02-18T19:18:45","slug":"lh5240","status":"publish","type":"product","link":"https:\/\/lenceria69.com\/hn\/producto\/lh5240\/","title":{"rendered":"Dildo Consolador con Funcion de Succion: S-Hande Rabbit"},"content":{"rendered":"<p>Te presentamos el nuevo Rabbit Vib, No te quedes con las ganas de sentir nuevas experiencias al momento de estar a solas, ahora no solamente puedes disfrutar las vibraciones que te ofrece un consolador convencional sino que tambien podras disfrutar de una sutil sensacion de succion en tu cuerpo, ya sea que lo pases por tus genitales o bien puedes sentir esa misma sensacion en tus pezones, con este nuevo juguete no podras decidir en que parte de tu cuerpo lo deseas dejar.<\/p>\n<p>M\u00e9todo de uso:<br \/>\n&#8211; Mant\u00e9n pulsado el bot\u00f3n de encendido durante 3seg, el vibrador est\u00e1 encendido, cada clic en el bot\u00f3n de encendido, el vibrador cambiar\u00e1 el modo de vibraci\u00f3n<br \/>\n&#8211; Cada clic en el bot\u00f3n de succi\u00f3n, el modo de succi\u00f3n cambiar\u00e1<\/p>\n<p>Descripcion del Rabbit Vib:<br \/>\n&#8211; 9 modos de vibraci\u00f3n 9 modos de succi\u00f3n: puedes cambiar los modos de vibraci\u00f3n y los modos de succi\u00f3n de acuerdo a tus necesidades, \u00a1puede ayudarte a tener un orgasmo en unos minutos!<br \/>\n&#8211; Dise\u00f1o de hilo 9 tipos de m\u00e9todo de succi\u00f3n silicona suave<br \/>\n&#8211; Carga: Cargador r\u00e1pido magn\u00e9tico USB ecol\u00f3gico, \u00a1M\u00e1s f\u00e1cil que cargar tu tel\u00e9fono inteligente!<br \/>\n&#8211; Tiempo de carga: alrededor de 2 horas<br \/>\n&#8211; Tiempo de uso: alrededor de 2 horas<br \/>\n&#8211; Dise\u00f1o perfecto: pecho de succi\u00f3n y cl\u00edtoris Punto de est\u00edmulo cabeza de succi\u00f3n<br \/>\n&#8211; Grado de Impermeabilidad: IPX7. Significa que puede estar bajo el agua durante 30 minutos, puede usarse en el ba\u00f1o o en cualquier otro lugar h\u00famedo y es f\u00e1cil de limpiar.<br \/>\n&#8211; Silencio como un par de Susurros en el o\u00eddo.<br \/>\n&#8211; M\u00faltiples formas de explorar: m\u00e1s placer, esperando a que lo descubras<br \/>\n&#8211; Material:100% material de silicona seguro para el cuerpo<br \/>\n&#8211; Tama\u00f1o perfecto para transportarlo f\u00e1cilmente: puedes llevarlo cuando vayas a trabajar o tambalearte<\/p>\n<p>Dimensiones:<br \/>\n&#8211; Longitud: 8,18 in (20,9 cms)<br \/>\n&#8211; Ancho: 3,22 in (8,2 cms)<br \/>\n&#8211; Altura: 1,41 in (3,6 cms)<br \/>\n&#8211; Diametro de Boquilla: 0,86 in (2,2 cms)<\/p>\n","protected":false},"excerpt":{"rendered":"<p>LH5240<\/p>\n","protected":false},"featured_media":1000001848,"comment_status":"open","ping_status":"closed","template":"","meta":{"_kad_post_transparent":"default","_kad_post_title":"","_kad_post_layout":"default","_kad_post_sidebar_id":"","_kad_post_content_style":"default","_kad_post_vertical_padding":"default","_kad_post_feature":"","_kad_post_feature_position":"","_kad_post_header":false,"_kad_post_footer":false,"_joinchat":[]},"product_brand":[],"product_cat":[25,31,24],"product_tag":[171,175],"class_list":{"0":"post-989","1":"product","2":"type-product","3":"status-publish","4":"has-post-thumbnail","6":"product_cat-dildos","7":"product_cat-jugueterecargable","8":"product_cat-juguetes-sexuales","9":"product_tag-shande","10":"product_tag-shandeplus","12":"first","13":"outofstock","14":"shipping-taxable","15":"product-type-variable","16":"entry","17":"content-bg","18":"loop-entry"},"_links":{"self":[{"href":"https:\/\/lenceria69.com\/hn\/wp-json\/wp\/v2\/product\/989","targetHints":{"allow":["GET"]}}],"collection":[{"href":"https:\/\/lenceria69.com\/hn\/wp-json\/wp\/v2\/product"}],"about":[{"href":"https:\/\/lenceria69.com\/hn\/wp-json\/wp\/v2\/types\/product"}],"replies":[{"embeddable":true,"href":"https:\/\/lenceria69.com\/hn\/wp-json\/wp\/v2\/comments?post=989"}],"version-history":[{"count":4,"href":"https:\/\/lenceria69.com\/hn\/wp-json\/wp\/v2\/product\/989\/revisions"}],"predecessor-version":[{"id":10610,"href":"https:\/\/lenceria69.com\/hn\/wp-json\/wp\/v2\/product\/989\/revisions\/10610"}],"wp:featuredmedia":[{"embeddable":true,"href":"https:\/\/lenceria69.com\/hn\/wp-json\/"}],"wp:attachment":[{"href":"https:\/\/lenceria69.com\/hn\/wp-json\/wp\/v2\/media?parent=989"}],"wp:term":[{"taxonomy":"product_brand","embeddable":true,"href":"https:\/\/lenceria69.com\/hn\/wp-json\/wp\/v2\/product_brand?post=989"},{"taxonomy":"product_cat","embeddable":true,"href":"https:\/\/lenceria69.com\/hn\/wp-json\/wp\/v2\/product_cat?post=989"},{"taxonomy":"product_tag","embeddable":true,"href":"https:\/\/lenceria69.com\/hn\/wp-json\/wp\/v2\/product_tag?post=989"}],"curies":[{"name":"wp","href":"https:\/\/api.w.org\/{rel}","templated":true}]}}