{"id":982,"date":"2023-05-29T10:58:14","date_gmt":"2023-05-29T16:58:14","guid":{"rendered":"http:\/\/lenceria69.com\/hn\/?post_type=product&#038;p=982"},"modified":"2025-04-30T10:28:21","modified_gmt":"2025-04-30T16:28:21","slug":"pd2400-20","status":"publish","type":"product","link":"https:\/\/lenceria69.com\/hn\/producto\/pd2400-20\/","title":{"rendered":"Classix Penis Extension &#8211; Extension de Pene Texturizado"},"content":{"rendered":"<p>Suave, pero excitante y realista, siente el placer adicional que ofrece esta extensi\u00f3n de pene acanalada.<\/p>\n<p>Hecho con n\u00f3dulos emocionantes que brindan estimulaci\u00f3n er\u00f3tica adem\u00e1s de agregar largo y ancho, \u00bfqu\u00e9 m\u00e1s puede pedir una pareja?<\/p>\n<p>\u00a1Disfruta de un poco de Extra esta noche!<\/p>\n<p>caracter\u00edsticas y beneficios<br \/>\n&#8211; Sensaci\u00f3n suave y realista<br \/>\n&#8211; Agrega instant\u00e1neamente longitud y circunferencia<br \/>\n&#8211; Acanalado para mayor placer<br \/>\n&#8211; Los n\u00f3dulos de emoci\u00f3n brindan ultraestimulaci\u00f3n<\/p>\n<p>Dimensiones:<br \/>\nmedidas<br \/>\n&#8211; Longitud: 5,5 in (13,97 cms)<br \/>\n&#8211; Anchura: 1,25 in (3,175 cms)<br \/>\n&#8211; Circunferencia: 3,5 in (8,89 cms)<\/p>\n","protected":false},"excerpt":{"rendered":"<p>Suave, pero excitante y realista, siente el placer adicional que ofrece esta extensi\u00f3n de pene acanalada. Hecho con n\u00f3dulos emocionantes que brindan estimulaci\u00f3n er\u00f3tica adem\u00e1s de agregar largo y ancho, \u00bfqu\u00e9 m\u00e1s puede pedir una pareja? \u00a1Disfruta de un poco de Extra esta noche! caracter\u00edsticas y beneficios &#8211; Sensaci\u00f3n suave y realista &#8211; Agrega instant\u00e1neamente&#8230;<\/p>\n","protected":false},"featured_media":1000001176,"comment_status":"open","ping_status":"closed","template":"","meta":{"_kad_post_transparent":"default","_kad_post_title":"","_kad_post_layout":"default","_kad_post_sidebar_id":"","_kad_post_content_style":"default","_kad_post_vertical_padding":"default","_kad_post_feature":"","_kad_post_feature_position":"","_kad_post_header":false,"_kad_post_footer":false,"_joinchat":[]},"product_brand":[],"product_cat":[30,24],"product_tag":[],"class_list":{"0":"post-982","1":"product","2":"type-product","3":"status-publish","4":"has-post-thumbnail","6":"product_cat-juguetes_para_ellos","7":"product_cat-juguetes-sexuales","9":"first","10":"outofstock","11":"shipping-taxable","12":"product-type-variable","13":"entry","14":"content-bg","15":"loop-entry"},"_links":{"self":[{"href":"https:\/\/lenceria69.com\/hn\/wp-json\/wp\/v2\/product\/982","targetHints":{"allow":["GET"]}}],"collection":[{"href":"https:\/\/lenceria69.com\/hn\/wp-json\/wp\/v2\/product"}],"about":[{"href":"https:\/\/lenceria69.com\/hn\/wp-json\/wp\/v2\/types\/product"}],"replies":[{"embeddable":true,"href":"https:\/\/lenceria69.com\/hn\/wp-json\/wp\/v2\/comments?post=982"}],"version-history":[{"count":3,"href":"https:\/\/lenceria69.com\/hn\/wp-json\/wp\/v2\/product\/982\/revisions"}],"predecessor-version":[{"id":8835,"href":"https:\/\/lenceria69.com\/hn\/wp-json\/wp\/v2\/product\/982\/revisions\/8835"}],"wp:featuredmedia":[{"embeddable":true,"href":"https:\/\/lenceria69.com\/hn\/wp-json\/"}],"wp:attachment":[{"href":"https:\/\/lenceria69.com\/hn\/wp-json\/wp\/v2\/media?parent=982"}],"wp:term":[{"taxonomy":"product_brand","embeddable":true,"href":"https:\/\/lenceria69.com\/hn\/wp-json\/wp\/v2\/product_brand?post=982"},{"taxonomy":"product_cat","embeddable":true,"href":"https:\/\/lenceria69.com\/hn\/wp-json\/wp\/v2\/product_cat?post=982"},{"taxonomy":"product_tag","embeddable":true,"href":"https:\/\/lenceria69.com\/hn\/wp-json\/wp\/v2\/product_tag?post=982"}],"curies":[{"name":"wp","href":"https:\/\/api.w.org\/{rel}","templated":true}]}}