{"id":9800,"date":"2026-02-19T22:00:03","date_gmt":"2026-02-20T04:00:03","guid":{"rendered":"https:\/\/lenceria69.com\/hn\/?post_type=product&#038;p=9800"},"modified":"2026-04-06T02:07:03","modified_gmt":"2026-04-06T08:07:03","slug":"se0883-50-3","status":"publish","type":"product","link":"https:\/\/lenceria69.com\/hn\/producto\/se0883-50-3\/","title":{"rendered":"Masturbador para Hombre: The First Time"},"content":{"rendered":"<p>Tu primera vez no ser\u00e1 la \u00faltima con el masturbador Cheap Thrills The First Time.<\/p>\n<p>La c\u00e1mara texturizada de la funda ultra ajustada, el himen intacto y la estimulaci\u00f3n realista crean una experiencia de placer instant\u00e1nea y gratificante cada vez que te lo metes.<\/p>\n<p>El dise\u00f1o cerrado proporciona una succi\u00f3n superior, mientras que la c\u00e1mara con textura \u00fanica y el material Pure Skin ultrasuave y el\u00e1stico te emocionan con una sensaci\u00f3n realista.<\/p>\n<p>Ya sea que te des un capricho en casa o dondequiera que el placer te lleve, el compacto 5.25 es el compa\u00f1ero de viaje que anhelas.<\/p>\n<p>Caracter\u00edsticas<br \/>\nHecho de TPE<br \/>\nC\u00e1mara texturizada<br \/>\nSucci\u00f3n superior<br \/>\nHimen intacto<\/p>\n<p>Peso del paquete: 280 g<\/p>\n","protected":false},"excerpt":{"rendered":"<p>SE0883-50-3<\/p>\n","protected":false},"featured_media":9804,"comment_status":"open","ping_status":"closed","template":"","meta":{"_kad_post_transparent":"default","_kad_post_title":"","_kad_post_layout":"default","_kad_post_sidebar_id":"","_kad_post_content_style":"default","_kad_post_vertical_padding":"default","_kad_post_feature":"","_kad_post_feature_position":"","_kad_post_header":false,"_kad_post_footer":false,"_joinchat":[]},"product_brand":[],"product_cat":[30,24],"product_tag":[169],"class_list":{"0":"post-9800","1":"product","2":"type-product","3":"status-publish","4":"has-post-thumbnail","6":"product_cat-juguetes_para_ellos","7":"product_cat-juguetes-sexuales","8":"product_tag-masturbador","10":"first","11":"instock","12":"shipping-taxable","13":"purchasable","14":"product-type-variable","15":"has-default-attributes","16":"entry","17":"content-bg","18":"loop-entry"},"_links":{"self":[{"href":"https:\/\/lenceria69.com\/hn\/wp-json\/wp\/v2\/product\/9800","targetHints":{"allow":["GET"]}}],"collection":[{"href":"https:\/\/lenceria69.com\/hn\/wp-json\/wp\/v2\/product"}],"about":[{"href":"https:\/\/lenceria69.com\/hn\/wp-json\/wp\/v2\/types\/product"}],"replies":[{"embeddable":true,"href":"https:\/\/lenceria69.com\/hn\/wp-json\/wp\/v2\/comments?post=9800"}],"version-history":[{"count":2,"href":"https:\/\/lenceria69.com\/hn\/wp-json\/wp\/v2\/product\/9800\/revisions"}],"predecessor-version":[{"id":11457,"href":"https:\/\/lenceria69.com\/hn\/wp-json\/wp\/v2\/product\/9800\/revisions\/11457"}],"wp:featuredmedia":[{"embeddable":true,"href":"https:\/\/lenceria69.com\/hn\/wp-json\/wp\/v2\/media\/9804"}],"wp:attachment":[{"href":"https:\/\/lenceria69.com\/hn\/wp-json\/wp\/v2\/media?parent=9800"}],"wp:term":[{"taxonomy":"product_brand","embeddable":true,"href":"https:\/\/lenceria69.com\/hn\/wp-json\/wp\/v2\/product_brand?post=9800"},{"taxonomy":"product_cat","embeddable":true,"href":"https:\/\/lenceria69.com\/hn\/wp-json\/wp\/v2\/product_cat?post=9800"},{"taxonomy":"product_tag","embeddable":true,"href":"https:\/\/lenceria69.com\/hn\/wp-json\/wp\/v2\/product_tag?post=9800"}],"curies":[{"name":"wp","href":"https:\/\/api.w.org\/{rel}","templated":true}]}}