{"id":972,"date":"2023-05-29T08:54:20","date_gmt":"2023-05-29T14:54:20","guid":{"rendered":"http:\/\/lenceria69.com\/hn\/?post_type=product&#038;p=972"},"modified":"2026-01-27T14:37:06","modified_gmt":"2026-01-27T20:37:06","slug":"lh5050","status":"publish","type":"product","link":"https:\/\/lenceria69.com\/hn\/producto\/lh5050\/","title":{"rendered":"Magic Wand &#8211; Varita de Masages"},"content":{"rendered":"<p>El Magic Wand es una potente varita de masaje que te traer\u00e1 una fuerte vibraci\u00f3n que concentra la potencia en tu cuello, espalda, parte inferior de la espalda, hombros y entrepierna con su suave cabeza flexible la cual proporcionara un placer casi instantaneo.<\/p>\n<p>Caracter\u00edsticas:<br \/>\n&#8211; Las vibraciones de frecuencia de 10 te permiten experimentar diferentes pasiones de sensaci\u00f3n.<br \/>\n&#8211; Con cargador USB, ahorra energ\u00eda, cuando se carga completamente en unas 3 horas, puede funcionar alrededor de 2 horas o m\u00e1s, sin tener que comprar las bater\u00edas.<br \/>\n&#8211; Masajeador vibratorio silencioso s\u00faper potente, vibrador de Punto G para mujeres, Juguetes sexuales con carga USB, productos sexuales consolador estimulante Clitoris.<\/p>\n<p>Especificaciones:<br \/>\n&#8211; Color: Rosa rojo, morado<br \/>\n&#8211; Material: silicona<br \/>\n&#8211; Bateria: recargable de litio integrada de 500mA<br \/>\n&#8211; Tiempo de carga: alrededor de 3 horas<br \/>\n&#8211; Tiempo de uso: alrededor de 2 horas cuando est\u00e1 completamente cargado<br \/>\n&#8211; Resistente al agua para utilizar en la ducha o ba\u00f1era<\/p>\n<p>Dimensiones:<br \/>\n&#8211; Longitud: 19,8 cms (7,79 in)<br \/>\n&#8211; Longitud de cabeza vibradora: 4,5 cms (1,77 in)<br \/>\n&#8211; Anchura de cabeza vibradora: 4,2 cms (1,65 in)<\/p>\n","protected":false},"excerpt":{"rendered":"<p>El Magic Wand es una potente varita de masaje que te traer\u00e1 una fuerte vibraci\u00f3n que concentra la potencia en tu cuello, espalda, parte inferior de la espalda, hombros y entrepierna con su suave cabeza flexible la cual proporcionara un placer casi instantaneo. Caracter\u00edsticas: &#8211; Las vibraciones de frecuencia de 10 te permiten experimentar diferentes&#8230;<\/p>\n","protected":false},"featured_media":4400,"comment_status":"open","ping_status":"closed","template":"","meta":{"_kad_post_transparent":"default","_kad_post_title":"","_kad_post_layout":"default","_kad_post_sidebar_id":"","_kad_post_content_style":"default","_kad_post_vertical_padding":"default","_kad_post_feature":"","_kad_post_feature_position":"","_kad_post_header":false,"_kad_post_footer":false,"_joinchat":[]},"product_brand":[],"product_cat":[31,24],"product_tag":[],"class_list":{"0":"post-972","1":"product","2":"type-product","3":"status-publish","4":"has-post-thumbnail","6":"product_cat-jugueterecargable","7":"product_cat-juguetes-sexuales","9":"first","10":"outofstock","11":"shipping-taxable","12":"product-type-variable","13":"entry","14":"content-bg","15":"loop-entry"},"_links":{"self":[{"href":"https:\/\/lenceria69.com\/hn\/wp-json\/wp\/v2\/product\/972","targetHints":{"allow":["GET"]}}],"collection":[{"href":"https:\/\/lenceria69.com\/hn\/wp-json\/wp\/v2\/product"}],"about":[{"href":"https:\/\/lenceria69.com\/hn\/wp-json\/wp\/v2\/types\/product"}],"replies":[{"embeddable":true,"href":"https:\/\/lenceria69.com\/hn\/wp-json\/wp\/v2\/comments?post=972"}],"version-history":[{"count":3,"href":"https:\/\/lenceria69.com\/hn\/wp-json\/wp\/v2\/product\/972\/revisions"}],"predecessor-version":[{"id":8964,"href":"https:\/\/lenceria69.com\/hn\/wp-json\/wp\/v2\/product\/972\/revisions\/8964"}],"wp:featuredmedia":[{"embeddable":true,"href":"https:\/\/lenceria69.com\/hn\/wp-json\/wp\/v2\/media\/4400"}],"wp:attachment":[{"href":"https:\/\/lenceria69.com\/hn\/wp-json\/wp\/v2\/media?parent=972"}],"wp:term":[{"taxonomy":"product_brand","embeddable":true,"href":"https:\/\/lenceria69.com\/hn\/wp-json\/wp\/v2\/product_brand?post=972"},{"taxonomy":"product_cat","embeddable":true,"href":"https:\/\/lenceria69.com\/hn\/wp-json\/wp\/v2\/product_cat?post=972"},{"taxonomy":"product_tag","embeddable":true,"href":"https:\/\/lenceria69.com\/hn\/wp-json\/wp\/v2\/product_tag?post=972"}],"curies":[{"name":"wp","href":"https:\/\/api.w.org\/{rel}","templated":true}]}}