{"id":957,"date":"2025-05-05T16:38:38","date_gmt":"2025-05-05T22:38:38","guid":{"rendered":"http:\/\/lenceria69.com\/hn\/?post_type=product&#038;p=957"},"modified":"2025-08-08T15:51:07","modified_gmt":"2025-08-08T21:51:07","slug":"ba5002","status":"publish","type":"product","link":"https:\/\/lenceria69.com\/hn\/producto\/ba5002\/","title":{"rendered":"Health Gummies &#8211; Bote de Gomitas Dulces Magicas"},"content":{"rendered":"<p>Te ofrecemos un producto premium de alta calidad que ayuda a promover la relajaci\u00f3n y un estilo de vida saludable. Despu\u00e9s de innumerables investigaciones, hemos creado productos para ayudar al bienestar general de la mente y el cuerpo.<\/p>\n<p>Cultivado a partir de c\u00e1\u00f1amo industrial 100% org\u00e1nico.<br \/>\nUtilizar los beneficios del c\u00e1\u00f1amo industrializado nos permite ofrecer productos de C-B-!) limpios de primera calidad.<\/p>\n<p>Todos los productos contienen de cero a 0.3% de T-H-(<\/p>\n<p>Contenido: 15 gomitas m\u00e1gicas<\/p>\n","protected":false},"excerpt":{"rendered":"<p>BA5002<\/p>\n","protected":false},"featured_media":1000001135,"comment_status":"open","ping_status":"closed","template":"","meta":{"_kad_post_transparent":"default","_kad_post_title":"","_kad_post_layout":"default","_kad_post_sidebar_id":"","_kad_post_content_style":"default","_kad_post_vertical_padding":"default","_kad_post_feature":"","_kad_post_feature_position":"","_kad_post_header":false,"_kad_post_footer":false,"_joinchat":[]},"product_brand":[],"product_cat":[22],"product_tag":[],"class_list":{"0":"post-957","1":"product","2":"type-product","3":"status-publish","4":"has-post-thumbnail","6":"product_cat-suplementos","8":"first","9":"outofstock","10":"shipping-taxable","11":"product-type-variable","12":"has-default-attributes","13":"entry","14":"content-bg","15":"loop-entry"},"_links":{"self":[{"href":"https:\/\/lenceria69.com\/hn\/wp-json\/wp\/v2\/product\/957","targetHints":{"allow":["GET"]}}],"collection":[{"href":"https:\/\/lenceria69.com\/hn\/wp-json\/wp\/v2\/product"}],"about":[{"href":"https:\/\/lenceria69.com\/hn\/wp-json\/wp\/v2\/types\/product"}],"replies":[{"embeddable":true,"href":"https:\/\/lenceria69.com\/hn\/wp-json\/wp\/v2\/comments?post=957"}],"version-history":[{"count":4,"href":"https:\/\/lenceria69.com\/hn\/wp-json\/wp\/v2\/product\/957\/revisions"}],"predecessor-version":[{"id":10574,"href":"https:\/\/lenceria69.com\/hn\/wp-json\/wp\/v2\/product\/957\/revisions\/10574"}],"wp:featuredmedia":[{"embeddable":true,"href":"https:\/\/lenceria69.com\/hn\/wp-json\/"}],"wp:attachment":[{"href":"https:\/\/lenceria69.com\/hn\/wp-json\/wp\/v2\/media?parent=957"}],"wp:term":[{"taxonomy":"product_brand","embeddable":true,"href":"https:\/\/lenceria69.com\/hn\/wp-json\/wp\/v2\/product_brand?post=957"},{"taxonomy":"product_cat","embeddable":true,"href":"https:\/\/lenceria69.com\/hn\/wp-json\/wp\/v2\/product_cat?post=957"},{"taxonomy":"product_tag","embeddable":true,"href":"https:\/\/lenceria69.com\/hn\/wp-json\/wp\/v2\/product_tag?post=957"}],"curies":[{"name":"wp","href":"https:\/\/api.w.org\/{rel}","templated":true}]}}