{"id":898,"date":"2023-04-13T13:22:41","date_gmt":"2023-04-13T19:22:41","guid":{"rendered":"http:\/\/lenceria69.com\/hn\/?post_type=product&#038;p=898"},"modified":"2025-03-11T11:35:16","modified_gmt":"2025-03-11T17:35:16","slug":"ccs229-sensual-conjunto-3-piezas-camel","status":"publish","type":"product","link":"https:\/\/lenceria69.com\/hn\/producto\/ccs229-sensual-conjunto-3-piezas-camel\/","title":{"rendered":"CCS229 &#8211; Sensual Conjunto 3 Piezas \u00abCamel\u00bb"},"content":{"rendered":"<p>Te invitamos a adquirir nuestros conjuntos de la l\u00ednea premium de lencer\u00eda femenina, dise\u00f1adas y manufacturadas en Medell\u00edn, Colombia.<br \/>\nTodos los conjuntos de esta l\u00ednea est\u00e1n dise\u00f1ados con ajustables, y tela de la mas alta calidad, para que puedas utilizarlas tanto como para uso diario, como para una ocasi\u00f3n especial. Creados especialmente para que te sientas sensual y puedas usar una prenda que resalte la belleza de tu cuerpo.<\/p>\n<p>** Nota: Traje no incluye ning\u00fan tipo de medias<\/p>\n","protected":false},"excerpt":{"rendered":"<p>Conjunto Talla -SM-<\/p>\n","protected":false},"featured_media":100000588,"comment_status":"open","ping_status":"closed","template":"","meta":{"_kad_post_transparent":"default","_kad_post_title":"","_kad_post_layout":"default","_kad_post_sidebar_id":"","_kad_post_content_style":"default","_kad_post_vertical_padding":"default","_kad_post_feature":"","_kad_post_feature_position":"","_kad_post_header":false,"_kad_post_footer":false,"_joinchat":[]},"product_brand":[],"product_cat":[32,35],"product_tag":[],"class_list":{"0":"post-898","1":"product","2":"type-product","3":"status-publish","4":"has-post-thumbnail","6":"product_cat-lenceria","7":"product_cat-lenceria-premium","9":"first","10":"outofstock","11":"sale","12":"shipping-taxable","13":"purchasable","14":"product-type-simple","15":"entry","16":"content-bg","17":"loop-entry"},"_links":{"self":[{"href":"https:\/\/lenceria69.com\/hn\/wp-json\/wp\/v2\/product\/898","targetHints":{"allow":["GET"]}}],"collection":[{"href":"https:\/\/lenceria69.com\/hn\/wp-json\/wp\/v2\/product"}],"about":[{"href":"https:\/\/lenceria69.com\/hn\/wp-json\/wp\/v2\/types\/product"}],"replies":[{"embeddable":true,"href":"https:\/\/lenceria69.com\/hn\/wp-json\/wp\/v2\/comments?post=898"}],"version-history":[{"count":2,"href":"https:\/\/lenceria69.com\/hn\/wp-json\/wp\/v2\/product\/898\/revisions"}],"predecessor-version":[{"id":5935,"href":"https:\/\/lenceria69.com\/hn\/wp-json\/wp\/v2\/product\/898\/revisions\/5935"}],"wp:featuredmedia":[{"embeddable":true,"href":"https:\/\/lenceria69.com\/hn\/wp-json\/"}],"wp:attachment":[{"href":"https:\/\/lenceria69.com\/hn\/wp-json\/wp\/v2\/media?parent=898"}],"wp:term":[{"taxonomy":"product_brand","embeddable":true,"href":"https:\/\/lenceria69.com\/hn\/wp-json\/wp\/v2\/product_brand?post=898"},{"taxonomy":"product_cat","embeddable":true,"href":"https:\/\/lenceria69.com\/hn\/wp-json\/wp\/v2\/product_cat?post=898"},{"taxonomy":"product_tag","embeddable":true,"href":"https:\/\/lenceria69.com\/hn\/wp-json\/wp\/v2\/product_tag?post=898"}],"curies":[{"name":"wp","href":"https:\/\/api.w.org\/{rel}","templated":true}]}}