{"id":884,"date":"2023-04-13T12:46:46","date_gmt":"2023-04-13T18:46:46","guid":{"rendered":"http:\/\/lenceria69.com\/hn\/?post_type=product&#038;p=884"},"modified":"2026-03-14T06:23:57","modified_gmt":"2026-03-14T12:23:57","slug":"ccs267-sensual-bodysuit-lodge","status":"publish","type":"product","link":"https:\/\/lenceria69.com\/hn\/producto\/ccs267-sensual-bodysuit-lodge\/","title":{"rendered":"CCS267 &#8211; Sensual Bodysuit \u00abLodge\u00bb"},"content":{"rendered":"<p>Te invitamos a adquirir nuestros conjuntos de la l\u00ednea premium de lencer\u00eda femenina, dise\u00f1adas y manufacturadas en Medell\u00edn, Colombia.<br \/>\nTodos los conjuntos de esta l\u00ednea est\u00e1n dise\u00f1ados con ajustables, y tela de la mas alta calidad, para que puedas utilizarlas tanto como para uso diario, como para una ocasi\u00f3n especial. Creados especialmente para que te sientas sensual y puedas usar una prenda que resalte la belleza de tu cuerpo.<\/p>\n<p>** Nota: Traje no incluye ningun tipo de medias<\/p>\n","protected":false},"excerpt":{"rendered":"<p>Te invitamos a adquirir nuestros conjuntos de la l\u00ednea premium de lencer\u00eda femenina, dise\u00f1adas y manufacturadas en Medell\u00edn, Colombia. Todos los conjuntos de esta l\u00ednea est\u00e1n dise\u00f1ados con ajustables, y tela de la mas alta calidad, para que puedas utilizarlas tanto como para uso diario, como para una ocasi\u00f3n especial. Creados especialmente para que te&#8230;<\/p>\n","protected":false},"featured_media":100000579,"comment_status":"open","ping_status":"closed","template":"","meta":{"_kad_post_transparent":"default","_kad_post_title":"","_kad_post_layout":"default","_kad_post_sidebar_id":"","_kad_post_content_style":"default","_kad_post_vertical_padding":"default","_kad_post_feature":"","_kad_post_feature_position":"","_kad_post_header":false,"_kad_post_footer":false,"_kad_post_classname":"","_joinchat":[]},"product_brand":[],"product_cat":[32,35],"product_tag":[],"class_list":{"0":"post-884","1":"product","2":"type-product","3":"status-publish","4":"has-post-thumbnail","6":"product_cat-lenceria","7":"product_cat-lenceria-premium","9":"first","10":"outofstock","11":"shipping-taxable","12":"product-type-variable","13":"entry","14":"content-bg","15":"loop-entry"},"_links":{"self":[{"href":"https:\/\/lenceria69.com\/hn\/wp-json\/wp\/v2\/product\/884","targetHints":{"allow":["GET"]}}],"collection":[{"href":"https:\/\/lenceria69.com\/hn\/wp-json\/wp\/v2\/product"}],"about":[{"href":"https:\/\/lenceria69.com\/hn\/wp-json\/wp\/v2\/types\/product"}],"replies":[{"embeddable":true,"href":"https:\/\/lenceria69.com\/hn\/wp-json\/wp\/v2\/comments?post=884"}],"version-history":[{"count":1,"href":"https:\/\/lenceria69.com\/hn\/wp-json\/wp\/v2\/product\/884\/revisions"}],"predecessor-version":[{"id":7429,"href":"https:\/\/lenceria69.com\/hn\/wp-json\/wp\/v2\/product\/884\/revisions\/7429"}],"wp:featuredmedia":[{"embeddable":true,"href":"https:\/\/lenceria69.com\/hn\/wp-json\/"}],"wp:attachment":[{"href":"https:\/\/lenceria69.com\/hn\/wp-json\/wp\/v2\/media?parent=884"}],"wp:term":[{"taxonomy":"product_brand","embeddable":true,"href":"https:\/\/lenceria69.com\/hn\/wp-json\/wp\/v2\/product_brand?post=884"},{"taxonomy":"product_cat","embeddable":true,"href":"https:\/\/lenceria69.com\/hn\/wp-json\/wp\/v2\/product_cat?post=884"},{"taxonomy":"product_tag","embeddable":true,"href":"https:\/\/lenceria69.com\/hn\/wp-json\/wp\/v2\/product_tag?post=884"}],"curies":[{"name":"wp","href":"https:\/\/api.w.org\/{rel}","templated":true}]}}