{"id":7713,"date":"2024-11-28T13:13:03","date_gmt":"2024-11-28T19:13:03","guid":{"rendered":"https:\/\/lenceria69.com\/hn\/?post_type=product&#038;p=7713"},"modified":"2025-12-19T15:08:43","modified_gmt":"2025-12-19T21:08:43","slug":"lh9002-36","status":"publish","type":"product","link":"https:\/\/lenceria69.com\/hn\/producto\/lh9002-36\/","title":{"rendered":"Conjunto Navide\u00f1o estilo Bodysuit con bolitas de nieve"},"content":{"rendered":"<p>Dicen que las ni\u00f1as buenas reciben regalos por parte de Santa, pero tu por dentro sabes que te quieres portal mal\u2026<\/p>\n<p>Por eso aqu\u00ed tenemos el conjunto que estabas esperando para que tu pareja no te quite los ojos de encima, un sensual conjunto con tema de navide\u00f1o que dejara volar la imaginaci\u00f3n, har\u00e1 que tu pareja solo tenga ojos para ti y para nadie m\u00e1s haciendo que esta navidad TU seas el regalo que quieran descubrir debajo del \u00e1rbol de navidad.<\/p>\n","protected":false},"excerpt":{"rendered":"<p>Dicen que las ni\u00f1as buenas reciben regalos por parte de Santa, pero tu por dentro sabes que te quieres portal mal\u2026 Por eso aqu\u00ed tenemos el conjunto que estabas esperando para que tu pareja no te quite los ojos de encima, un sensual conjunto con tema de navide\u00f1o que dejara volar la imaginaci\u00f3n, har\u00e1 que&#8230;<\/p>\n","protected":false},"featured_media":7717,"comment_status":"open","ping_status":"closed","template":"","meta":{"_kad_post_transparent":"default","_kad_post_title":"","_kad_post_layout":"default","_kad_post_sidebar_id":"","_kad_post_content_style":"default","_kad_post_vertical_padding":"default","_kad_post_feature":"","_kad_post_feature_position":"","_kad_post_header":false,"_kad_post_footer":false,"_kad_post_classname":"","_joinchat":[]},"product_brand":[],"product_cat":[32,37],"product_tag":[],"class_list":{"0":"post-7713","1":"product","2":"type-product","3":"status-publish","4":"has-post-thumbnail","6":"product_cat-lenceria","7":"product_cat-unitalla","9":"first","10":"instock","11":"sale","12":"shipping-taxable","13":"purchasable","14":"product-type-variable","15":"has-default-attributes","16":"entry","17":"content-bg","18":"loop-entry"},"_links":{"self":[{"href":"https:\/\/lenceria69.com\/hn\/wp-json\/wp\/v2\/product\/7713","targetHints":{"allow":["GET"]}}],"collection":[{"href":"https:\/\/lenceria69.com\/hn\/wp-json\/wp\/v2\/product"}],"about":[{"href":"https:\/\/lenceria69.com\/hn\/wp-json\/wp\/v2\/types\/product"}],"replies":[{"embeddable":true,"href":"https:\/\/lenceria69.com\/hn\/wp-json\/wp\/v2\/comments?post=7713"}],"version-history":[{"count":2,"href":"https:\/\/lenceria69.com\/hn\/wp-json\/wp\/v2\/product\/7713\/revisions"}],"predecessor-version":[{"id":12195,"href":"https:\/\/lenceria69.com\/hn\/wp-json\/wp\/v2\/product\/7713\/revisions\/12195"}],"wp:featuredmedia":[{"embeddable":true,"href":"https:\/\/lenceria69.com\/hn\/wp-json\/wp\/v2\/media\/7717"}],"wp:attachment":[{"href":"https:\/\/lenceria69.com\/hn\/wp-json\/wp\/v2\/media?parent=7713"}],"wp:term":[{"taxonomy":"product_brand","embeddable":true,"href":"https:\/\/lenceria69.com\/hn\/wp-json\/wp\/v2\/product_brand?post=7713"},{"taxonomy":"product_cat","embeddable":true,"href":"https:\/\/lenceria69.com\/hn\/wp-json\/wp\/v2\/product_cat?post=7713"},{"taxonomy":"product_tag","embeddable":true,"href":"https:\/\/lenceria69.com\/hn\/wp-json\/wp\/v2\/product_tag?post=7713"}],"curies":[{"name":"wp","href":"https:\/\/api.w.org\/{rel}","templated":true}]}}