{"id":714,"date":"2023-03-31T10:19:08","date_gmt":"2023-03-31T16:19:08","guid":{"rendered":"http:\/\/lenceria69.com\/hn\/?post_type=product&#038;p=714"},"modified":"2026-03-06T15:07:48","modified_gmt":"2026-03-06T21:07:48","slug":"lh5130","status":"publish","type":"product","link":"https:\/\/lenceria69.com\/hn\/producto\/lh5130\/","title":{"rendered":"Esposas Sint\u00e9ticas de Cuero: Bondage HandCuff"},"content":{"rendered":"<p>Esposas ajustables, la elasticidad se puede ajustar seg\u00fan el tama\u00f1o de la mano.<br \/>\nTambi\u00e9n se puede utilizar como tobilleras.<br \/>\nSe puede utilizar tanto como esposas como herramienta para estimular la vida sexual de las parejas.<br \/>\nMejorar la relaci\u00f3n entre marido y mujer.<br \/>\nPuedes colocar la cama para crear una experiencia de juego emocionante.<\/p>\n<p>Caracteristicas:<br \/>\n&#8211; Material: cuero + felpa<br \/>\n&#8211; Longitud: aprox. 32 cm<br \/>\n&#8211; Ancho: aprox. 5 cm<br \/>\n&#8211; Longitud de la cadena: aprox. 15 cm<\/p>\n","protected":false},"excerpt":{"rendered":"<p>Esposas ajustables, la elasticidad se puede ajustar seg\u00fan el tama\u00f1o de la mano. Tambi\u00e9n se puede utilizar como tobilleras. Se puede utilizar tanto como esposas como herramienta para estimular la vida sexual de las parejas. Mejorar la relaci\u00f3n entre marido y mujer. Puedes colocar la cama para crear una experiencia de juego emocionante. Caracteristicas: &#8211;&#8230;<\/p>\n","protected":false},"featured_media":4468,"comment_status":"open","ping_status":"closed","template":"","meta":{"_kad_post_transparent":"default","_kad_post_title":"","_kad_post_layout":"default","_kad_post_sidebar_id":"","_kad_post_content_style":"default","_kad_post_vertical_padding":"default","_kad_post_feature":"","_kad_post_feature_position":"","_kad_post_header":false,"_kad_post_footer":false,"_joinchat":[]},"product_brand":[],"product_cat":[27,24],"product_tag":[],"class_list":{"0":"post-714","1":"product","2":"type-product","3":"status-publish","4":"has-post-thumbnail","6":"product_cat-juguetebondage","7":"product_cat-juguetes-sexuales","9":"first","10":"instock","11":"shipping-taxable","12":"purchasable","13":"product-type-variable","14":"entry","15":"content-bg","16":"loop-entry"},"_links":{"self":[{"href":"https:\/\/lenceria69.com\/hn\/wp-json\/wp\/v2\/product\/714","targetHints":{"allow":["GET"]}}],"collection":[{"href":"https:\/\/lenceria69.com\/hn\/wp-json\/wp\/v2\/product"}],"about":[{"href":"https:\/\/lenceria69.com\/hn\/wp-json\/wp\/v2\/types\/product"}],"replies":[{"embeddable":true,"href":"https:\/\/lenceria69.com\/hn\/wp-json\/wp\/v2\/comments?post=714"}],"version-history":[{"count":4,"href":"https:\/\/lenceria69.com\/hn\/wp-json\/wp\/v2\/product\/714\/revisions"}],"predecessor-version":[{"id":11038,"href":"https:\/\/lenceria69.com\/hn\/wp-json\/wp\/v2\/product\/714\/revisions\/11038"}],"wp:featuredmedia":[{"embeddable":true,"href":"https:\/\/lenceria69.com\/hn\/wp-json\/wp\/v2\/media\/4468"}],"wp:attachment":[{"href":"https:\/\/lenceria69.com\/hn\/wp-json\/wp\/v2\/media?parent=714"}],"wp:term":[{"taxonomy":"product_brand","embeddable":true,"href":"https:\/\/lenceria69.com\/hn\/wp-json\/wp\/v2\/product_brand?post=714"},{"taxonomy":"product_cat","embeddable":true,"href":"https:\/\/lenceria69.com\/hn\/wp-json\/wp\/v2\/product_cat?post=714"},{"taxonomy":"product_tag","embeddable":true,"href":"https:\/\/lenceria69.com\/hn\/wp-json\/wp\/v2\/product_tag?post=714"}],"curies":[{"name":"wp","href":"https:\/\/api.w.org\/{rel}","templated":true}]}}