{"id":7131,"date":"2024-09-30T21:43:48","date_gmt":"2024-10-01T03:43:48","guid":{"rendered":"https:\/\/lenceria69.com\/hn\/?post_type=product&#038;p=7131"},"modified":"2025-05-27T15:39:35","modified_gmt":"2025-05-27T21:39:35","slug":"pd3256-00","status":"publish","type":"product","link":"https:\/\/lenceria69.com\/hn\/producto\/pd3256-00\/","title":{"rendered":"M.I.L.F. Doll &#8211; Mu\u00f1eca Inflable Masturbadora"},"content":{"rendered":"<p>Si has estado pasando tu tiempo libre en el supermercado, en partidos de ligas menores y en otros lugares de reuni\u00f3n de amas de casa buscando un co\u00f1o maduro de MILF, esta tetona es perfecta para ti. Ac\u00e9ptalo, te gusta que tu cola sea un poco m\u00e1s madura y esta sexy puta madre de f\u00fatbol es justo tu tipo. El hecho de que una mujer tenga un hijo no significa que no est\u00e9 cachonda; de hecho, \u00a1significa que definitivamente quiere polla!<\/p>\n<p>Quieres una mujer que sepa complacer, no una jovencita mojada detr\u00e1s de la oreja que te lame el casco toda la noche. Esta mam\u00e1 madura busca a alguien que le apriete las tetas hinchadas por la leche, le d\u00e9 una palmada en su gran trasero redondo y le d\u00e9 la polla joven y dura que su marido no le est\u00e1 dando. \u00a1Elige un agujero y golp\u00e9alo y dale al amor maternal un significado completamente nuevo!<\/p>\n","protected":false},"excerpt":{"rendered":"<p>Si has estado pasando tu tiempo libre en el supermercado, en partidos de ligas menores y en otros lugares de reuni\u00f3n de amas de casa buscando un co\u00f1o maduro de MILF, esta tetona es perfecta para ti. Ac\u00e9ptalo, te gusta que tu cola sea un poco m\u00e1s madura y esta sexy puta madre de f\u00fatbol&#8230;<\/p>\n","protected":false},"featured_media":7132,"comment_status":"open","ping_status":"closed","template":"","meta":{"_kad_post_transparent":"default","_kad_post_title":"","_kad_post_layout":"default","_kad_post_sidebar_id":"","_kad_post_content_style":"default","_kad_post_vertical_padding":"default","_kad_post_feature":"","_kad_post_feature_position":"","_kad_post_header":false,"_kad_post_footer":false,"_joinchat":[]},"product_brand":[],"product_cat":[30,24],"product_tag":[169],"class_list":{"0":"post-7131","1":"product","2":"type-product","3":"status-publish","4":"has-post-thumbnail","6":"product_cat-juguetes_para_ellos","7":"product_cat-juguetes-sexuales","8":"product_tag-masturbador","10":"first","11":"outofstock","12":"shipping-taxable","13":"product-type-variable","14":"entry","15":"content-bg","16":"loop-entry"},"_links":{"self":[{"href":"https:\/\/lenceria69.com\/hn\/wp-json\/wp\/v2\/product\/7131","targetHints":{"allow":["GET"]}}],"collection":[{"href":"https:\/\/lenceria69.com\/hn\/wp-json\/wp\/v2\/product"}],"about":[{"href":"https:\/\/lenceria69.com\/hn\/wp-json\/wp\/v2\/types\/product"}],"replies":[{"embeddable":true,"href":"https:\/\/lenceria69.com\/hn\/wp-json\/wp\/v2\/comments?post=7131"}],"version-history":[{"count":2,"href":"https:\/\/lenceria69.com\/hn\/wp-json\/wp\/v2\/product\/7131\/revisions"}],"predecessor-version":[{"id":9711,"href":"https:\/\/lenceria69.com\/hn\/wp-json\/wp\/v2\/product\/7131\/revisions\/9711"}],"wp:featuredmedia":[{"embeddable":true,"href":"https:\/\/lenceria69.com\/hn\/wp-json\/wp\/v2\/media\/7132"}],"wp:attachment":[{"href":"https:\/\/lenceria69.com\/hn\/wp-json\/wp\/v2\/media?parent=7131"}],"wp:term":[{"taxonomy":"product_brand","embeddable":true,"href":"https:\/\/lenceria69.com\/hn\/wp-json\/wp\/v2\/product_brand?post=7131"},{"taxonomy":"product_cat","embeddable":true,"href":"https:\/\/lenceria69.com\/hn\/wp-json\/wp\/v2\/product_cat?post=7131"},{"taxonomy":"product_tag","embeddable":true,"href":"https:\/\/lenceria69.com\/hn\/wp-json\/wp\/v2\/product_tag?post=7131"}],"curies":[{"name":"wp","href":"https:\/\/api.w.org\/{rel}","templated":true}]}}