{"id":7091,"date":"2025-09-28T14:30:01","date_gmt":"2025-09-28T20:30:01","guid":{"rendered":"https:\/\/lenceria69.com\/hn\/?post_type=product&#038;p=7091"},"modified":"2026-04-15T11:46:52","modified_gmt":"2026-04-15T17:46:52","slug":"xrab904","status":"publish","type":"product","link":"https:\/\/lenceria69.com\/hn\/producto\/xrab904\/","title":{"rendered":"Clean Stream Enema &#8211; Enema Limpiador"},"content":{"rendered":"<p>La pera para enema CleanStream es una excelente opci\u00f3n para quienes buscan una soluci\u00f3n r\u00e1pida y sencilla. Simplemente agregue l\u00edquido a la pera, enrosque bien la boquilla y asegure el sello. Esta pera para enema es perfecta para viajar y su limpieza es muy sencilla. Est\u00e1 dise\u00f1ada para una limpieza r\u00e1pida sin necesidad de una configuraci\u00f3n que requiera mucho tiempo.<\/p>\n<p>Caracter\u00edsticas<br \/>\n&#8211; Fabricada en caucho y pl\u00e1stico ABS<br \/>\n&#8211; La pera mide aproximadamente 4,25 pulgadas de largo<br \/>\n&#8211; 9,5 pulgadas de circunferencia<br \/>\n&#8211; La boquilla tiene una longitud insertable de 2,5 pulgadas<\/p>\n","protected":false},"excerpt":{"rendered":"<p>XRAB904<\/p>\n","protected":false},"featured_media":7095,"comment_status":"open","ping_status":"closed","template":"","meta":{"_kad_post_transparent":"default","_kad_post_title":"","_kad_post_layout":"default","_kad_post_sidebar_id":"","_kad_post_content_style":"default","_kad_post_vertical_padding":"default","_kad_post_feature":"","_kad_post_feature_position":"","_kad_post_header":false,"_kad_post_footer":false,"_joinchat":[]},"product_brand":[],"product_cat":[24],"product_tag":[],"class_list":{"0":"post-7091","1":"product","2":"type-product","3":"status-publish","4":"has-post-thumbnail","6":"product_cat-juguetes-sexuales","8":"first","9":"outofstock","10":"shipping-taxable","11":"product-type-variable","12":"entry","13":"content-bg","14":"loop-entry"},"_links":{"self":[{"href":"https:\/\/lenceria69.com\/hn\/wp-json\/wp\/v2\/product\/7091","targetHints":{"allow":["GET"]}}],"collection":[{"href":"https:\/\/lenceria69.com\/hn\/wp-json\/wp\/v2\/product"}],"about":[{"href":"https:\/\/lenceria69.com\/hn\/wp-json\/wp\/v2\/types\/product"}],"replies":[{"embeddable":true,"href":"https:\/\/lenceria69.com\/hn\/wp-json\/wp\/v2\/comments?post=7091"}],"version-history":[{"count":2,"href":"https:\/\/lenceria69.com\/hn\/wp-json\/wp\/v2\/product\/7091\/revisions"}],"predecessor-version":[{"id":10629,"href":"https:\/\/lenceria69.com\/hn\/wp-json\/wp\/v2\/product\/7091\/revisions\/10629"}],"wp:featuredmedia":[{"embeddable":true,"href":"https:\/\/lenceria69.com\/hn\/wp-json\/wp\/v2\/media\/7095"}],"wp:attachment":[{"href":"https:\/\/lenceria69.com\/hn\/wp-json\/wp\/v2\/media?parent=7091"}],"wp:term":[{"taxonomy":"product_brand","embeddable":true,"href":"https:\/\/lenceria69.com\/hn\/wp-json\/wp\/v2\/product_brand?post=7091"},{"taxonomy":"product_cat","embeddable":true,"href":"https:\/\/lenceria69.com\/hn\/wp-json\/wp\/v2\/product_cat?post=7091"},{"taxonomy":"product_tag","embeddable":true,"href":"https:\/\/lenceria69.com\/hn\/wp-json\/wp\/v2\/product_tag?post=7091"}],"curies":[{"name":"wp","href":"https:\/\/api.w.org\/{rel}","templated":true}]}}