{"id":7069,"date":"2024-09-28T12:41:25","date_gmt":"2024-09-28T18:41:25","guid":{"rendered":"https:\/\/lenceria69.com\/hn\/?post_type=product&#038;p=7069"},"modified":"2026-04-10T14:41:59","modified_gmt":"2026-04-10T20:41:59","slug":"hp100-d","status":"publish","type":"product","link":"https:\/\/lenceria69.com\/hn\/producto\/hp100-d\/","title":{"rendered":"Rush Poppers &#8211; Yellow Label (10ml)"},"content":{"rendered":"<p>El popper original Rush Popper favorito de todos los tiempos, en una botella de 10 ml. Este popper de nitrito isoprop\u00edlico es el m\u00e1s famoso del mundo por una buena raz\u00f3n: nos brinda un placer arom\u00e1tico incre\u00edble.<\/p>\n<p>Volumen: 10ml<\/p>\n","protected":false},"excerpt":{"rendered":"<p>HP100-D<\/p>\n","protected":false},"featured_media":7072,"comment_status":"open","ping_status":"closed","template":"","meta":{"_kad_post_transparent":"default","_kad_post_title":"","_kad_post_layout":"default","_kad_post_sidebar_id":"","_kad_post_content_style":"default","_kad_post_vertical_padding":"default","_kad_post_feature":"","_kad_post_feature_position":"","_kad_post_header":false,"_kad_post_footer":false,"_joinchat":[]},"product_brand":[],"product_cat":[22],"product_tag":[192],"class_list":{"0":"post-7069","1":"product","2":"type-product","3":"status-publish","4":"has-post-thumbnail","6":"product_cat-suplementos","7":"product_tag-popper","9":"first","10":"instock","11":"shipping-taxable","12":"purchasable","13":"product-type-variable","14":"entry","15":"content-bg","16":"loop-entry"},"_links":{"self":[{"href":"https:\/\/lenceria69.com\/hn\/wp-json\/wp\/v2\/product\/7069","targetHints":{"allow":["GET"]}}],"collection":[{"href":"https:\/\/lenceria69.com\/hn\/wp-json\/wp\/v2\/product"}],"about":[{"href":"https:\/\/lenceria69.com\/hn\/wp-json\/wp\/v2\/types\/product"}],"replies":[{"embeddable":true,"href":"https:\/\/lenceria69.com\/hn\/wp-json\/wp\/v2\/comments?post=7069"}],"version-history":[{"count":4,"href":"https:\/\/lenceria69.com\/hn\/wp-json\/wp\/v2\/product\/7069\/revisions"}],"predecessor-version":[{"id":13568,"href":"https:\/\/lenceria69.com\/hn\/wp-json\/wp\/v2\/product\/7069\/revisions\/13568"}],"wp:featuredmedia":[{"embeddable":true,"href":"https:\/\/lenceria69.com\/hn\/wp-json\/wp\/v2\/media\/7072"}],"wp:attachment":[{"href":"https:\/\/lenceria69.com\/hn\/wp-json\/wp\/v2\/media?parent=7069"}],"wp:term":[{"taxonomy":"product_brand","embeddable":true,"href":"https:\/\/lenceria69.com\/hn\/wp-json\/wp\/v2\/product_brand?post=7069"},{"taxonomy":"product_cat","embeddable":true,"href":"https:\/\/lenceria69.com\/hn\/wp-json\/wp\/v2\/product_cat?post=7069"},{"taxonomy":"product_tag","embeddable":true,"href":"https:\/\/lenceria69.com\/hn\/wp-json\/wp\/v2\/product_tag?post=7069"}],"curies":[{"name":"wp","href":"https:\/\/api.w.org\/{rel}","templated":true}]}}