{"id":705,"date":"2023-03-31T09:53:01","date_gmt":"2023-03-31T15:53:01","guid":{"rendered":"http:\/\/lenceria69.com\/hn\/?post_type=product&#038;p=705"},"modified":"2026-04-22T15:29:39","modified_gmt":"2026-04-22T21:29:39","slug":"lh5110","status":"publish","type":"product","link":"https:\/\/lenceria69.com\/hn\/producto\/lh5110\/","title":{"rendered":"Foxy Tail Plug &#8211; Plug Anal con Cola de Colores"},"content":{"rendered":"<p>\u00a1Esta cola est\u00e1 hecha para desatar al animal que hay dento de tu pareja!<\/p>\n<p>Este plug anal es estimulante para todos, desde el principiante hasta el fetichista m\u00e1s avanzado. Dise\u00f1ado para ser visual y sexual es muy c\u00f3modo e incluso lo podr\u00e1s calentar o enfriar para jugar con la temperatura. Lo \u00fanico que tu pareja ver\u00e1 mientras lleves puesto este plug ser\u00e1 la maravillosa cola de pelo suave.<\/p>\n<p>Caracteristicas:<br \/>\n&#8211; El tapon\/Plug esta hecho de cromo superior (acero seguro no toxico, inoloro, facil de limpiar)<br \/>\n&#8211; El Tapon\/Plug esta dise\u00f1ado para comodidad agradable<br \/>\n&#8211; La cola esta hecha de excelente piel natural, suave, comoda y portail<\/p>\n<p>Dimensiones:<br \/>\n&#8211; Longitud Total de la cola\/Plug: 39 cms (15,35 in)<br \/>\n&#8211; Anchura de cola: 6 cms (2,36 in)<\/p>\n<p>Medidas del Plug<br \/>\n&#8212; Longitud: 6,5 cms (2,55 in)<br \/>\n&#8212; Anchura: 2,6 cms (1,02 in)<\/p>\n","protected":false},"excerpt":{"rendered":"<p>\u00a1Esta cola est\u00e1 hecha para desatar al animal que hay dento de tu pareja! Este plug anal es estimulante para todos, desde el principiante hasta el fetichista m\u00e1s avanzado. Dise\u00f1ado para ser visual y sexual es muy c\u00f3modo e incluso lo podr\u00e1s calentar o enfriar para jugar con la temperatura. Lo \u00fanico que tu pareja&#8230;<\/p>\n","protected":false},"featured_media":7931,"comment_status":"open","ping_status":"closed","template":"","meta":{"_kad_post_transparent":"default","_kad_post_title":"","_kad_post_layout":"default","_kad_post_sidebar_id":"","_kad_post_content_style":"default","_kad_post_vertical_padding":"default","_kad_post_feature":"","_kad_post_feature_position":"","_kad_post_header":false,"_kad_post_footer":false,"_joinchat":[]},"product_brand":[],"product_cat":[26,24],"product_tag":[],"class_list":{"0":"post-705","1":"product","2":"type-product","3":"status-publish","4":"has-post-thumbnail","6":"product_cat-jugueteanal","7":"product_cat-juguetes-sexuales","9":"first","10":"outofstock","11":"shipping-taxable","12":"product-type-variable","13":"entry","14":"content-bg","15":"loop-entry"},"_links":{"self":[{"href":"https:\/\/lenceria69.com\/hn\/wp-json\/wp\/v2\/product\/705","targetHints":{"allow":["GET"]}}],"collection":[{"href":"https:\/\/lenceria69.com\/hn\/wp-json\/wp\/v2\/product"}],"about":[{"href":"https:\/\/lenceria69.com\/hn\/wp-json\/wp\/v2\/types\/product"}],"replies":[{"embeddable":true,"href":"https:\/\/lenceria69.com\/hn\/wp-json\/wp\/v2\/comments?post=705"}],"version-history":[{"count":2,"href":"https:\/\/lenceria69.com\/hn\/wp-json\/wp\/v2\/product\/705\/revisions"}],"predecessor-version":[{"id":6044,"href":"https:\/\/lenceria69.com\/hn\/wp-json\/wp\/v2\/product\/705\/revisions\/6044"}],"wp:featuredmedia":[{"embeddable":true,"href":"https:\/\/lenceria69.com\/hn\/wp-json\/wp\/v2\/media\/7931"}],"wp:attachment":[{"href":"https:\/\/lenceria69.com\/hn\/wp-json\/wp\/v2\/media?parent=705"}],"wp:term":[{"taxonomy":"product_brand","embeddable":true,"href":"https:\/\/lenceria69.com\/hn\/wp-json\/wp\/v2\/product_brand?post=705"},{"taxonomy":"product_cat","embeddable":true,"href":"https:\/\/lenceria69.com\/hn\/wp-json\/wp\/v2\/product_cat?post=705"},{"taxonomy":"product_tag","embeddable":true,"href":"https:\/\/lenceria69.com\/hn\/wp-json\/wp\/v2\/product_tag?post=705"}],"curies":[{"name":"wp","href":"https:\/\/api.w.org\/{rel}","templated":true}]}}