{"id":700,"date":"2026-05-04T15:00:32","date_gmt":"2026-05-04T21:00:32","guid":{"rendered":"http:\/\/lenceria69.com\/hn\/?post_type=product&#038;p=700"},"modified":"2026-05-04T17:10:24","modified_gmt":"2026-05-04T23:10:24","slug":"lh5120","status":"publish","type":"product","link":"https:\/\/lenceria69.com\/hn\/producto\/lh5120\/","title":{"rendered":"Plug Anal con Joya: The Silver Starter"},"content":{"rendered":"<p><span style=\"font-weight: 400;\">Descubre una nueva dimensi\u00f3n de placer con <\/span><b>The Silver Starter<\/b><span style=\"font-weight: 400;\">, un accesorio elegante y sofisticado dise\u00f1ado para quienes desean experimentar sensaciones \u00fanicas. Su dise\u00f1o compacto y estilizado lo hace perfecto tanto para principiantes como para personas con m\u00e1s experiencia que buscan una opci\u00f3n c\u00f3moda y visualmente atractiva.<\/span><\/p>\n<p><span style=\"font-weight: 400;\">Elaborado con <\/span><b>acero inoxidable de alta calidad<\/b><span style=\"font-weight: 400;\">, este accesorio es completamente seguro para el cuerpo, hipoalerg\u00e9nico y no poroso, lo que facilita su limpieza y mantenimiento. Adem\u00e1s, su estructura permite <\/span><b>jugar con la temperatura<\/b><span style=\"font-weight: 400;\">, ya que puedes enfriarlo o calentarlo antes de su uso para una experiencia sensorial a\u00fan m\u00e1s intensa.<\/span><\/p>\n<p><span style=\"font-weight: 400;\">En su base, <\/span><b>The Silver Starter<\/b><span style=\"font-weight: 400;\"> cuenta con una hermosa <\/span><b>joya en forma de coraz\u00f3n<\/b><span style=\"font-weight: 400;\"> en color violeta, un detalle sofisticado que le agrega un toque de elegancia y diversi\u00f3n. Este dise\u00f1o no solo es visualmente atractivo, sino que tambi\u00e9n garantiza un uso seguro y c\u00f3modo.<\/span><\/p>\n<p><span style=\"font-weight: 400;\">Gracias a su tama\u00f1o compacto y su forma ergon\u00f3mica, este accesorio permite una inserci\u00f3n suave y placentera, ideal para quienes buscan iniciarse en nuevas experiencias. Su <\/span><b>textura lisa y pulida<\/b><span style=\"font-weight: 400;\"> facilita la adaptaci\u00f3n y brinda una sensaci\u00f3n c\u00f3moda en todo momento.<\/span><\/p>\n<p><span style=\"font-weight: 400;\">Para mayor practicidad, incluye una <\/span><b>bolsa de almacenamiento negra<\/b><span style=\"font-weight: 400;\">, perfecta para guardarlo de manera discreta y transportarlo c\u00f3modamente.<\/span><\/p>\n<p><span style=\"font-weight: 400;\">Si buscas un accesorio elegante, seguro y f\u00e1cil de usar, <\/span><b>The Silver Starter<\/b><span style=\"font-weight: 400;\"> es la elecci\u00f3n ideal para descubrir nuevas sensaciones con confianza y estilo.<\/span><\/p>\n<p><strong>Caracteristicas:<\/strong><br \/>\n&#8211; Acero inoxidable seguro<br \/>\n&#8211; Incluye bolsa de almacenamiento negra.<\/p>\n<p><strong>Dimensiones:<\/strong><br \/>\n&#8211; Largo Penetrable: 5,0 cms<br \/>\n&#8211; Di\u00e1metro: 3,0 cms en su parte mas ancha<br \/>\n&#8211; Largo de Cono hasta su parte mas Ancha: 3,5 cms<\/p>\n","protected":false},"excerpt":{"rendered":"<p>Descubre una nueva dimensi\u00f3n de placer con The Silver Starter, un accesorio elegante y sofisticado dise\u00f1ado para quienes desean experimentar sensaciones \u00fanicas. Su dise\u00f1o compacto y estilizado lo hace perfecto tanto para principiantes como para personas con m\u00e1s experiencia que buscan una opci\u00f3n c\u00f3moda y visualmente atractiva. Elaborado con acero inoxidable de alta calidad, este&#8230;<\/p>\n","protected":false},"featured_media":1000001619,"comment_status":"open","ping_status":"closed","template":"","meta":{"_kad_post_transparent":"default","_kad_post_title":"","_kad_post_layout":"default","_kad_post_sidebar_id":"","_kad_post_content_style":"default","_kad_post_vertical_padding":"default","_kad_post_feature":"","_kad_post_feature_position":"","_kad_post_header":false,"_kad_post_footer":false,"_joinchat":[]},"product_brand":[],"product_cat":[26,27,24],"product_tag":[],"class_list":{"0":"post-700","1":"product","2":"type-product","3":"status-publish","4":"has-post-thumbnail","6":"product_cat-jugueteanal","7":"product_cat-juguetebondage","8":"product_cat-juguetes-sexuales","10":"first","11":"instock","12":"shipping-taxable","13":"purchasable","14":"product-type-variable","15":"entry","16":"content-bg","17":"loop-entry"},"_links":{"self":[{"href":"https:\/\/lenceria69.com\/hn\/wp-json\/wp\/v2\/product\/700","targetHints":{"allow":["GET"]}}],"collection":[{"href":"https:\/\/lenceria69.com\/hn\/wp-json\/wp\/v2\/product"}],"about":[{"href":"https:\/\/lenceria69.com\/hn\/wp-json\/wp\/v2\/types\/product"}],"replies":[{"embeddable":true,"href":"https:\/\/lenceria69.com\/hn\/wp-json\/wp\/v2\/comments?post=700"}],"version-history":[{"count":5,"href":"https:\/\/lenceria69.com\/hn\/wp-json\/wp\/v2\/product\/700\/revisions"}],"predecessor-version":[{"id":14172,"href":"https:\/\/lenceria69.com\/hn\/wp-json\/wp\/v2\/product\/700\/revisions\/14172"}],"wp:featuredmedia":[{"embeddable":true,"href":"https:\/\/lenceria69.com\/hn\/wp-json\/"}],"wp:attachment":[{"href":"https:\/\/lenceria69.com\/hn\/wp-json\/wp\/v2\/media?parent=700"}],"wp:term":[{"taxonomy":"product_brand","embeddable":true,"href":"https:\/\/lenceria69.com\/hn\/wp-json\/wp\/v2\/product_brand?post=700"},{"taxonomy":"product_cat","embeddable":true,"href":"https:\/\/lenceria69.com\/hn\/wp-json\/wp\/v2\/product_cat?post=700"},{"taxonomy":"product_tag","embeddable":true,"href":"https:\/\/lenceria69.com\/hn\/wp-json\/wp\/v2\/product_tag?post=700"}],"curies":[{"name":"wp","href":"https:\/\/api.w.org\/{rel}","templated":true}]}}