{"id":688,"date":"2026-03-02T14:00:19","date_gmt":"2026-03-02T20:00:19","guid":{"rendered":"http:\/\/lenceria69.com\/hn\/?post_type=product&#038;p=688"},"modified":"2026-04-14T15:31:00","modified_gmt":"2026-04-14T21:31:00","slug":"lh5030","status":"publish","type":"product","link":"https:\/\/lenceria69.com\/hn\/producto\/lh5030\/","title":{"rendered":"Dildo vibrador de silicona: Fantasy Bliss Vib"},"content":{"rendered":"<p>Libera tu tensi\u00f3n sexual con el vibrador curvo que te ofrece 10 funciones de vibraci\u00f3n, pulsaci\u00f3n y escalada. Es 100% de silicona, lo que lo hace hipoalerg\u00e9nico y libre de ftalatos, es\u00a0 seguro para todo tipo de pieles.<\/p>\n<p>Este vibrador es muy f\u00e1cil de usar con su sencillo bot\u00f3n. \u00a1Haz que tu orgasmo sea m\u00e1s emocionante llev\u00e1ndolo contigo a la ducha o al ba\u00f1o, porque es IMPERMEABLE!<\/p>\n<p>Caracteristicas:<br \/>\nLongitud total: 7,9 pulgadas (20 cm)<br \/>\nDi\u00e1metro: 1,8 pulgadas (4,6 cm)<br \/>\nLongitud insertable: 5,6 pulgadas (14,3 cm)<br \/>\nFunci\u00f3n: vibraci\u00f3n de 10 velocidades<br \/>\nFuente de alimentaci\u00f3n: 2 pilas AAA<\/p>\n","protected":false},"excerpt":{"rendered":"<p>Libera tu tensi\u00f3n sexual con el vibrador curvo que te ofrece 10 funciones de vibraci\u00f3n, pulsaci\u00f3n y escalada. Es 100% de silicona, lo que lo hace hipoalerg\u00e9nico y libre de ftalatos, es\u00a0 seguro para todo tipo de pieles. Este vibrador es muy f\u00e1cil de usar con su sencillo bot\u00f3n. \u00a1Haz que tu orgasmo sea m\u00e1s&#8230;<\/p>\n","protected":false},"featured_media":100000346,"comment_status":"open","ping_status":"closed","template":"","meta":{"_kad_post_transparent":"default","_kad_post_title":"","_kad_post_layout":"default","_kad_post_sidebar_id":"","_kad_post_content_style":"default","_kad_post_vertical_padding":"default","_kad_post_feature":"","_kad_post_feature_position":"","_kad_post_header":false,"_kad_post_footer":false,"_kad_post_classname":"","_joinchat":[]},"product_brand":[],"product_cat":[25,28,24],"product_tag":[],"class_list":{"0":"post-688","1":"product","2":"type-product","3":"status-publish","4":"has-post-thumbnail","6":"product_cat-dildos","7":"product_cat-juguetebateria","8":"product_cat-juguetes-sexuales","10":"first","11":"instock","12":"sale","13":"shipping-taxable","14":"purchasable","15":"product-type-variable","16":"entry","17":"content-bg","18":"loop-entry"},"_links":{"self":[{"href":"https:\/\/lenceria69.com\/hn\/wp-json\/wp\/v2\/product\/688","targetHints":{"allow":["GET"]}}],"collection":[{"href":"https:\/\/lenceria69.com\/hn\/wp-json\/wp\/v2\/product"}],"about":[{"href":"https:\/\/lenceria69.com\/hn\/wp-json\/wp\/v2\/types\/product"}],"replies":[{"embeddable":true,"href":"https:\/\/lenceria69.com\/hn\/wp-json\/wp\/v2\/comments?post=688"}],"version-history":[{"count":2,"href":"https:\/\/lenceria69.com\/hn\/wp-json\/wp\/v2\/product\/688\/revisions"}],"predecessor-version":[{"id":10071,"href":"https:\/\/lenceria69.com\/hn\/wp-json\/wp\/v2\/product\/688\/revisions\/10071"}],"wp:featuredmedia":[{"embeddable":true,"href":"https:\/\/lenceria69.com\/hn\/wp-json\/"}],"wp:attachment":[{"href":"https:\/\/lenceria69.com\/hn\/wp-json\/wp\/v2\/media?parent=688"}],"wp:term":[{"taxonomy":"product_brand","embeddable":true,"href":"https:\/\/lenceria69.com\/hn\/wp-json\/wp\/v2\/product_brand?post=688"},{"taxonomy":"product_cat","embeddable":true,"href":"https:\/\/lenceria69.com\/hn\/wp-json\/wp\/v2\/product_cat?post=688"},{"taxonomy":"product_tag","embeddable":true,"href":"https:\/\/lenceria69.com\/hn\/wp-json\/wp\/v2\/product_tag?post=688"}],"curies":[{"name":"wp","href":"https:\/\/api.w.org\/{rel}","templated":true}]}}