{"id":6809,"date":"2025-06-04T16:30:06","date_gmt":"2025-06-04T22:30:06","guid":{"rendered":"https:\/\/lenceria69.com\/hn\/?post_type=product&#038;p=6809"},"modified":"2025-06-06T13:40:56","modified_gmt":"2025-06-06T19:40:56","slug":"sl-kt-3540-2","status":"publish","type":"product","link":"https:\/\/lenceria69.com\/hn\/producto\/sl-kt-3540-2\/","title":{"rendered":"Selopa Adventure &#8211; Kit de Extension de Pene Variado"},"content":{"rendered":"<p>Agregue longitud y circunferencia a su miembro con 5 dise\u00f1os de mangas \u00fanicos que mejoran cualquier experiencia sexual con texturas tentadoras y vibraciones intensas.<\/p>\n<p>Dentro de la caja<br \/>\n&#8211; 5 fundas \u00fanicas<\/p>\n<p>Agregue longitud y circunferencia a su miembro con 5 dise\u00f1os de mangas \u00fanicos que mejoran cualquier experiencia sexual con texturas tentadoras y vibraciones intensas.<\/p>\n<p>Hecho de caucho TPR libre de ftalatos y l\u00e1tex<br \/>\n&#8211; 4 fundas de color humo con fundas de bala en la base<br \/>\n&#8211; 1 funda transparente sin funda de bala<br \/>\n&#8211; 1 bala vibradora incluida, pilas incluidas<\/p>\n<p>Manga #1:<br \/>\nAltura: 5.08&#8243;, Ancho: 1.65&#8243;, Profundidad: 1.73&#8243;<br \/>\nLongitud insertable: 4,82&#8243;, Di\u00e1metro insertable: 1,06&#8243;<\/p>\n<p>Manga #2:<br \/>\nAltura: 5.08&#8243;, Ancho: 1.65&#8243;, Profundidad: 1.73&#8243;<br \/>\nLongitud insertable: 4,82&#8243;, Di\u00e1metro insertable: 1,06&#8243;<\/p>\n<p>Manga #3:<br \/>\nAltura: 5.08&#8243;, Ancho: 1.65&#8243;, Profundidad: 1.73&#8243;<br \/>\nLongitud insertable: 4,82&#8243;, Di\u00e1metro insertable: 1,06&#8243;<\/p>\n<p>Manga #4:<br \/>\nAltura: 5.14&#8243;, Ancho: 1.44&#8243;, Profundidad: 1.73&#8243;<br \/>\nLongitud insertable: 4,82&#8243;, Di\u00e1metro insertable: 1,06&#8243;<\/p>\n<p>Manga #5:<br \/>\nAltura: 5.21&#8243;, Ancho: 1.86&#8243;, Profundidad: 1.86&#8243;<br \/>\nLongitud insertable: 5&#8243;, Di\u00e1metro insertable: 1.08&#8243;<\/p>\n","protected":false},"excerpt":{"rendered":"<p>Agregue longitud y circunferencia a su miembro con 5 dise\u00f1os de mangas \u00fanicos que mejoran cualquier experiencia sexual con texturas tentadoras y vibraciones intensas. Dentro de la caja &#8211; 5 fundas \u00fanicas Agregue longitud y circunferencia a su miembro con 5 dise\u00f1os de mangas \u00fanicos que mejoran cualquier experiencia sexual con texturas tentadoras y vibraciones&#8230;<\/p>\n","protected":false},"featured_media":6815,"comment_status":"open","ping_status":"closed","template":"","meta":{"_kad_post_transparent":"default","_kad_post_title":"","_kad_post_layout":"default","_kad_post_sidebar_id":"","_kad_post_content_style":"default","_kad_post_vertical_padding":"default","_kad_post_feature":"","_kad_post_feature_position":"","_kad_post_header":false,"_kad_post_footer":false,"_joinchat":[]},"product_brand":[],"product_cat":[30,24],"product_tag":[],"class_list":{"0":"post-6809","1":"product","2":"type-product","3":"status-publish","4":"has-post-thumbnail","6":"product_cat-juguetes_para_ellos","7":"product_cat-juguetes-sexuales","9":"first","10":"outofstock","11":"shipping-taxable","12":"product-type-variable","13":"entry","14":"content-bg","15":"loop-entry"},"_links":{"self":[{"href":"https:\/\/lenceria69.com\/hn\/wp-json\/wp\/v2\/product\/6809","targetHints":{"allow":["GET"]}}],"collection":[{"href":"https:\/\/lenceria69.com\/hn\/wp-json\/wp\/v2\/product"}],"about":[{"href":"https:\/\/lenceria69.com\/hn\/wp-json\/wp\/v2\/types\/product"}],"replies":[{"embeddable":true,"href":"https:\/\/lenceria69.com\/hn\/wp-json\/wp\/v2\/comments?post=6809"}],"version-history":[{"count":2,"href":"https:\/\/lenceria69.com\/hn\/wp-json\/wp\/v2\/product\/6809\/revisions"}],"predecessor-version":[{"id":7391,"href":"https:\/\/lenceria69.com\/hn\/wp-json\/wp\/v2\/product\/6809\/revisions\/7391"}],"wp:featuredmedia":[{"embeddable":true,"href":"https:\/\/lenceria69.com\/hn\/wp-json\/wp\/v2\/media\/6815"}],"wp:attachment":[{"href":"https:\/\/lenceria69.com\/hn\/wp-json\/wp\/v2\/media?parent=6809"}],"wp:term":[{"taxonomy":"product_brand","embeddable":true,"href":"https:\/\/lenceria69.com\/hn\/wp-json\/wp\/v2\/product_brand?post=6809"},{"taxonomy":"product_cat","embeddable":true,"href":"https:\/\/lenceria69.com\/hn\/wp-json\/wp\/v2\/product_cat?post=6809"},{"taxonomy":"product_tag","embeddable":true,"href":"https:\/\/lenceria69.com\/hn\/wp-json\/wp\/v2\/product_tag?post=6809"}],"curies":[{"name":"wp","href":"https:\/\/api.w.org\/{rel}","templated":true}]}}