{"id":6803,"date":"2024-09-05T16:55:02","date_gmt":"2024-09-05T22:55:02","guid":{"rendered":"https:\/\/lenceria69.com\/hn\/?post_type=product&#038;p=6803"},"modified":"2025-05-27T15:39:35","modified_gmt":"2025-05-27T21:39:35","slug":"theblondestarlet","status":"publish","type":"product","link":"https:\/\/lenceria69.com\/hn\/producto\/theblondestarlet\/","title":{"rendered":"The BlondeStarlet Doll &#8211; Mu\u00f1eca Inflable Masturbadora"},"content":{"rendered":"<p>Da rienda suelta a tus fantas\u00edas secretas con la realista Blonde Starlet. \u00a1La ex\u00f3tica diosa rubia inflable est\u00e1 dise\u00f1ada para mostrarte por qu\u00e9 las rubias se divierten m\u00e1s! <\/p>\n<p>El amante seductor perfecto tiene una cara a todo color y 3 agujeros de amor para una experiencia tentadoramente realista. El amante totalmente port\u00e1til es f\u00e1cil de inflar y siempre est\u00e1 listo para la acci\u00f3n amorosa al rojo vivo cuando te apetezca. La bomba rubia est\u00e1 hecha de PVC suave y flexible, sin ftalatos sin perfume y cuenta con 3 tentadores pasajes de amor. <\/p>\n<p>Disfruta de una estimulaci\u00f3n de penetraci\u00f3n completa y un cl\u00edmax explosivo, con el atractivo modelo inflable que siempre est\u00e1 listo para la diversi\u00f3n de los adultos. La bomba rubia satisfar\u00e1 tus necesidades y es una gran compa\u00f1era de juegos para los usuarios novatos y experimentados que quieran experimentar con el \u00e9xtasis de autogratificaci\u00f3n. <\/p>\n<p>Toma el control total de tus encuentros \u00edntimos con esta mu\u00f1eca de amor. Con\u00e9ctate para una acci\u00f3n de amor instant\u00e1nea y r\u00e1pida, y prep\u00e1rate para ceder a todas las tentaciones sensuales. Todo lo que necesitas, para convertirte en un maestro del amor, es una bomba de mano universal para dar vida a tu mejor amante rubio caliente. <\/p>\n<p>Explora sus pasajes de amor vaginales y anales s\u00faper apretados con lubricante de calidad, para una experiencia memorable y alucinante. Tu pareja animada llevar\u00e1 tus experiencias de juego \u00edntimo en solitario a otro nivel. <\/p>\n<p>Antes y despu\u00e9s de cada uso, recuerde limpiar la mu\u00f1eca realista con un limpiador de juguetes en aerosol o agua jabonosa suave.<\/p>\n","protected":false},"excerpt":{"rendered":"<p>Da rienda suelta a tus fantas\u00edas secretas con la realista Blonde Starlet. \u00a1La ex\u00f3tica diosa rubia inflable est\u00e1 dise\u00f1ada para mostrarte por qu\u00e9 las rubias se divierten m\u00e1s! El amante seductor perfecto tiene una cara a todo color y 3 agujeros de amor para una experiencia tentadoramente realista. El amante totalmente port\u00e1til es f\u00e1cil de&#8230;<\/p>\n","protected":false},"featured_media":6805,"comment_status":"open","ping_status":"closed","template":"","meta":{"_kad_post_transparent":"default","_kad_post_title":"","_kad_post_layout":"default","_kad_post_sidebar_id":"","_kad_post_content_style":"default","_kad_post_vertical_padding":"default","_kad_post_feature":"","_kad_post_feature_position":"","_kad_post_header":false,"_kad_post_footer":false,"_joinchat":[]},"product_brand":[],"product_cat":[30,24],"product_tag":[169],"class_list":{"0":"post-6803","1":"product","2":"type-product","3":"status-publish","4":"has-post-thumbnail","6":"product_cat-juguetes_para_ellos","7":"product_cat-juguetes-sexuales","8":"product_tag-masturbador","10":"first","11":"outofstock","12":"shipping-taxable","13":"product-type-variable","14":"entry","15":"content-bg","16":"loop-entry"},"_links":{"self":[{"href":"https:\/\/lenceria69.com\/hn\/wp-json\/wp\/v2\/product\/6803","targetHints":{"allow":["GET"]}}],"collection":[{"href":"https:\/\/lenceria69.com\/hn\/wp-json\/wp\/v2\/product"}],"about":[{"href":"https:\/\/lenceria69.com\/hn\/wp-json\/wp\/v2\/types\/product"}],"replies":[{"embeddable":true,"href":"https:\/\/lenceria69.com\/hn\/wp-json\/wp\/v2\/comments?post=6803"}],"version-history":[{"count":1,"href":"https:\/\/lenceria69.com\/hn\/wp-json\/wp\/v2\/product\/6803\/revisions"}],"predecessor-version":[{"id":6808,"href":"https:\/\/lenceria69.com\/hn\/wp-json\/wp\/v2\/product\/6803\/revisions\/6808"}],"wp:featuredmedia":[{"embeddable":true,"href":"https:\/\/lenceria69.com\/hn\/wp-json\/wp\/v2\/media\/6805"}],"wp:attachment":[{"href":"https:\/\/lenceria69.com\/hn\/wp-json\/wp\/v2\/media?parent=6803"}],"wp:term":[{"taxonomy":"product_brand","embeddable":true,"href":"https:\/\/lenceria69.com\/hn\/wp-json\/wp\/v2\/product_brand?post=6803"},{"taxonomy":"product_cat","embeddable":true,"href":"https:\/\/lenceria69.com\/hn\/wp-json\/wp\/v2\/product_cat?post=6803"},{"taxonomy":"product_tag","embeddable":true,"href":"https:\/\/lenceria69.com\/hn\/wp-json\/wp\/v2\/product_tag?post=6803"}],"curies":[{"name":"wp","href":"https:\/\/api.w.org\/{rel}","templated":true}]}}