{"id":680,"date":"2026-02-19T22:00:38","date_gmt":"2026-02-20T04:00:38","guid":{"rendered":"http:\/\/lenceria69.com\/hn\/?post_type=product&#038;p=680"},"modified":"2026-03-22T12:17:49","modified_gmt":"2026-03-22T18:17:49","slug":"rd421","status":"publish","type":"product","link":"https:\/\/lenceria69.com\/hn\/producto\/rd421\/","title":{"rendered":"PDX All 3 Holes &#8211; Kit de Masturbadores para Hombre"},"content":{"rendered":"<p>\u00a1Por qu\u00e9 elegir un agujero de mierda favorito cuando puedes tener los tres! \u00a1Este tentador tr\u00edo de strokers es el kit perfecto para las mejores sesiones de jackoff! Los masturbadores s\u00faper suaves est\u00e1n hechos de Fanta Flesh aterciopelada y envuelven cada cent\u00edmetro de su barra de placer.<\/p>\n<p>\u00a1Elige entre una boca abierta, un co\u00f1o de \u00e1guila extendida o un culo apretado virgen, o disfruta de los tres! Desl\u00edzate dentro de cada una de las caricias y jurar\u00e1s que se sienten como si fueran reales &#8230; \u00a1pero mejor!<\/p>\n<p>Use mucha loci\u00f3n h\u00fameda para una experiencia extra h\u00fameda y extra salvaje. La limpieza es muy f\u00e1cil despu\u00e9s de la diversi\u00f3n con limpiador de juguetes y agua tibia.<\/p>\n<p>Dimensiones:<br \/>\nBoca<br \/>\n&#8211; Longitud del art\u00edculo: 12,4 cm<br \/>\n&#8211; Ancho del art\u00edculo: 3,8 cm<br \/>\n&#8211; Altura del art\u00edculo: 4,8 cm<br \/>\n&#8211; Peso del art\u00edculo: 96,39 gramos<\/p>\n<p>Vagina<br \/>\n&#8211; Longitud del art\u00edculo: 12,7 cm<br \/>\n&#8211; Ancho del art\u00edculo: 4,3 cm<br \/>\n&#8211; Altura del art\u00edculo: 5,1 cm<br \/>\n&#8211; Peso del art\u00edculo: 133,24 gramos<\/p>\n<p>Culo<br \/>\n&#8211; Longitud del art\u00edculo: 13,2 cm<br \/>\n&#8211; Ancho del art\u00edculo: 4,1 cm<br \/>\n&#8211; Altura del art\u00edculo: 6,4 cm<br \/>\n&#8211; Peso del art\u00edculo: 172,93 gramos<\/p>\n","protected":false},"excerpt":{"rendered":"<p>\u00a1Por qu\u00e9 elegir un agujero de mierda favorito cuando puedes tener los tres! \u00a1Este tentador tr\u00edo de strokers es el kit perfecto para las mejores sesiones de jackoff! Los masturbadores s\u00faper suaves est\u00e1n hechos de Fanta Flesh aterciopelada y envuelven cada cent\u00edmetro de su barra de placer. \u00a1Elige entre una boca abierta, un co\u00f1o de&#8230;<\/p>\n","protected":false},"featured_media":100000315,"comment_status":"open","ping_status":"closed","template":"","meta":{"_kad_post_transparent":"default","_kad_post_title":"","_kad_post_layout":"default","_kad_post_sidebar_id":"","_kad_post_content_style":"default","_kad_post_vertical_padding":"default","_kad_post_feature":"","_kad_post_feature_position":"","_kad_post_header":false,"_kad_post_footer":false,"_joinchat":[]},"product_brand":[],"product_cat":[30,24],"product_tag":[169],"class_list":{"0":"post-680","1":"product","2":"type-product","3":"status-publish","4":"has-post-thumbnail","6":"product_cat-juguetes_para_ellos","7":"product_cat-juguetes-sexuales","8":"product_tag-masturbador","10":"first","11":"instock","12":"shipping-taxable","13":"purchasable","14":"product-type-variable","15":"entry","16":"content-bg","17":"loop-entry"},"_links":{"self":[{"href":"https:\/\/lenceria69.com\/hn\/wp-json\/wp\/v2\/product\/680","targetHints":{"allow":["GET"]}}],"collection":[{"href":"https:\/\/lenceria69.com\/hn\/wp-json\/wp\/v2\/product"}],"about":[{"href":"https:\/\/lenceria69.com\/hn\/wp-json\/wp\/v2\/types\/product"}],"replies":[{"embeddable":true,"href":"https:\/\/lenceria69.com\/hn\/wp-json\/wp\/v2\/comments?post=680"}],"version-history":[{"count":3,"href":"https:\/\/lenceria69.com\/hn\/wp-json\/wp\/v2\/product\/680\/revisions"}],"predecessor-version":[{"id":13610,"href":"https:\/\/lenceria69.com\/hn\/wp-json\/wp\/v2\/product\/680\/revisions\/13610"}],"wp:featuredmedia":[{"embeddable":true,"href":"https:\/\/lenceria69.com\/hn\/wp-json\/"}],"wp:attachment":[{"href":"https:\/\/lenceria69.com\/hn\/wp-json\/wp\/v2\/media?parent=680"}],"wp:term":[{"taxonomy":"product_brand","embeddable":true,"href":"https:\/\/lenceria69.com\/hn\/wp-json\/wp\/v2\/product_brand?post=680"},{"taxonomy":"product_cat","embeddable":true,"href":"https:\/\/lenceria69.com\/hn\/wp-json\/wp\/v2\/product_cat?post=680"},{"taxonomy":"product_tag","embeddable":true,"href":"https:\/\/lenceria69.com\/hn\/wp-json\/wp\/v2\/product_tag?post=680"}],"curies":[{"name":"wp","href":"https:\/\/api.w.org\/{rel}","templated":true}]}}