{"id":676,"date":"2023-03-30T20:38:13","date_gmt":"2023-03-31T02:38:13","guid":{"rendered":"http:\/\/lenceria69.com\/hn\/?post_type=product&#038;p=676"},"modified":"2024-08-18T19:06:44","modified_gmt":"2024-08-19T01:06:44","slug":"kingcock7stiffy","status":"publish","type":"product","link":"https:\/\/lenceria69.com\/hn\/producto\/kingcock7stiffy\/","title":{"rendered":"King Cock 7&#8243; &#8211; Dildo Vibrador Stiffy"},"content":{"rendered":"<p>Cuando buscas un ambiente realista que siempre est\u00e9 listo para la acci\u00f3n, \u00a1King Cock Vibrating Stiffy es la elecci\u00f3n perfecta para la m\u00e1xima satisfacci\u00f3n! Este consolador realista presenta un potente vibrador de varias velocidades que ofrece emociones alucinantes. \u00a1Se siente a\u00fan mejor que la cosa real! Pru\u00e9balo en la ducha o en el spa y convierte la hora del ba\u00f1o en un momento de placer.<\/p>\n<p>Caracteristicas:<br \/>\n&#8211; Resistente al agua.<br \/>\n&#8211; Cuenta con multivelocidad de vibraciones<br \/>\n&#8211; Opera con Baterias: 1 pila AA<\/p>\n<p>Dimensiones:<br \/>\n&#8211; Longitud: 18 cms (7 in)<br \/>\n&#8211; Largo Insertable: 17 cms (6,6 in)<br \/>\n&#8211; Diametro: 4,6 cms (1,8 in)<\/p>\n","protected":false},"excerpt":{"rendered":"<p>Cuando buscas un ambiente realista que siempre est\u00e9 listo para la acci\u00f3n, \u00a1King Cock Vibrating Stiffy es la elecci\u00f3n perfecta para la m\u00e1xima satisfacci\u00f3n! Este consolador realista presenta un potente vibrador de varias velocidades que ofrece emociones alucinantes. \u00a1Se siente a\u00fan mejor que la cosa real! Pru\u00e9balo en la ducha o en el spa y&#8230;<\/p>\n","protected":false},"featured_media":100000305,"comment_status":"open","ping_status":"closed","template":"","meta":{"_kad_post_transparent":"default","_kad_post_title":"","_kad_post_layout":"default","_kad_post_sidebar_id":"","_kad_post_content_style":"default","_kad_post_vertical_padding":"default","_kad_post_feature":"","_kad_post_feature_position":"","_kad_post_header":false,"_kad_post_footer":false,"_joinchat":[]},"product_brand":[],"product_cat":[25,28,24],"product_tag":[],"class_list":{"0":"post-676","1":"product","2":"type-product","3":"status-publish","4":"has-post-thumbnail","6":"product_cat-dildos","7":"product_cat-juguetebateria","8":"product_cat-juguetes-sexuales","10":"first","11":"outofstock","12":"shipping-taxable","13":"purchasable","14":"product-type-simple","15":"entry","16":"content-bg","17":"loop-entry"},"_links":{"self":[{"href":"https:\/\/lenceria69.com\/hn\/wp-json\/wp\/v2\/product\/676","targetHints":{"allow":["GET"]}}],"collection":[{"href":"https:\/\/lenceria69.com\/hn\/wp-json\/wp\/v2\/product"}],"about":[{"href":"https:\/\/lenceria69.com\/hn\/wp-json\/wp\/v2\/types\/product"}],"replies":[{"embeddable":true,"href":"https:\/\/lenceria69.com\/hn\/wp-json\/wp\/v2\/comments?post=676"}],"version-history":[{"count":2,"href":"https:\/\/lenceria69.com\/hn\/wp-json\/wp\/v2\/product\/676\/revisions"}],"predecessor-version":[{"id":6048,"href":"https:\/\/lenceria69.com\/hn\/wp-json\/wp\/v2\/product\/676\/revisions\/6048"}],"wp:featuredmedia":[{"embeddable":true,"href":"https:\/\/lenceria69.com\/hn\/wp-json\/"}],"wp:attachment":[{"href":"https:\/\/lenceria69.com\/hn\/wp-json\/wp\/v2\/media?parent=676"}],"wp:term":[{"taxonomy":"product_brand","embeddable":true,"href":"https:\/\/lenceria69.com\/hn\/wp-json\/wp\/v2\/product_brand?post=676"},{"taxonomy":"product_cat","embeddable":true,"href":"https:\/\/lenceria69.com\/hn\/wp-json\/wp\/v2\/product_cat?post=676"},{"taxonomy":"product_tag","embeddable":true,"href":"https:\/\/lenceria69.com\/hn\/wp-json\/wp\/v2\/product_tag?post=676"}],"curies":[{"name":"wp","href":"https:\/\/api.w.org\/{rel}","templated":true}]}}