{"id":6748,"date":"2024-09-05T15:52:03","date_gmt":"2024-09-05T21:52:03","guid":{"rendered":"https:\/\/lenceria69.com\/hn\/?post_type=product&#038;p=6748"},"modified":"2025-03-03T19:23:23","modified_gmt":"2025-03-04T01:23:23","slug":"d1311-02bx","status":"publish","type":"product","link":"https:\/\/lenceria69.com\/hn\/producto\/d1311-02bx\/","title":{"rendered":"Power + Delay &#8211; Retardante Masculino en Spray"},"content":{"rendered":"<p>\u00a1Saca m\u00e1s partido a tu dinero con nuestro spray Power+! Este spray prolongador contiene lidoca\u00edna, que act\u00faa como agente desensibilizante para ayudar al hombre a retrasar o prevenir la eyaculaci\u00f3n precoz.<\/p>\n<p>Funciones<br \/>\n&#8211; Maximice el rendimiento y la satisfacci\u00f3n de los socios<br \/>\n&#8211; Retrasar el inicio del orgasmo<br \/>\n&#8211; F\u00f3rmula inodora y no pegajosa<br \/>\n&#8211; Conveniente aplicaci\u00f3n por pulverizaci\u00f3n<\/p>\n<p>Volumen: 2oz<\/p>\n","protected":false},"excerpt":{"rendered":"<p>\u00a1Saca m\u00e1s partido a tu dinero con nuestro spray Power+! Este spray prolongador contiene lidoca\u00edna, que act\u00faa como agente desensibilizante para ayudar al hombre a retrasar o prevenir la eyaculaci\u00f3n precoz. Funciones &#8211; Maximice el rendimiento y la satisfacci\u00f3n de los socios &#8211; Retrasar el inicio del orgasmo &#8211; F\u00f3rmula inodora y no pegajosa &#8211;&#8230;<\/p>\n","protected":false},"featured_media":6750,"comment_status":"open","ping_status":"closed","template":"","meta":{"_kad_post_transparent":"default","_kad_post_title":"","_kad_post_layout":"default","_kad_post_sidebar_id":"","_kad_post_content_style":"default","_kad_post_vertical_padding":"default","_kad_post_feature":"","_kad_post_feature_position":"","_kad_post_header":false,"_kad_post_footer":false,"_joinchat":[]},"product_brand":[],"product_cat":[22],"product_tag":[],"class_list":{"0":"post-6748","1":"product","2":"type-product","3":"status-publish","4":"has-post-thumbnail","6":"product_cat-suplementos","8":"first","9":"outofstock","10":"shipping-taxable","11":"product-type-variable","12":"entry","13":"content-bg","14":"loop-entry"},"_links":{"self":[{"href":"https:\/\/lenceria69.com\/hn\/wp-json\/wp\/v2\/product\/6748","targetHints":{"allow":["GET"]}}],"collection":[{"href":"https:\/\/lenceria69.com\/hn\/wp-json\/wp\/v2\/product"}],"about":[{"href":"https:\/\/lenceria69.com\/hn\/wp-json\/wp\/v2\/types\/product"}],"replies":[{"embeddable":true,"href":"https:\/\/lenceria69.com\/hn\/wp-json\/wp\/v2\/comments?post=6748"}],"version-history":[{"count":1,"href":"https:\/\/lenceria69.com\/hn\/wp-json\/wp\/v2\/product\/6748\/revisions"}],"predecessor-version":[{"id":6753,"href":"https:\/\/lenceria69.com\/hn\/wp-json\/wp\/v2\/product\/6748\/revisions\/6753"}],"wp:featuredmedia":[{"embeddable":true,"href":"https:\/\/lenceria69.com\/hn\/wp-json\/wp\/v2\/media\/6750"}],"wp:attachment":[{"href":"https:\/\/lenceria69.com\/hn\/wp-json\/wp\/v2\/media?parent=6748"}],"wp:term":[{"taxonomy":"product_brand","embeddable":true,"href":"https:\/\/lenceria69.com\/hn\/wp-json\/wp\/v2\/product_brand?post=6748"},{"taxonomy":"product_cat","embeddable":true,"href":"https:\/\/lenceria69.com\/hn\/wp-json\/wp\/v2\/product_cat?post=6748"},{"taxonomy":"product_tag","embeddable":true,"href":"https:\/\/lenceria69.com\/hn\/wp-json\/wp\/v2\/product_tag?post=6748"}],"curies":[{"name":"wp","href":"https:\/\/api.w.org\/{rel}","templated":true}]}}