{"id":6714,"date":"2024-09-05T12:27:25","date_gmt":"2024-09-05T18:27:25","guid":{"rendered":"https:\/\/lenceria69.com\/hn\/?post_type=product&#038;p=6714"},"modified":"2026-03-07T14:30:59","modified_gmt":"2026-03-07T20:30:59","slug":"ba1430-05","status":"publish","type":"product","link":"https:\/\/lenceria69.com\/hn\/producto\/ba1430-05\/","title":{"rendered":"Lubricante anal base de Silicona: Extreme Glide (2 sobres)"},"content":{"rendered":"<p>El lubricante Extreme Glide es una excelente opci\u00f3n para ti, es un humectante personal a base de silicona, duradero e impermeable. Nunca pegajoso ni pegajoso, se mantiene resbaladizo incluso bajo el agua y tambi\u00e9n funciona como aceite de masaje. Es inodoro, compatible con condones de l\u00e1tex y apto para juguetes sexuales, f\u00e1cil de limpiar con un pa\u00f1o h\u00famedo.<\/p>\n<p>&nbsp;<\/p>\n<p>Volumen: 2ml por sobre.<\/p>\n","protected":false},"excerpt":{"rendered":"<p>Este producto se vende en Packs de 2sobres de 2ml cada uno.<\/p>\n","protected":false},"featured_media":6715,"comment_status":"open","ping_status":"closed","template":"","meta":{"_kad_post_transparent":"default","_kad_post_title":"","_kad_post_layout":"default","_kad_post_sidebar_id":"","_kad_post_content_style":"default","_kad_post_vertical_padding":"default","_kad_post_feature":"","_kad_post_feature_position":"","_kad_post_header":false,"_kad_post_footer":false,"_joinchat":[]},"product_brand":[],"product_cat":[38,39],"product_tag":[177],"class_list":{"0":"post-6714","1":"product","2":"type-product","3":"status-publish","4":"has-post-thumbnail","6":"product_cat-lubricantes","7":"product_cat-anales","8":"product_tag-lubricantesobre","10":"first","11":"instock","12":"shipping-taxable","13":"purchasable","14":"product-type-variable","15":"entry","16":"content-bg","17":"loop-entry"},"_links":{"self":[{"href":"https:\/\/lenceria69.com\/hn\/wp-json\/wp\/v2\/product\/6714","targetHints":{"allow":["GET"]}}],"collection":[{"href":"https:\/\/lenceria69.com\/hn\/wp-json\/wp\/v2\/product"}],"about":[{"href":"https:\/\/lenceria69.com\/hn\/wp-json\/wp\/v2\/types\/product"}],"replies":[{"embeddable":true,"href":"https:\/\/lenceria69.com\/hn\/wp-json\/wp\/v2\/comments?post=6714"}],"version-history":[{"count":3,"href":"https:\/\/lenceria69.com\/hn\/wp-json\/wp\/v2\/product\/6714\/revisions"}],"predecessor-version":[{"id":10415,"href":"https:\/\/lenceria69.com\/hn\/wp-json\/wp\/v2\/product\/6714\/revisions\/10415"}],"wp:featuredmedia":[{"embeddable":true,"href":"https:\/\/lenceria69.com\/hn\/wp-json\/wp\/v2\/media\/6715"}],"wp:attachment":[{"href":"https:\/\/lenceria69.com\/hn\/wp-json\/wp\/v2\/media?parent=6714"}],"wp:term":[{"taxonomy":"product_brand","embeddable":true,"href":"https:\/\/lenceria69.com\/hn\/wp-json\/wp\/v2\/product_brand?post=6714"},{"taxonomy":"product_cat","embeddable":true,"href":"https:\/\/lenceria69.com\/hn\/wp-json\/wp\/v2\/product_cat?post=6714"},{"taxonomy":"product_tag","embeddable":true,"href":"https:\/\/lenceria69.com\/hn\/wp-json\/wp\/v2\/product_tag?post=6714"}],"curies":[{"name":"wp","href":"https:\/\/api.w.org\/{rel}","templated":true}]}}