{"id":671,"date":"2026-03-02T14:00:28","date_gmt":"2026-03-02T20:00:28","guid":{"rendered":"http:\/\/lenceria69.com\/hn\/?post_type=product&#038;p=671"},"modified":"2026-03-13T14:51:42","modified_gmt":"2026-03-13T20:51:42","slug":"lh5040","status":"publish","type":"product","link":"https:\/\/lenceria69.com\/hn\/producto\/lh5040\/","title":{"rendered":"Jack Rabbit Vib &#8211; Dildo Vibrador con Estimulador de Clitoris"},"content":{"rendered":"<p>Vibrador Jack Rabbit con estimulador de cl\u00edtoris en forma de mariposa, dispone de 36 tipos de vibraci\u00f3n en diferentes modos con funci\u00f3n de subida y bajada, funci\u00f3n de ida y vuelta, rotativo con perlas met\u00e1licas internas de colores, modelo recargable.<br \/>\nBajo nivel de ruido, resistente al agua e importado.<\/p>\n<p>Material: ABS y silicona<\/p>\n<p>Bateria: Recargable, viene con cable USB<\/p>\n<p>C\u00f3mo utilizar:<br \/>\n&#8211; Antes del primer uso c\u00e1rguelo durante 2h<br \/>\n&#8211; Presione las flechas en el panel digital en la parte inferior del vibrador para aumentar o disminuir la intensidad de las vibraciones.<br \/>\n&#8211; El estimulador del cl\u00edtoris del vibrador se puede controlar independientemente del cuerpo del vibrador.<br \/>\n&#8211; El bot\u00f3n (R \/ S) cambia la rotaci\u00f3n de las bolas tanto hacia la derecha como hacia la izquierda.<br \/>\n&#8211; Use solo con lubricante a base de agua, no use aceites ni derivados.<\/p>\n<p>Caracteristicas:<br \/>\n&#8211; 36 tipos de vibraci\u00f3n en la mariposa<br \/>\n&#8211; 8 niveles de potencia<br \/>\n&#8211; Perlas estimulantes giratorias en la parte superior<br \/>\n&#8211; Carga por medio de USB<br \/>\n&#8211; Estimulaci\u00f3n de cl\u00edtoris<\/p>\n<p>Dimensiones:<br \/>\n&#8211; Largo: 28 cm (11 in)<br \/>\n&#8211; Longitud insertable: 12 cm (4,72 in)<br \/>\n&#8211; Di\u00e1metro: 4 cm (1,57 in)<\/p>\n","protected":false},"excerpt":{"rendered":"<p>Vibrador Jack Rabbit con estimulador de cl\u00edtoris en forma de mariposa, dispone de 36 tipos de vibraci\u00f3n en diferentes modos con funci\u00f3n de subida y bajada, funci\u00f3n de ida y vuelta, rotativo con perlas met\u00e1licas internas de colores, modelo recargable. Bajo nivel de ruido, resistente al agua e importado. Material: ABS y silicona Bateria: Recargable,&#8230;<\/p>\n","protected":false},"featured_media":1000001415,"comment_status":"open","ping_status":"closed","template":"","meta":{"_kad_post_transparent":"default","_kad_post_title":"","_kad_post_layout":"default","_kad_post_sidebar_id":"","_kad_post_content_style":"default","_kad_post_vertical_padding":"default","_kad_post_feature":"","_kad_post_feature_position":"","_kad_post_header":false,"_kad_post_footer":false,"_joinchat":[]},"product_brand":[],"product_cat":[25,31,24],"product_tag":[],"class_list":{"0":"post-671","1":"product","2":"type-product","3":"status-publish","4":"has-post-thumbnail","6":"product_cat-dildos","7":"product_cat-jugueterecargable","8":"product_cat-juguetes-sexuales","10":"first","11":"instock","12":"shipping-taxable","13":"purchasable","14":"product-type-variable","15":"entry","16":"content-bg","17":"loop-entry"},"_links":{"self":[{"href":"https:\/\/lenceria69.com\/hn\/wp-json\/wp\/v2\/product\/671","targetHints":{"allow":["GET"]}}],"collection":[{"href":"https:\/\/lenceria69.com\/hn\/wp-json\/wp\/v2\/product"}],"about":[{"href":"https:\/\/lenceria69.com\/hn\/wp-json\/wp\/v2\/types\/product"}],"replies":[{"embeddable":true,"href":"https:\/\/lenceria69.com\/hn\/wp-json\/wp\/v2\/comments?post=671"}],"version-history":[{"count":3,"href":"https:\/\/lenceria69.com\/hn\/wp-json\/wp\/v2\/product\/671\/revisions"}],"predecessor-version":[{"id":6556,"href":"https:\/\/lenceria69.com\/hn\/wp-json\/wp\/v2\/product\/671\/revisions\/6556"}],"wp:featuredmedia":[{"embeddable":true,"href":"https:\/\/lenceria69.com\/hn\/wp-json\/"}],"wp:attachment":[{"href":"https:\/\/lenceria69.com\/hn\/wp-json\/wp\/v2\/media?parent=671"}],"wp:term":[{"taxonomy":"product_brand","embeddable":true,"href":"https:\/\/lenceria69.com\/hn\/wp-json\/wp\/v2\/product_brand?post=671"},{"taxonomy":"product_cat","embeddable":true,"href":"https:\/\/lenceria69.com\/hn\/wp-json\/wp\/v2\/product_cat?post=671"},{"taxonomy":"product_tag","embeddable":true,"href":"https:\/\/lenceria69.com\/hn\/wp-json\/wp\/v2\/product_tag?post=671"}],"curies":[{"name":"wp","href":"https:\/\/api.w.org\/{rel}","templated":true}]}}