{"id":667,"date":"2023-03-30T20:14:17","date_gmt":"2023-03-31T02:14:17","guid":{"rendered":"http:\/\/lenceria69.com\/hn\/?post_type=product&#038;p=667"},"modified":"2024-08-18T19:09:38","modified_gmt":"2024-08-19T01:09:38","slug":"kingcock8stiffy","status":"publish","type":"product","link":"https:\/\/lenceria69.com\/hn\/producto\/kingcock8stiffy\/","title":{"rendered":"King Cock 8&#8243; &#8211; Dildo Vibrador Stiffy"},"content":{"rendered":"<p>\u00a1Cuando buscas una vibra realista que siempre est\u00e9 lista para la acci\u00f3n, King Cock\u00ae Vibrating Stiffy es la elecci\u00f3n perfecta para una m\u00e1xima satisfacci\u00f3n!<br \/>\nEste consolador realista cuenta con un potente vibrador de varias velocidades que brinda emociones alucinantes. \u00a1Se siente incluso mejor que la cosa real!<\/p>\n<p>Pru\u00e9balo en la ducha o spa y convierte la hora del ba\u00f1o en un momento de placer.<\/p>\n<p>Caracteristicas:<br \/>\n&#8211; Dildo Realista y venoso<br \/>\n&#8211; Vibracion de varias velocidades controlado por un dial en la base<br \/>\n&#8211; Resistente a la ducha para utilizar en la ducha o ba\u00f1era<br \/>\n&#8211; Fuente de Alimentacion: 2 baterias tipo C<\/p>\n<p>Dimensiones:<br \/>\n&#8211; Longitud: 9,5 in (24 cms)<br \/>\n&#8211; Longitud insertable: 8 in (20,33 cms)<br \/>\n&#8211; Diametro: 2,3 in (5,8 cms)<\/p>\n","protected":false},"excerpt":{"rendered":"<p>\u00a1Cuando buscas una vibra realista que siempre est\u00e9 lista para la acci\u00f3n, King Cock\u00ae Vibrating Stiffy es la elecci\u00f3n perfecta para una m\u00e1xima satisfacci\u00f3n! Este consolador realista cuenta con un potente vibrador de varias velocidades que brinda emociones alucinantes. \u00a1Se siente incluso mejor que la cosa real! Pru\u00e9balo en la ducha o spa y convierte&#8230;<\/p>\n","protected":false},"featured_media":100000290,"comment_status":"open","ping_status":"closed","template":"","meta":{"_kad_post_transparent":"default","_kad_post_title":"","_kad_post_layout":"default","_kad_post_sidebar_id":"","_kad_post_content_style":"default","_kad_post_vertical_padding":"default","_kad_post_feature":"","_kad_post_feature_position":"","_kad_post_header":false,"_kad_post_footer":false,"_joinchat":[]},"product_brand":[],"product_cat":[25,28,24],"product_tag":[],"class_list":{"0":"post-667","1":"product","2":"type-product","3":"status-publish","4":"has-post-thumbnail","6":"product_cat-dildos","7":"product_cat-juguetebateria","8":"product_cat-juguetes-sexuales","10":"first","11":"outofstock","12":"shipping-taxable","13":"product-type-variable","14":"entry","15":"content-bg","16":"loop-entry"},"_links":{"self":[{"href":"https:\/\/lenceria69.com\/hn\/wp-json\/wp\/v2\/product\/667","targetHints":{"allow":["GET"]}}],"collection":[{"href":"https:\/\/lenceria69.com\/hn\/wp-json\/wp\/v2\/product"}],"about":[{"href":"https:\/\/lenceria69.com\/hn\/wp-json\/wp\/v2\/types\/product"}],"replies":[{"embeddable":true,"href":"https:\/\/lenceria69.com\/hn\/wp-json\/wp\/v2\/comments?post=667"}],"version-history":[{"count":1,"href":"https:\/\/lenceria69.com\/hn\/wp-json\/wp\/v2\/product\/667\/revisions"}],"predecessor-version":[{"id":1164,"href":"https:\/\/lenceria69.com\/hn\/wp-json\/wp\/v2\/product\/667\/revisions\/1164"}],"wp:featuredmedia":[{"embeddable":true,"href":"https:\/\/lenceria69.com\/hn\/wp-json\/"}],"wp:attachment":[{"href":"https:\/\/lenceria69.com\/hn\/wp-json\/wp\/v2\/media?parent=667"}],"wp:term":[{"taxonomy":"product_brand","embeddable":true,"href":"https:\/\/lenceria69.com\/hn\/wp-json\/wp\/v2\/product_brand?post=667"},{"taxonomy":"product_cat","embeddable":true,"href":"https:\/\/lenceria69.com\/hn\/wp-json\/wp\/v2\/product_cat?post=667"},{"taxonomy":"product_tag","embeddable":true,"href":"https:\/\/lenceria69.com\/hn\/wp-json\/wp\/v2\/product_tag?post=667"}],"curies":[{"name":"wp","href":"https:\/\/api.w.org\/{rel}","templated":true}]}}