{"id":650,"date":"2023-03-30T18:22:30","date_gmt":"2023-03-31T00:22:30","guid":{"rendered":"http:\/\/lenceria69.com\/hn\/?post_type=product&#038;p=650"},"modified":"2026-04-19T20:37:05","modified_gmt":"2026-04-20T02:37:05","slug":"pd4425-00","status":"publish","type":"product","link":"https:\/\/lenceria69.com\/hn\/producto\/pd4425-00\/","title":{"rendered":"Bolas Chinas Edicion Limitada: Fetish Ben-Wa Ball"},"content":{"rendered":"<p>Descripci\u00f3n:\u00a0Las bolas chinas contienen otras peque\u00f1as bolitas en su interior que se mueven para estimular las paredes de la vagina.\u00a0Estas bolas, conocidas como \u201cben wa\u201d y fabricadas en metal o marfil, ya se vend\u00edan en los sex shops y tiendas de regalos orientales desde mediados del siglo XX y eran utilizadas por las mujeres de la antigua Asia, Tailandia o Jap\u00f3n para alcanzar el orgasmo.<\/p>\n<p>Funci\u00f3n:\u00a0Fortalecer los m\u00fasculos del suelo p\u00e9lvico tambi\u00e9n resulta fundamental para garantizar unas buenas relaciones sexuales, ya que la falta de tono os hace perder sensibilidad durante la penetraci\u00f3n. Tonificar tu perin\u00e9 te facilitar\u00e1 la posibilidad de tener orgasmos m\u00e1s regulares e intensos: cuanto m\u00e1s controles los m\u00fasculos vaginales, m\u00e1s elevado ser\u00e1 el placer durante las relaciones sexuales tambi\u00e9n para \u00e9l.<\/p>\n<p>Material: Metal<br \/>\nPeso: 2 onzas<\/p>\n","protected":false},"excerpt":{"rendered":"<p>PD4425-00<\/p>\n","protected":false},"featured_media":1000001673,"comment_status":"open","ping_status":"closed","template":"","meta":{"_kad_post_transparent":"default","_kad_post_title":"","_kad_post_layout":"default","_kad_post_sidebar_id":"","_kad_post_content_style":"default","_kad_post_vertical_padding":"default","_kad_post_feature":"","_kad_post_feature_position":"","_kad_post_header":false,"_kad_post_footer":false,"_joinchat":[]},"product_brand":[],"product_cat":[24],"product_tag":[],"class_list":{"0":"post-650","1":"product","2":"type-product","3":"status-publish","4":"has-post-thumbnail","6":"product_cat-juguetes-sexuales","8":"first","9":"outofstock","10":"shipping-taxable","11":"product-type-variable","12":"entry","13":"content-bg","14":"loop-entry"},"_links":{"self":[{"href":"https:\/\/lenceria69.com\/hn\/wp-json\/wp\/v2\/product\/650","targetHints":{"allow":["GET"]}}],"collection":[{"href":"https:\/\/lenceria69.com\/hn\/wp-json\/wp\/v2\/product"}],"about":[{"href":"https:\/\/lenceria69.com\/hn\/wp-json\/wp\/v2\/types\/product"}],"replies":[{"embeddable":true,"href":"https:\/\/lenceria69.com\/hn\/wp-json\/wp\/v2\/comments?post=650"}],"version-history":[{"count":5,"href":"https:\/\/lenceria69.com\/hn\/wp-json\/wp\/v2\/product\/650\/revisions"}],"predecessor-version":[{"id":10616,"href":"https:\/\/lenceria69.com\/hn\/wp-json\/wp\/v2\/product\/650\/revisions\/10616"}],"wp:featuredmedia":[{"embeddable":true,"href":"https:\/\/lenceria69.com\/hn\/wp-json\/"}],"wp:attachment":[{"href":"https:\/\/lenceria69.com\/hn\/wp-json\/wp\/v2\/media?parent=650"}],"wp:term":[{"taxonomy":"product_brand","embeddable":true,"href":"https:\/\/lenceria69.com\/hn\/wp-json\/wp\/v2\/product_brand?post=650"},{"taxonomy":"product_cat","embeddable":true,"href":"https:\/\/lenceria69.com\/hn\/wp-json\/wp\/v2\/product_cat?post=650"},{"taxonomy":"product_tag","embeddable":true,"href":"https:\/\/lenceria69.com\/hn\/wp-json\/wp\/v2\/product_tag?post=650"}],"curies":[{"name":"wp","href":"https:\/\/api.w.org\/{rel}","templated":true}]}}