{"id":6338,"date":"2025-08-27T08:00:49","date_gmt":"2025-08-27T14:00:49","guid":{"rendered":"https:\/\/lenceria69.com\/hn\/?post_type=product&#038;p=6338"},"modified":"2025-09-08T09:43:54","modified_gmt":"2025-09-08T15:43:54","slug":"p69007","status":"publish","type":"product","link":"https:\/\/lenceria69.com\/hn\/producto\/p69007\/","title":{"rendered":"Sensual Conjunto Dos Piezas"},"content":{"rendered":"<p>Aqu\u00ed tenemos el conjunto que estabas esperando para que tu pareja no te quite los ojos de encima, un bello Conjunto de dos piezas con detalles de encaje semitraslucido que deja volar a la imaginaci\u00f3n, har\u00e1 que tu pareja solo tenga ojos para ti y para nadie m\u00e1s.<\/p>\n","protected":false},"excerpt":{"rendered":"<p>P69-007<\/p>\n","protected":false},"featured_media":6339,"comment_status":"open","ping_status":"closed","template":"","meta":{"_kad_post_transparent":"default","_kad_post_title":"","_kad_post_layout":"default","_kad_post_sidebar_id":"","_kad_post_content_style":"default","_kad_post_vertical_padding":"default","_kad_post_feature":"","_kad_post_feature_position":"","_kad_post_header":false,"_kad_post_footer":false,"_joinchat":[]},"product_brand":[],"product_cat":[32,136,37],"product_tag":[],"class_list":{"0":"post-6338","1":"product","2":"type-product","3":"status-publish","4":"has-post-thumbnail","6":"product_cat-lenceria","7":"product_cat-new-arrive","8":"product_cat-unitalla","10":"first","11":"outofstock","12":"shipping-taxable","13":"product-type-variable","14":"entry","15":"content-bg","16":"loop-entry"},"_links":{"self":[{"href":"https:\/\/lenceria69.com\/hn\/wp-json\/wp\/v2\/product\/6338","targetHints":{"allow":["GET"]}}],"collection":[{"href":"https:\/\/lenceria69.com\/hn\/wp-json\/wp\/v2\/product"}],"about":[{"href":"https:\/\/lenceria69.com\/hn\/wp-json\/wp\/v2\/types\/product"}],"replies":[{"embeddable":true,"href":"https:\/\/lenceria69.com\/hn\/wp-json\/wp\/v2\/comments?post=6338"}],"version-history":[{"count":3,"href":"https:\/\/lenceria69.com\/hn\/wp-json\/wp\/v2\/product\/6338\/revisions"}],"predecessor-version":[{"id":11333,"href":"https:\/\/lenceria69.com\/hn\/wp-json\/wp\/v2\/product\/6338\/revisions\/11333"}],"wp:featuredmedia":[{"embeddable":true,"href":"https:\/\/lenceria69.com\/hn\/wp-json\/wp\/v2\/media\/6339"}],"wp:attachment":[{"href":"https:\/\/lenceria69.com\/hn\/wp-json\/wp\/v2\/media?parent=6338"}],"wp:term":[{"taxonomy":"product_brand","embeddable":true,"href":"https:\/\/lenceria69.com\/hn\/wp-json\/wp\/v2\/product_brand?post=6338"},{"taxonomy":"product_cat","embeddable":true,"href":"https:\/\/lenceria69.com\/hn\/wp-json\/wp\/v2\/product_cat?post=6338"},{"taxonomy":"product_tag","embeddable":true,"href":"https:\/\/lenceria69.com\/hn\/wp-json\/wp\/v2\/product_tag?post=6338"}],"curies":[{"name":"wp","href":"https:\/\/api.w.org\/{rel}","templated":true}]}}