{"id":619,"date":"2026-02-26T00:15:21","date_gmt":"2026-02-26T06:15:21","guid":{"rendered":"http:\/\/lenceria69.com\/hn\/?post_type=product&#038;p=619"},"modified":"2026-04-07T09:18:04","modified_gmt":"2026-04-07T15:18:04","slug":"pd5501-21","status":"publish","type":"product","link":"https:\/\/lenceria69.com\/hn\/producto\/pd5501-21\/","title":{"rendered":"King Cock 6&#8243; &#8211; Dildo con Ventosa"},"content":{"rendered":"<p><span style=\"font-weight: 400;\">Si buscas una experiencia realista, intensa y satisfactoria, el <\/span><b>King Cock 6\u201d<\/b><span style=\"font-weight: 400;\"> es el complemento perfecto para tus momentos de placer. Dise\u00f1ado para brindar una sensaci\u00f3n aut\u00e9ntica, este consolador captura hasta el m\u00e1s m\u00ednimo detalle, desde las venas hasta la textura del eje, para que disfrutes de una estimulaci\u00f3n lo m\u00e1s natural posible.<\/span><\/p>\n<p><b>Fabricado con materiales de alta calidad<\/b><span style=\"font-weight: 400;\">, el <\/span><b>King Cock 6\u201d<\/b><span style=\"font-weight: 400;\"> es suave al tacto, pero lo suficientemente firme para proporcionar una penetraci\u00f3n placentera. Su tama\u00f1o de <\/span><b>15.2 cm de longitud<\/b><span style=\"font-weight: 400;\"> y <\/span><b>4.1 cm de ancho<\/b><span style=\"font-weight: 400;\"> lo hace ideal para quienes buscan un juguete de tama\u00f1o medio con una textura realista.<\/span><\/p>\n<p><span style=\"font-weight: 400;\">Una de sus caracter\u00edsticas m\u00e1s destacadas es su <\/span><b>potente base de ventosa<\/b><span style=\"font-weight: 400;\">, que permite adherirlo a casi cualquier superficie plana para un uso manos libres. Esto lo hace perfecto para jugar en la ducha, en la pared, en el suelo o cualquier otra \u00e1rea donde quieras experimentar diferentes posiciones sin necesidad de sostenerlo.<\/span><\/p>\n<p><span style=\"font-weight: 400;\">Adem\u00e1s, es <\/span><b>compatible con arneses<\/b><span style=\"font-weight: 400;\">, lo que lo convierte en una excelente opci\u00f3n para el juego en pareja o para quienes desean usarlo en un strap-on.<\/span><\/p>\n<p><span style=\"font-weight: 400;\">El <\/span><b>King Cock 6\u201d<\/b><span style=\"font-weight: 400;\"> es f\u00e1cil de limpiar, gracias a su superficie no porosa. Se recomienda usarlo con lubricantes a base de agua para un deslizamiento suave y seguro.<\/span><\/p>\n<p><span style=\"font-weight: 400;\">Si buscas un consolador vers\u00e1til, realista y de alta calidad, el <\/span><b>King Cock 6\u201d<\/b><span style=\"font-weight: 400;\"> es una elecci\u00f3n excepcional que elevar\u00e1 tu placer a un nivel completamente nuevo.<\/span><\/p>\n<p><strong>Dimensiones:<\/strong><br \/>\n&#8211; Longitud: 6 \u00ab(15,2 cm)<br \/>\n&#8211; Ancho: 1,6 \u00ab(4,1 cm)<\/p>\n","protected":false},"excerpt":{"rendered":"<p><span style=\"font-weight: 400;\">King Cock 6\u201d es un consolador realista dise\u00f1ado para ofrecer una experiencia aut\u00e9ntica y satisfactoria. Cada detalle, desde sus venas hasta su textura, ha sido cuidadosamente elaborado para maximizar el placer. Su potente base de ventosa permite su uso con manos libres en cualquier superficie plana y es compatible con arneses. Fabricado con materiales seguros para el cuerpo, tiene una longitud de 15.2 cm y un ancho de 4.1 cm, perfecto tanto para principiantes como para quienes buscan una sensaci\u00f3n m\u00e1s intensa. Flexible pero firme, es ideal para el juego en solitario o en pareja.<\/span><\/p>\n","protected":false},"featured_media":1000001458,"comment_status":"open","ping_status":"closed","template":"","meta":{"_kad_post_transparent":"default","_kad_post_title":"","_kad_post_layout":"default","_kad_post_sidebar_id":"","_kad_post_content_style":"default","_kad_post_vertical_padding":"default","_kad_post_feature":"","_kad_post_feature_position":"","_kad_post_header":false,"_kad_post_footer":false,"_joinchat":[]},"product_brand":[],"product_cat":[25,29,24],"product_tag":[],"class_list":{"0":"post-619","1":"product","2":"type-product","3":"status-publish","4":"has-post-thumbnail","6":"product_cat-dildos","7":"product_cat-juguetesventosa","8":"product_cat-juguetes-sexuales","10":"first","11":"instock","12":"shipping-taxable","13":"purchasable","14":"product-type-variable","15":"has-default-attributes","16":"entry","17":"content-bg","18":"loop-entry"},"_links":{"self":[{"href":"https:\/\/lenceria69.com\/hn\/wp-json\/wp\/v2\/product\/619","targetHints":{"allow":["GET"]}}],"collection":[{"href":"https:\/\/lenceria69.com\/hn\/wp-json\/wp\/v2\/product"}],"about":[{"href":"https:\/\/lenceria69.com\/hn\/wp-json\/wp\/v2\/types\/product"}],"replies":[{"embeddable":true,"href":"https:\/\/lenceria69.com\/hn\/wp-json\/wp\/v2\/comments?post=619"}],"version-history":[{"count":6,"href":"https:\/\/lenceria69.com\/hn\/wp-json\/wp\/v2\/product\/619\/revisions"}],"predecessor-version":[{"id":11270,"href":"https:\/\/lenceria69.com\/hn\/wp-json\/wp\/v2\/product\/619\/revisions\/11270"}],"wp:featuredmedia":[{"embeddable":true,"href":"https:\/\/lenceria69.com\/hn\/wp-json\/"}],"wp:attachment":[{"href":"https:\/\/lenceria69.com\/hn\/wp-json\/wp\/v2\/media?parent=619"}],"wp:term":[{"taxonomy":"product_brand","embeddable":true,"href":"https:\/\/lenceria69.com\/hn\/wp-json\/wp\/v2\/product_brand?post=619"},{"taxonomy":"product_cat","embeddable":true,"href":"https:\/\/lenceria69.com\/hn\/wp-json\/wp\/v2\/product_cat?post=619"},{"taxonomy":"product_tag","embeddable":true,"href":"https:\/\/lenceria69.com\/hn\/wp-json\/wp\/v2\/product_tag?post=619"}],"curies":[{"name":"wp","href":"https:\/\/api.w.org\/{rel}","templated":true}]}}