{"id":618,"date":"2023-03-30T15:45:32","date_gmt":"2023-03-30T21:45:32","guid":{"rendered":"http:\/\/lenceria69.com\/hn\/?post_type=product&#038;p=618"},"modified":"2025-09-05T00:08:19","modified_gmt":"2025-09-05T06:08:19","slug":"pd5407-21","status":"publish","type":"product","link":"https:\/\/lenceria69.com\/hn\/producto\/pd5407-21\/","title":{"rendered":"King Cock 8&#8243; &#8211; Dildo Vibrador con Bolas"},"content":{"rendered":"<p>\u00bfQuieres que tu primer vibrador se vea y se sienta como el semental duro como una roca con el que siempre has fantaseado? \u00a1Deja de so\u00f1ar y baja con el Rey!<\/p>\n<p>Cada vena, cada eje y cada cabeza est\u00e1n hechos a mano con exquisito detalle para brindarle la experiencia m\u00e1s realista jam\u00e1s imaginada. Con una columna vertebral articulada, simplemente doble la polla a su forma favorita para golpear el lugar correcto cada vez. Aumenta el placer con un simple giro del dial de varias velocidades para obtener vibraciones ultrapotentes que te dejar\u00e1n boquiabierto. \u00a1Incluso puede llevar este ambiente a prueba de agua a la ducha, al jacuzzi o al spa y convertir la hora del ba\u00f1o en tiempo de juego!<\/p>\n<p>La base de ventosa s\u00faper fuerte se adhiere a casi cualquier superficie lisa y plana y ofrece compatibilidad con arneses para divertirse con correas. P\u00e9guelo al piso, pared, azulejo o pilar de la cama y permanecer\u00e1 seguro en su lugar. Utilice siempre la leng\u00fceta de liberaci\u00f3n para retirar la ventosa despu\u00e9s de su uso. La ventosa se puede quitar del vibrador simplemente desenrosc\u00e1ndola de la base para facilitar el manejo durante el juego manual.<\/p>\n<p>Caracteristicas:<br \/>\n&#8211; Multi velocidad<br \/>\n&#8211; Impermeable<br \/>\n&#8211; Potente base de succi\u00f3n<br \/>\n&#8211; Compatible con correas<br \/>\n&#8211; Incluye copa de succion para pegar en cualquier superficie plana<br \/>\n&#8211; Utiliza (3) Baterias AAA<\/p>\n<p>Dimensiones:<br \/>\nLongitud: 8 pulg (20,32 cm)<br \/>\nLongitud insertable: 5,7 pulg. (14,6 cm)<br \/>\nDi\u00e1metro: 2 pulg. (5,2 cm)<\/p>\n","protected":false},"excerpt":{"rendered":"<p>\u00bfQuieres que tu primer vibrador se vea y se sienta como el semental duro como una roca con el que siempre has fantaseado? \u00a1Deja de so\u00f1ar y baja con el Rey! Cada vena, cada eje y cada cabeza est\u00e1n hechos a mano con exquisito detalle para brindarle la experiencia m\u00e1s realista jam\u00e1s imaginada. Con una&#8230;<\/p>\n","protected":false},"featured_media":1000001440,"comment_status":"open","ping_status":"closed","template":"","meta":{"_kad_post_transparent":"default","_kad_post_title":"","_kad_post_layout":"default","_kad_post_sidebar_id":"","_kad_post_content_style":"default","_kad_post_vertical_padding":"default","_kad_post_feature":"","_kad_post_feature_position":"","_kad_post_header":false,"_kad_post_footer":false,"_joinchat":[]},"product_brand":[],"product_cat":[25,28,29,24],"product_tag":[],"class_list":{"0":"post-618","1":"product","2":"type-product","3":"status-publish","4":"has-post-thumbnail","6":"product_cat-dildos","7":"product_cat-juguetebateria","8":"product_cat-juguetesventosa","9":"product_cat-juguetes-sexuales","11":"first","12":"outofstock","13":"shipping-taxable","14":"product-type-variable","15":"entry","16":"content-bg","17":"loop-entry"},"_links":{"self":[{"href":"https:\/\/lenceria69.com\/hn\/wp-json\/wp\/v2\/product\/618","targetHints":{"allow":["GET"]}}],"collection":[{"href":"https:\/\/lenceria69.com\/hn\/wp-json\/wp\/v2\/product"}],"about":[{"href":"https:\/\/lenceria69.com\/hn\/wp-json\/wp\/v2\/types\/product"}],"replies":[{"embeddable":true,"href":"https:\/\/lenceria69.com\/hn\/wp-json\/wp\/v2\/comments?post=618"}],"version-history":[{"count":3,"href":"https:\/\/lenceria69.com\/hn\/wp-json\/wp\/v2\/product\/618\/revisions"}],"predecessor-version":[{"id":10107,"href":"https:\/\/lenceria69.com\/hn\/wp-json\/wp\/v2\/product\/618\/revisions\/10107"}],"wp:featuredmedia":[{"embeddable":true,"href":"https:\/\/lenceria69.com\/hn\/wp-json\/"}],"wp:attachment":[{"href":"https:\/\/lenceria69.com\/hn\/wp-json\/wp\/v2\/media?parent=618"}],"wp:term":[{"taxonomy":"product_brand","embeddable":true,"href":"https:\/\/lenceria69.com\/hn\/wp-json\/wp\/v2\/product_brand?post=618"},{"taxonomy":"product_cat","embeddable":true,"href":"https:\/\/lenceria69.com\/hn\/wp-json\/wp\/v2\/product_cat?post=618"},{"taxonomy":"product_tag","embeddable":true,"href":"https:\/\/lenceria69.com\/hn\/wp-json\/wp\/v2\/product_tag?post=618"}],"curies":[{"name":"wp","href":"https:\/\/api.w.org\/{rel}","templated":true}]}}