{"id":612,"date":"2023-03-30T15:37:28","date_gmt":"2023-03-30T21:37:28","guid":{"rendered":"http:\/\/lenceria69.com\/hn\/?post_type=product&#038;p=612"},"modified":"2024-08-18T19:22:56","modified_gmt":"2024-08-19T01:22:56","slug":"labialvibrador","status":"publish","type":"product","link":"https:\/\/lenceria69.com\/hn\/producto\/labialvibrador\/","title":{"rendered":"Lipstick Vib \u2013 Vibrador En Forma de Lapiz Labial"},"content":{"rendered":"<p>Si quieres ser discreta este vibrador es perfecto para ti debido a su forma y tama\u00f1o, aqui tienes un bonito l\u00e1piz labial realista que ademas es un vibrador de buena calidad, con un rendimiento s\u00f3lido y satisfactorio, f\u00e1cil de usar y ocultar!<\/p>\n<p>De ahora en adelante cualquier lugar y cualquier momento es perfecto para que juegues un poco y que mejor manera de disimular tu nuevo vibrador que simular que te coloreas los labios y lo puedes esconder en tu bolso sin que nadie se de cuenta.<\/p>\n<p>Caracteristicas:<br \/>\n&#8211; Estimulador de Clitoris\/ Vagina<br \/>\n&#8211; Vibrador tipo Bala<br \/>\n&#8211; Colores: Negro, Rojo<br \/>\n&#8211; Resistente al agua<br \/>\n&#8211; Fuente de Alimentacion: (1) Bateria AAA<\/p>\n<p>Dimensiones:<br \/>\n&#8211; Longitud: 3,5 in (9 cms)<br \/>\n&#8211; diametro: 0,90 in (2,3 cms)<br \/>\n&#8211; Longitud de cabeza vibradora: 0,66 in (1,7 cms)<\/p>\n","protected":false},"excerpt":{"rendered":"<p>Si quieres ser discreta este vibrador es perfecto para ti debido a su forma y tama\u00f1o, aqui tienes un bonito l\u00e1piz labial realista que ademas es un vibrador de buena calidad, con un rendimiento s\u00f3lido y satisfactorio, f\u00e1cil de usar y ocultar! De ahora en adelante cualquier lugar y cualquier momento es perfecto para que&#8230;<\/p>\n","protected":false},"featured_media":10000092,"comment_status":"open","ping_status":"closed","template":"","meta":{"_kad_post_transparent":"default","_kad_post_title":"","_kad_post_layout":"default","_kad_post_sidebar_id":"","_kad_post_content_style":"default","_kad_post_vertical_padding":"default","_kad_post_feature":"","_kad_post_feature_position":"","_kad_post_header":false,"_kad_post_footer":false,"_joinchat":[]},"product_brand":[],"product_cat":[28,24],"product_tag":[],"class_list":{"0":"post-612","1":"product","2":"type-product","3":"status-publish","4":"has-post-thumbnail","6":"product_cat-juguetebateria","7":"product_cat-juguetes-sexuales","9":"first","10":"outofstock","11":"shipping-taxable","12":"purchasable","13":"product-type-simple","14":"entry","15":"content-bg","16":"loop-entry"},"_links":{"self":[{"href":"https:\/\/lenceria69.com\/hn\/wp-json\/wp\/v2\/product\/612","targetHints":{"allow":["GET"]}}],"collection":[{"href":"https:\/\/lenceria69.com\/hn\/wp-json\/wp\/v2\/product"}],"about":[{"href":"https:\/\/lenceria69.com\/hn\/wp-json\/wp\/v2\/types\/product"}],"replies":[{"embeddable":true,"href":"https:\/\/lenceria69.com\/hn\/wp-json\/wp\/v2\/comments?post=612"}],"version-history":[{"count":2,"href":"https:\/\/lenceria69.com\/hn\/wp-json\/wp\/v2\/product\/612\/revisions"}],"predecessor-version":[{"id":6071,"href":"https:\/\/lenceria69.com\/hn\/wp-json\/wp\/v2\/product\/612\/revisions\/6071"}],"wp:featuredmedia":[{"embeddable":true,"href":"https:\/\/lenceria69.com\/hn\/wp-json\/"}],"wp:attachment":[{"href":"https:\/\/lenceria69.com\/hn\/wp-json\/wp\/v2\/media?parent=612"}],"wp:term":[{"taxonomy":"product_brand","embeddable":true,"href":"https:\/\/lenceria69.com\/hn\/wp-json\/wp\/v2\/product_brand?post=612"},{"taxonomy":"product_cat","embeddable":true,"href":"https:\/\/lenceria69.com\/hn\/wp-json\/wp\/v2\/product_cat?post=612"},{"taxonomy":"product_tag","embeddable":true,"href":"https:\/\/lenceria69.com\/hn\/wp-json\/wp\/v2\/product_tag?post=612"}],"curies":[{"name":"wp","href":"https:\/\/api.w.org\/{rel}","templated":true}]}}